{"id":85933,"date":"2023-09-15T08:23:41","date_gmt":"2023-09-15T07:23:41","guid":{"rendered":"https:\/\/tiendapadel5.com\/?post_type=product&#038;p=85933"},"modified":"2026-03-11T17:15:23","modified_gmt":"2026-03-11T16:15:23","slug":"pantalon-bullpadel-neme-negro","status":"publish","type":"product","link":"https:\/\/tiendapadel5.com\/pt-pt\/pantalon-bullpadel-neme-negro\/","title":{"rendered":"Pantal\u00f3n Bullpadel Neme Negro"},"content":{"rendered":"<h2>Caracter\u00edsticas Pantal\u00f3n Bullpadel Neme Negro<\/h2>\n<p>Pantal\u00f3n largo de hombre.<\/p>\n<p>L\u00ednea Winter.<\/p>\n<p>Color: Negro<\/p>\n<p>Composici\u00f3n: 100% poli\u00e9ster. Fleece<\/p>\n","protected":false},"excerpt":{"rendered":"<p>Pantal\u00f3n Bullpadel Neme Negro, bajo recto con cremallera y bolsillos laterales tambi\u00e9n con cremallera.<\/p>\n","protected":false},"featured_media":85977,"comment_status":"open","ping_status":"closed","template":"","meta":{"_joinchat":[]},"pwb-brand":[31],"product_brand":[],"product_cat":[6130,6132,6134,21,447,46],"product_tag":[319,669,5696,401],"class_list":{"0":"post-85933","1":"product","2":"type-product","3":"status-publish","4":"has-post-thumbnail","6":"pwb-brand-bullpadel","7":"product_cat-black-friday-padel","8":"product_cat-ropa","9":"product_cat-cyber-monday-padel","10":"product_cat-ropa-padel","11":"product_cat-ropa-bullpadel","12":"product_cat-hombre","13":"product_tag-bullpadel","14":"product_tag-negro","15":"product_tag-neme","16":"product_tag-pantalon","17":"pa_talla-l","18":"pa_talla-m","19":"pa_talla-s","20":"pa_talla-xl","22":"first","23":"instock","24":"sale","25":"taxable","26":"shipping-taxable","27":"purchasable","28":"product-type-variable"},"brands":[{"id":31,"name":"Bullpadel","slug":"bullpadel"}],"_links":{"self":[{"href":"https:\/\/tiendapadel5.com\/pt-pt\/wp-json\/wp\/v2\/product\/85933","targetHints":{"allow":["GET"]}}],"collection":[{"href":"https:\/\/tiendapadel5.com\/pt-pt\/wp-json\/wp\/v2\/product"}],"about":[{"href":"https:\/\/tiendapadel5.com\/pt-pt\/wp-json\/wp\/v2\/types\/product"}],"replies":[{"embeddable":true,"href":"https:\/\/tiendapadel5.com\/pt-pt\/wp-json\/wp\/v2\/comments?post=85933"}],"version-history":[{"count":1,"href":"https:\/\/tiendapadel5.com\/pt-pt\/wp-json\/wp\/v2\/product\/85933\/revisions"}],"predecessor-version":[{"id":255961,"href":"https:\/\/tiendapadel5.com\/pt-pt\/wp-json\/wp\/v2\/product\/85933\/revisions\/255961"}],"wp:featuredmedia":[{"embeddable":true,"href":"https:\/\/tiendapadel5.com\/pt-pt\/wp-json\/wp\/v2\/media\/85977"}],"wp:attachment":[{"href":"https:\/\/tiendapadel5.com\/pt-pt\/wp-json\/wp\/v2\/media?parent=85933"}],"wp:term":[{"taxonomy":"pwb-brand","embeddable":true,"href":"https:\/\/tiendapadel5.com\/pt-pt\/wp-json\/wp\/v2\/pwb-brand?post=85933"},{"taxonomy":"product_brand","embeddable":true,"href":"https:\/\/tiendapadel5.com\/pt-pt\/wp-json\/wp\/v2\/product_brand?post=85933"},{"taxonomy":"product_cat","embeddable":true,"href":"https:\/\/tiendapadel5.com\/pt-pt\/wp-json\/wp\/v2\/product_cat?post=85933"},{"taxonomy":"product_tag","embeddable":true,"href":"https:\/\/tiendapadel5.com\/pt-pt\/wp-json\/wp\/v2\/product_tag?post=85933"}],"curies":[{"name":"wp","href":"https:\/\/api.w.org\/{rel}","templated":true}]}}