{"id":84327,"date":"2023-09-06T10:27:40","date_gmt":"2023-09-06T09:27:40","guid":{"rendered":"https:\/\/tiendapadel5.com\/?post_type=product&#038;p=84327"},"modified":"2026-03-11T17:26:49","modified_gmt":"2026-03-11T16:26:49","slug":"sudadera-bullpadel-nocla-hueso","status":"publish","type":"product","link":"https:\/\/tiendapadel5.com\/pt-pt\/sudadera-bullpadel-nocla-hueso\/","title":{"rendered":"Sudadera Bullpadel Nocla Hueso"},"content":{"rendered":"<h2>Caracter\u00edsticas Sudadera Nocla Hueso<\/h2>\n<p>Sudadera de hombre con capucha de la l\u00ednea Winter.<\/p>\n<p>Color: Hueso<\/p>\n<p>Composici\u00f3n: 95% poli\u00e9ster &#8211; 5% elast\u00e1n. Interlock backside brushed.<\/p>\n<p>Tejido t\u00e9cnico: Termal Flex<\/p>\n","protected":false},"excerpt":{"rendered":"<p>La Sudadera Bullpadel Nocla Hueso, ha sido dise\u00f1ada con capucha y bolsillos laterales.<\/p>\n","protected":false},"featured_media":84364,"comment_status":"open","ping_status":"closed","template":"","meta":{"_joinchat":[]},"pwb-brand":[31],"product_brand":[],"product_cat":[6130,6132,6134,21,447,46,105,5901],"product_tag":[319,5668,5667,517],"class_list":{"0":"post-84327","1":"product","2":"type-product","3":"status-publish","4":"has-post-thumbnail","6":"pwb-brand-bullpadel","7":"product_cat-black-friday-padel","8":"product_cat-ropa","9":"product_cat-cyber-monday-padel","10":"product_cat-ropa-padel","11":"product_cat-ropa-bullpadel","12":"product_cat-hombre","13":"product_cat-sudaderas","14":"product_cat-sudaderass","15":"product_tag-bullpadel","16":"product_tag-hueso","17":"product_tag-nocla","18":"product_tag-sudadera","19":"pa_color-hueso","20":"pa_genero-hombre","21":"pa_talla-l","22":"pa_talla-m","23":"pa_talla-s","24":"pa_talla-xl","26":"first","27":"instock","28":"sale","29":"taxable","30":"shipping-taxable","31":"purchasable","32":"product-type-variable"},"brands":[{"id":31,"name":"Bullpadel","slug":"bullpadel"}],"_links":{"self":[{"href":"https:\/\/tiendapadel5.com\/pt-pt\/wp-json\/wp\/v2\/product\/84327","targetHints":{"allow":["GET"]}}],"collection":[{"href":"https:\/\/tiendapadel5.com\/pt-pt\/wp-json\/wp\/v2\/product"}],"about":[{"href":"https:\/\/tiendapadel5.com\/pt-pt\/wp-json\/wp\/v2\/types\/product"}],"replies":[{"embeddable":true,"href":"https:\/\/tiendapadel5.com\/pt-pt\/wp-json\/wp\/v2\/comments?post=84327"}],"version-history":[{"count":1,"href":"https:\/\/tiendapadel5.com\/pt-pt\/wp-json\/wp\/v2\/product\/84327\/revisions"}],"predecessor-version":[{"id":255979,"href":"https:\/\/tiendapadel5.com\/pt-pt\/wp-json\/wp\/v2\/product\/84327\/revisions\/255979"}],"wp:featuredmedia":[{"embeddable":true,"href":"https:\/\/tiendapadel5.com\/pt-pt\/wp-json\/wp\/v2\/media\/84364"}],"wp:attachment":[{"href":"https:\/\/tiendapadel5.com\/pt-pt\/wp-json\/wp\/v2\/media?parent=84327"}],"wp:term":[{"taxonomy":"pwb-brand","embeddable":true,"href":"https:\/\/tiendapadel5.com\/pt-pt\/wp-json\/wp\/v2\/pwb-brand?post=84327"},{"taxonomy":"product_brand","embeddable":true,"href":"https:\/\/tiendapadel5.com\/pt-pt\/wp-json\/wp\/v2\/product_brand?post=84327"},{"taxonomy":"product_cat","embeddable":true,"href":"https:\/\/tiendapadel5.com\/pt-pt\/wp-json\/wp\/v2\/product_cat?post=84327"},{"taxonomy":"product_tag","embeddable":true,"href":"https:\/\/tiendapadel5.com\/pt-pt\/wp-json\/wp\/v2\/product_tag?post=84327"}],"curies":[{"name":"wp","href":"https:\/\/api.w.org\/{rel}","templated":true}]}}