{"id":4119,"date":"2020-12-02T16:15:40","date_gmt":"2020-12-02T15:15:40","guid":{"rendered":"https:\/\/tiendapadel5.com\/?post_type=product&#038;p=4119"},"modified":"2026-04-24T10:10:06","modified_gmt":"2026-04-24T08:10:06","slug":"hesacore-grip-blanco","status":"publish","type":"product","link":"https:\/\/tiendapadel5.com\/pt-pt\/hesacore-grip-blanco\/","title":{"rendered":"Hesacore Grip Blanco"},"content":{"rendered":"<div id=\"description\" class=\"tab-pane fade in active\">\n<div class=\"product-description\">\n<div>El nuevo Hesacore consiste en un grip innovador, su dise\u00f1o en panal crea mayor superficie de contacto entre la mano y el pu\u00f1o.<\/div>\n<div>Permite que los dedos reposen en las superficies c\u00f3ncavas, reduciendo de este modo el esfuerzo, la transmisi\u00f3n de vibraciones y las lesiones. Aporta mayor comodidad, m\u00e1s potencia y mayor control.<\/div>\n<\/div>\n<\/div>\n","protected":false},"excerpt":{"rendered":"<p>Grip innovador con forma de paneles que se adapta al mango de la pala.<br \/>\nM\u00e1s potencia, m\u00e1s control, mayor comodidad en tus manos.<br \/>\nMenos transmisi\u00f3n de vibraciones y por consiguiente menos lesiones.<br \/>\nPack de 1 unidad.<br \/>\nColor: Blanco.<\/p>\n","protected":false},"featured_media":4120,"comment_status":"open","ping_status":"closed","template":"","meta":{"_joinchat":[]},"pwb-brand":[31],"product_brand":[],"product_cat":[23,420,4403],"product_tag":[319,293,363,85],"class_list":{"0":"post-4119","1":"product","2":"type-product","3":"status-publish","4":"has-post-thumbnail","6":"pwb-brand-bullpadel","7":"product_cat-accesorios-de-padel","8":"product_cat-complementos-bullpadel","9":"product_cat-grips-overgrips","10":"product_tag-bullpadel","11":"product_tag-grip","12":"product_tag-hesacore","13":"product_tag-padel","15":"first","16":"outofstock","17":"sale","18":"taxable","19":"shipping-taxable","20":"purchasable","21":"product-type-simple"},"brands":[{"id":31,"name":"Bullpadel","slug":"bullpadel"}],"_links":{"self":[{"href":"https:\/\/tiendapadel5.com\/pt-pt\/wp-json\/wp\/v2\/product\/4119","targetHints":{"allow":["GET"]}}],"collection":[{"href":"https:\/\/tiendapadel5.com\/pt-pt\/wp-json\/wp\/v2\/product"}],"about":[{"href":"https:\/\/tiendapadel5.com\/pt-pt\/wp-json\/wp\/v2\/types\/product"}],"replies":[{"embeddable":true,"href":"https:\/\/tiendapadel5.com\/pt-pt\/wp-json\/wp\/v2\/comments?post=4119"}],"version-history":[{"count":0,"href":"https:\/\/tiendapadel5.com\/pt-pt\/wp-json\/wp\/v2\/product\/4119\/revisions"}],"wp:featuredmedia":[{"embeddable":true,"href":"https:\/\/tiendapadel5.com\/pt-pt\/wp-json\/wp\/v2\/media\/4120"}],"wp:attachment":[{"href":"https:\/\/tiendapadel5.com\/pt-pt\/wp-json\/wp\/v2\/media?parent=4119"}],"wp:term":[{"taxonomy":"pwb-brand","embeddable":true,"href":"https:\/\/tiendapadel5.com\/pt-pt\/wp-json\/wp\/v2\/pwb-brand?post=4119"},{"taxonomy":"product_brand","embeddable":true,"href":"https:\/\/tiendapadel5.com\/pt-pt\/wp-json\/wp\/v2\/product_brand?post=4119"},{"taxonomy":"product_cat","embeddable":true,"href":"https:\/\/tiendapadel5.com\/pt-pt\/wp-json\/wp\/v2\/product_cat?post=4119"},{"taxonomy":"product_tag","embeddable":true,"href":"https:\/\/tiendapadel5.com\/pt-pt\/wp-json\/wp\/v2\/product_tag?post=4119"}],"curies":[{"name":"wp","href":"https:\/\/api.w.org\/{rel}","templated":true}]}}