{"id":259791,"date":"2026-04-10T18:11:11","date_gmt":"2026-04-10T16:11:11","guid":{"rendered":"https:\/\/tiendapadel5.com\/?post_type=product&#038;p=259791"},"modified":"2026-04-12T18:10:15","modified_gmt":"2026-04-12T16:10:15","slug":"adidas-metalbone-ctrl-3-4","status":"publish","type":"product","link":"https:\/\/tiendapadel5.com\/pt-pt\/adidas-metalbone-ctrl-3-4\/","title":{"rendered":"Adidas Metalbone Ctrl 3.4"},"content":{"rendered":"<h2 class=\"zonadepadel\">Caracter\u00edsticas y tecnolog\u00edas de Pala de P\u00e1del Adidas Metalbone Control 3.4<\/h2>\n<ul>\n<li><strong>Weight &amp; Balance System:<\/strong>\u00a0Ajusta el peso y balance seg\u00fan tus preferencias, logrando una pala personalizada para tu juego.<\/li>\n<li><strong>Formato redondo:<\/strong>\u00a0Distribuci\u00f3n de peso cerca del grip para mayor control y precisi\u00f3n en golpes defensivos.<\/li>\n<li><strong>Low Poly Design:<\/strong>\u00a0Dise\u00f1o avanzado en el marco y coraz\u00f3n que aumenta la rigidez y mejora la respuesta.<\/li>\n<li><strong>Power Extra Grip:<\/strong>\u00a0Empu\u00f1adura m\u00e1s larga para golpes m\u00e1s precisos y una mayor maniobrabilidad.<\/li>\n<li><strong>Power Groove:<\/strong>\u00a0Ra\u00edl en el perfil que aporta rigidez estructural y control en el juego.<\/li>\n<li>Pertenece a la colecci\u00f3n de palas Adidas 2025.<\/li>\n<\/ul>\n","protected":false},"excerpt":{"rendered":"<div id=\"product-description-short-11553\" class=\"product-short-description\">Presentamos la nueva pala Adidas Metalbone Control 3.4, la pala perfecta para precisi\u00f3n y maniobrabilidad. Ajuste personalizado y tecnolog\u00eda avanzada!<\/div>\n<div class=\"product-actions\">\n<form id=\"add-to-cart-or-refresh\" action=\"https:\/\/www.zonadepadel.es\/carrito\" method=\"post\">\n<div class=\"product-additional-info\">\n<div class=\"ratingbox revi\"><\/div>\n<\/div>\n<\/form>\n<\/div>\n","protected":false},"featured_media":259792,"comment_status":"open","ping_status":"closed","template":"","meta":{"_joinchat":[]},"pwb-brand":[28],"product_brand":[],"product_cat":[406,19,11024],"product_tag":[9781,143,653,652,577],"class_list":{"0":"post-259791","1":"product","2":"type-product","3":"status-publish","4":"has-post-thumbnail","6":"pwb-brand-adidas-padel","7":"product_cat-adidas","8":"product_cat-palas-padel","9":"product_cat-palas-de-padel-2025","10":"product_tag-9781","11":"product_tag-adidas","12":"product_tag-ctrl","13":"product_tag-metalbone","14":"product_tag-pala","16":"first","17":"outofstock","18":"sale","19":"taxable","20":"shipping-taxable","21":"purchasable","22":"product-type-simple"},"brands":[{"id":28,"name":"Adidas Padel","slug":"adidas-padel"}],"_links":{"self":[{"href":"https:\/\/tiendapadel5.com\/pt-pt\/wp-json\/wp\/v2\/product\/259791","targetHints":{"allow":["GET"]}}],"collection":[{"href":"https:\/\/tiendapadel5.com\/pt-pt\/wp-json\/wp\/v2\/product"}],"about":[{"href":"https:\/\/tiendapadel5.com\/pt-pt\/wp-json\/wp\/v2\/types\/product"}],"replies":[{"embeddable":true,"href":"https:\/\/tiendapadel5.com\/pt-pt\/wp-json\/wp\/v2\/comments?post=259791"}],"version-history":[{"count":2,"href":"https:\/\/tiendapadel5.com\/pt-pt\/wp-json\/wp\/v2\/product\/259791\/revisions"}],"predecessor-version":[{"id":259814,"href":"https:\/\/tiendapadel5.com\/pt-pt\/wp-json\/wp\/v2\/product\/259791\/revisions\/259814"}],"wp:featuredmedia":[{"embeddable":true,"href":"https:\/\/tiendapadel5.com\/pt-pt\/wp-json\/wp\/v2\/media\/259792"}],"wp:attachment":[{"href":"https:\/\/tiendapadel5.com\/pt-pt\/wp-json\/wp\/v2\/media?parent=259791"}],"wp:term":[{"taxonomy":"pwb-brand","embeddable":true,"href":"https:\/\/tiendapadel5.com\/pt-pt\/wp-json\/wp\/v2\/pwb-brand?post=259791"},{"taxonomy":"product_brand","embeddable":true,"href":"https:\/\/tiendapadel5.com\/pt-pt\/wp-json\/wp\/v2\/product_brand?post=259791"},{"taxonomy":"product_cat","embeddable":true,"href":"https:\/\/tiendapadel5.com\/pt-pt\/wp-json\/wp\/v2\/product_cat?post=259791"},{"taxonomy":"product_tag","embeddable":true,"href":"https:\/\/tiendapadel5.com\/pt-pt\/wp-json\/wp\/v2\/product_tag?post=259791"}],"curies":[{"name":"wp","href":"https:\/\/api.w.org\/{rel}","templated":true}]}}