{"id":257821,"date":"2026-03-24T18:31:28","date_gmt":"2026-03-24T17:31:28","guid":{"rendered":"https:\/\/tiendapadel5.com\/?post_type=product&#038;p=257821"},"modified":"2026-03-27T10:02:45","modified_gmt":"2026-03-27T09:02:45","slug":"black-crown-piton-blue-2026","status":"publish","type":"product","link":"https:\/\/tiendapadel5.com\/pt-pt\/black-crown-piton-blue-2026\/","title":{"rendered":"Black Crown Piton Blue 2026"},"content":{"rendered":"<p>La\u00a0<strong>BLACK CROWN PITON BLUE 2026<\/strong>\u00a0ha sido fabricada en\u00a0<strong>fibra de carbono 3K<\/strong>, material muy s\u00f3lido y sobre todo duradero. Ofrece respuesta firme y r\u00edgida aumentando siempre la potencia en nuestros golpes. Adem\u00e1s, tambi\u00e9n incorpora el\u00a0<strong>refuerzo Low Density Piton Glass<\/strong>, que suaviza las sensaciones y hace aumentar la salida de bola.<\/p>\n<p>En el\u00a0<strong>n\u00facleo<\/strong>\u00a0incorpora<strong>\u00a0Goma Medium White EVA.\u00a0<\/strong>Esta goma es de tacto intermedio y con una alta salida de bola, ideal para jugadores defensivos que buscan pasar la bola con facilidad desde el fondo.<\/p>\n<p>En el apartado est\u00e9tico, esta pala cuenta con un sistema de rugoso\u00a0<strong>5D ExtraSpin<\/strong>\u00a0a\u00f1ade un plus en los golpes con efecto y que a su vez le da un dise\u00f1o Premium.<\/p>\n","protected":false},"excerpt":{"rendered":"<p>La<strong>\u00a0BLACK CROWN PITON BLUE 2026<\/strong>\u00a0es una pala de la m\u00edtica serie\u00a0<strong>PITON<\/strong>, la gama m\u00e1s ic\u00f3nica de la marca desde su salida. Este modelo de temporada 2026 nos ofrece gracias a su formato redondo un gran control y equilibrio, siendo una pala muy pero que muy completa.<\/p>\n","protected":false},"featured_media":257822,"comment_status":"open","ping_status":"closed","template":"","meta":{"_joinchat":[]},"pwb-brand":[30],"product_brand":[],"product_cat":[408,19,11134],"product_tag":[11132,203,530,204,577,201],"class_list":{"0":"post-257821","1":"product","2":"type-product","3":"status-publish","4":"has-post-thumbnail","6":"pwb-brand-black-crown","7":"product_cat-black-crown","8":"product_cat-palas-padel","9":"product_cat-11134","10":"product_tag-11132","11":"product_tag-black","12":"product_tag-blue","13":"product_tag-crown","14":"product_tag-pala","15":"product_tag-piton","17":"first","18":"instock","19":"sale","20":"taxable","21":"shipping-taxable","22":"purchasable","23":"product-type-simple"},"brands":[{"id":30,"name":"Black Crown","slug":"black-crown"}],"_links":{"self":[{"href":"https:\/\/tiendapadel5.com\/pt-pt\/wp-json\/wp\/v2\/product\/257821","targetHints":{"allow":["GET"]}}],"collection":[{"href":"https:\/\/tiendapadel5.com\/pt-pt\/wp-json\/wp\/v2\/product"}],"about":[{"href":"https:\/\/tiendapadel5.com\/pt-pt\/wp-json\/wp\/v2\/types\/product"}],"replies":[{"embeddable":true,"href":"https:\/\/tiendapadel5.com\/pt-pt\/wp-json\/wp\/v2\/comments?post=257821"}],"version-history":[{"count":2,"href":"https:\/\/tiendapadel5.com\/pt-pt\/wp-json\/wp\/v2\/product\/257821\/revisions"}],"predecessor-version":[{"id":257844,"href":"https:\/\/tiendapadel5.com\/pt-pt\/wp-json\/wp\/v2\/product\/257821\/revisions\/257844"}],"wp:featuredmedia":[{"embeddable":true,"href":"https:\/\/tiendapadel5.com\/pt-pt\/wp-json\/wp\/v2\/media\/257822"}],"wp:attachment":[{"href":"https:\/\/tiendapadel5.com\/pt-pt\/wp-json\/wp\/v2\/media?parent=257821"}],"wp:term":[{"taxonomy":"pwb-brand","embeddable":true,"href":"https:\/\/tiendapadel5.com\/pt-pt\/wp-json\/wp\/v2\/pwb-brand?post=257821"},{"taxonomy":"product_brand","embeddable":true,"href":"https:\/\/tiendapadel5.com\/pt-pt\/wp-json\/wp\/v2\/product_brand?post=257821"},{"taxonomy":"product_cat","embeddable":true,"href":"https:\/\/tiendapadel5.com\/pt-pt\/wp-json\/wp\/v2\/product_cat?post=257821"},{"taxonomy":"product_tag","embeddable":true,"href":"https:\/\/tiendapadel5.com\/pt-pt\/wp-json\/wp\/v2\/product_tag?post=257821"}],"curies":[{"name":"wp","href":"https:\/\/api.w.org\/{rel}","templated":true}]}}