{"id":249635,"date":"2026-02-18T16:36:50","date_gmt":"2026-02-18T15:36:50","guid":{"rendered":"https:\/\/tiendapadel5.com\/?post_type=product&#038;p=249635"},"modified":"2026-04-13T12:32:49","modified_gmt":"2026-04-13T10:32:49","slug":"bullpadel-indiga-girl-2026","status":"publish","type":"product","link":"https:\/\/tiendapadel5.com\/pt-pt\/bullpadel-indiga-girl-2026\/","title":{"rendered":"Bullpadel Indiga Girl 2026"},"content":{"rendered":"<p>La\u00a0<strong>Bullpadel Indiga Girl 26\u00a0<\/strong>est\u00e1 dise\u00f1ada para acompa\u00f1ar a las jugadoras m\u00e1s j\u00f3venes en sus primeros pasos en el p\u00e1del. Con un peso ultraligero de\u00a0<strong>280 gramos<\/strong>, un\u00a0<strong>perfil de 26 mm<\/strong>\u00a0y un\u00a0<strong>balance medio<\/strong>, se convierte en una pala de f\u00e1cil manejo que permite ejecutar golpes c\u00f3modos y seguros.<\/p>\n<p>Su\u00a0<strong>forma en l\u00e1grima<\/strong>\u00a0aporta un equilibrio perfecto entre control y potencia, lo que facilita el aprendizaje progresivo y din\u00e1mico en la pista.<\/p>\n","protected":false},"excerpt":{"rendered":"<p>Esta pala Bullpadel para ni\u00f1a con forma de l\u00e1grima y balance medio te ayudar\u00e1 a aprender la mejor t\u00e9cnica sin esfuerzo.<\/p>\n","protected":false},"featured_media":249636,"comment_status":"open","ping_status":"closed","template":"","meta":{"_joinchat":[]},"pwb-brand":[31],"product_brand":[],"product_cat":[1860,11144,1868],"product_tag":[11591,1881,1956,1941,11165,11589],"class_list":{"0":"post-249635","1":"product","2":"type-product","3":"status-publish","4":"has-post-thumbnail","6":"pwb-brand-bullpadel","7":"product_cat-padel-rackets","8":"product_cat-2026-en","9":"product_cat-bullpadel-en","10":"product_tag-11591","11":"product_tag-bullpadel-en","12":"product_tag-girl-en","13":"product_tag-indiga-en","14":"product_tag-nina","15":"product_tag-pala","17":"first","18":"instock","19":"sale","20":"taxable","21":"shipping-taxable","22":"purchasable","23":"product-type-simple"},"brands":[{"id":31,"name":"Bullpadel","slug":"bullpadel"}],"_links":{"self":[{"href":"https:\/\/tiendapadel5.com\/pt-pt\/wp-json\/wp\/v2\/product\/249635","targetHints":{"allow":["GET"]}}],"collection":[{"href":"https:\/\/tiendapadel5.com\/pt-pt\/wp-json\/wp\/v2\/product"}],"about":[{"href":"https:\/\/tiendapadel5.com\/pt-pt\/wp-json\/wp\/v2\/types\/product"}],"replies":[{"embeddable":true,"href":"https:\/\/tiendapadel5.com\/pt-pt\/wp-json\/wp\/v2\/comments?post=249635"}],"version-history":[{"count":2,"href":"https:\/\/tiendapadel5.com\/pt-pt\/wp-json\/wp\/v2\/product\/249635\/revisions"}],"predecessor-version":[{"id":249651,"href":"https:\/\/tiendapadel5.com\/pt-pt\/wp-json\/wp\/v2\/product\/249635\/revisions\/249651"}],"wp:featuredmedia":[{"embeddable":true,"href":"https:\/\/tiendapadel5.com\/pt-pt\/wp-json\/wp\/v2\/media\/249636"}],"wp:attachment":[{"href":"https:\/\/tiendapadel5.com\/pt-pt\/wp-json\/wp\/v2\/media?parent=249635"}],"wp:term":[{"taxonomy":"pwb-brand","embeddable":true,"href":"https:\/\/tiendapadel5.com\/pt-pt\/wp-json\/wp\/v2\/pwb-brand?post=249635"},{"taxonomy":"product_brand","embeddable":true,"href":"https:\/\/tiendapadel5.com\/pt-pt\/wp-json\/wp\/v2\/product_brand?post=249635"},{"taxonomy":"product_cat","embeddable":true,"href":"https:\/\/tiendapadel5.com\/pt-pt\/wp-json\/wp\/v2\/product_cat?post=249635"},{"taxonomy":"product_tag","embeddable":true,"href":"https:\/\/tiendapadel5.com\/pt-pt\/wp-json\/wp\/v2\/product_tag?post=249635"}],"curies":[{"name":"wp","href":"https:\/\/api.w.org\/{rel}","templated":true}]}}