{"id":246237,"date":"2026-01-30T17:20:51","date_gmt":"2026-01-30T16:20:51","guid":{"rendered":"https:\/\/tiendapadel5.com\/?post_type=product&#038;p=246237"},"modified":"2026-04-12T17:56:24","modified_gmt":"2026-04-12T15:56:24","slug":"zapatilla-bullpadel-ionic-26v-azul-real","status":"publish","type":"product","link":"https:\/\/tiendapadel5.com\/pt-pt\/zapatilla-bullpadel-ionic-26v-azul-real\/","title":{"rendered":"Zapatilla Bullpadel Ionic 26V Azul Real"},"content":{"rendered":"<p>Modelo pensado para las j\u00f3venes promesas del p\u00e1del como\u00a0<strong>Pablo Cardona y \u00c1lex Arroyo.<\/strong>\u00a0Este modelo destaca por un dise\u00f1o atrevido construido sobre mesh Jacquard, que aporta una transpiraci\u00f3n superior y un look moderno.<br \/>\nSu suela est\u00e1 dise\u00f1ada para acompa\u00f1ar tu evoluci\u00f3n en la pista, ofreciendo la combinaci\u00f3n perfecta entre movilidad, agarre y estabilidad. Adem\u00e1s, incorpora la amortiguaci\u00f3n necesaria para que cada paso, cada apoyo y cada desplazamiento se sientan m\u00e1s c\u00f3modos, seguros y fluidos.<\/p>\n","protected":false},"excerpt":{"rendered":"<div id=\"product-description-short-14406\" class=\"product-short-description\">Zapatillas de p\u00e1del Bullpadel Ionic 26V royal perfectas para jugadores intermedios que buscan comodidad y agarre superior para mejorar su rendimiento.<\/div>\n<div class=\"product-actions\">\n<form id=\"add-to-cart-or-refresh\" action=\"https:\/\/www.zonadepadel.es\/carrito\" method=\"post\">\n<div class=\"product-additional-info\"><\/div>\n<\/form>\n<\/div>\n","protected":false},"featured_media":246238,"comment_status":"open","ping_status":"closed","template":"","meta":{"_joinchat":[]},"pwb-brand":[31],"product_brand":[],"product_cat":[439,22],"product_tag":[11132,319,11466,1325,300],"class_list":{"0":"post-246237","1":"product","2":"type-product","3":"status-publish","4":"has-post-thumbnail","6":"pwb-brand-bullpadel","7":"product_cat-zapatillas-bullpadel","8":"product_cat-zapatillas-de-padel","9":"product_tag-11132","10":"product_tag-bullpadel","11":"product_tag-cardona","12":"product_tag-ionic","13":"product_tag-zapatillas","14":"pa_talla-280","15":"pa_talla-281","16":"pa_talla-282","17":"pa_talla-283","18":"pa_talla-284","19":"pa_talla-285","21":"first","22":"instock","23":"sale","24":"taxable","25":"shipping-taxable","26":"purchasable","27":"product-type-variable"},"brands":[{"id":31,"name":"Bullpadel","slug":"bullpadel"}],"_links":{"self":[{"href":"https:\/\/tiendapadel5.com\/pt-pt\/wp-json\/wp\/v2\/product\/246237","targetHints":{"allow":["GET"]}}],"collection":[{"href":"https:\/\/tiendapadel5.com\/pt-pt\/wp-json\/wp\/v2\/product"}],"about":[{"href":"https:\/\/tiendapadel5.com\/pt-pt\/wp-json\/wp\/v2\/types\/product"}],"replies":[{"embeddable":true,"href":"https:\/\/tiendapadel5.com\/pt-pt\/wp-json\/wp\/v2\/comments?post=246237"}],"version-history":[{"count":1,"href":"https:\/\/tiendapadel5.com\/pt-pt\/wp-json\/wp\/v2\/product\/246237\/revisions"}],"predecessor-version":[{"id":246265,"href":"https:\/\/tiendapadel5.com\/pt-pt\/wp-json\/wp\/v2\/product\/246237\/revisions\/246265"}],"wp:featuredmedia":[{"embeddable":true,"href":"https:\/\/tiendapadel5.com\/pt-pt\/wp-json\/wp\/v2\/media\/246238"}],"wp:attachment":[{"href":"https:\/\/tiendapadel5.com\/pt-pt\/wp-json\/wp\/v2\/media?parent=246237"}],"wp:term":[{"taxonomy":"pwb-brand","embeddable":true,"href":"https:\/\/tiendapadel5.com\/pt-pt\/wp-json\/wp\/v2\/pwb-brand?post=246237"},{"taxonomy":"product_brand","embeddable":true,"href":"https:\/\/tiendapadel5.com\/pt-pt\/wp-json\/wp\/v2\/product_brand?post=246237"},{"taxonomy":"product_cat","embeddable":true,"href":"https:\/\/tiendapadel5.com\/pt-pt\/wp-json\/wp\/v2\/product_cat?post=246237"},{"taxonomy":"product_tag","embeddable":true,"href":"https:\/\/tiendapadel5.com\/pt-pt\/wp-json\/wp\/v2\/product_tag?post=246237"}],"curies":[{"name":"wp","href":"https:\/\/api.w.org\/{rel}","templated":true}]}}