{"id":245314,"date":"2026-01-26T23:32:29","date_gmt":"2026-01-26T22:32:29","guid":{"rendered":"https:\/\/tiendapadel5.com\/?post_type=product&#038;p=245314"},"modified":"2026-04-07T09:34:11","modified_gmt":"2026-04-07T07:34:11","slug":"head-bolt-2025-black-print","status":"publish","type":"product","link":"https:\/\/tiendapadel5.com\/pt-pt\/head-bolt-2025-black-print\/","title":{"rendered":"Head Bolt 2025 Black\/Print"},"content":{"rendered":"<h2>Head Bolt 2025 Black\/Print<\/h2>\n<p><strong>Caracter\u00edsticas:<\/strong><\/p>\n<p><span class=\"info\"><strong>Forma:<\/strong>\u00a0Lagrima<\/span><\/p>\n<p><span class=\"info\"><strong>Nivel:<\/strong>\u00a0Iniciaci\u00f3n<\/span><\/p>\n<p><span class=\"info\"><strong>Juego:<\/strong>\u00a0Polivalente<\/span><\/p>\n<p><span class=\"info\"><strong>Peso:<\/strong>\u00a0360-370 gr.<\/span><\/p>\n<p><span class=\"info\"><strong>Perfil:<\/strong>\u00a038 mm<\/span><\/p>\n<p><span class=\"info\"><strong>A\u00f1o:<\/strong>\u00a02026<\/span><\/p>\n<p><span class=\"info\"><strong>N\u00facleo:<\/strong>\u00a0Foam<\/span><\/p>\n<p><span class=\"info\"><strong>Tacto:<\/strong>\u00a0Blando<\/span><\/p>\n<p><span class=\"info\"><strong>Material Principal:<\/strong>\u00a0Fibra de vidrio<\/span><\/p>\n<p><span class=\"info\"><strong>Rugosidad:<\/strong>\u00a0Sin rugosidad<\/span><\/p>\n","protected":false},"excerpt":{"rendered":"<p>La Head Bolt 2025 Black\/Print, una pala pensada para los jugadores que quieren mejorar su rendimiento sin renunciar al confort y al control en cada golpe. Su buen equilibrio entre manejabilidad y potencia f\u00e1cil la hace perfecta para quienes buscan dar un salto de calidad y disfrutar a\u00fan m\u00e1s del p\u00e1del.<\/p>\n","protected":false},"featured_media":245337,"comment_status":"open","ping_status":"closed","template":"","meta":{"_joinchat":[]},"pwb-brand":[33],"product_brand":[],"product_cat":[19,11024,411],"product_tag":[9781,203,1831,160,11459],"class_list":{"0":"post-245314","1":"product","2":"type-product","3":"status-publish","4":"has-post-thumbnail","6":"pwb-brand-head","7":"product_cat-palas-padel","8":"product_cat-palas-de-padel-2025","9":"product_cat-head","10":"product_tag-9781","11":"product_tag-black","12":"product_tag-bolt","13":"product_tag-head","14":"product_tag-print","15":"pa_forma-lagrima","16":"pa_marco-fibra-de-vidrio","17":"pa_nivel-de-juego-iniciacion","18":"pa_tipo-de-juego-polivalente","20":"first","21":"instock","22":"sale","23":"taxable","24":"shipping-taxable","25":"purchasable","26":"product-type-simple"},"brands":[{"id":33,"name":"Head","slug":"head"}],"_links":{"self":[{"href":"https:\/\/tiendapadel5.com\/pt-pt\/wp-json\/wp\/v2\/product\/245314","targetHints":{"allow":["GET"]}}],"collection":[{"href":"https:\/\/tiendapadel5.com\/pt-pt\/wp-json\/wp\/v2\/product"}],"about":[{"href":"https:\/\/tiendapadel5.com\/pt-pt\/wp-json\/wp\/v2\/types\/product"}],"replies":[{"embeddable":true,"href":"https:\/\/tiendapadel5.com\/pt-pt\/wp-json\/wp\/v2\/comments?post=245314"}],"version-history":[{"count":1,"href":"https:\/\/tiendapadel5.com\/pt-pt\/wp-json\/wp\/v2\/product\/245314\/revisions"}],"predecessor-version":[{"id":245344,"href":"https:\/\/tiendapadel5.com\/pt-pt\/wp-json\/wp\/v2\/product\/245314\/revisions\/245344"}],"wp:featuredmedia":[{"embeddable":true,"href":"https:\/\/tiendapadel5.com\/pt-pt\/wp-json\/wp\/v2\/media\/245337"}],"wp:attachment":[{"href":"https:\/\/tiendapadel5.com\/pt-pt\/wp-json\/wp\/v2\/media?parent=245314"}],"wp:term":[{"taxonomy":"pwb-brand","embeddable":true,"href":"https:\/\/tiendapadel5.com\/pt-pt\/wp-json\/wp\/v2\/pwb-brand?post=245314"},{"taxonomy":"product_brand","embeddable":true,"href":"https:\/\/tiendapadel5.com\/pt-pt\/wp-json\/wp\/v2\/product_brand?post=245314"},{"taxonomy":"product_cat","embeddable":true,"href":"https:\/\/tiendapadel5.com\/pt-pt\/wp-json\/wp\/v2\/product_cat?post=245314"},{"taxonomy":"product_tag","embeddable":true,"href":"https:\/\/tiendapadel5.com\/pt-pt\/wp-json\/wp\/v2\/product_tag?post=245314"}],"curies":[{"name":"wp","href":"https:\/\/api.w.org\/{rel}","templated":true}]}}