{"id":238711,"date":"2025-12-29T01:02:18","date_gmt":"2025-12-29T00:02:18","guid":{"rendered":"https:\/\/tiendapadel5.com\/?post_type=product&#038;p=238711"},"modified":"2025-12-29T01:02:24","modified_gmt":"2025-12-29T00:02:24","slug":"camiseta-bullpadel-pasco-kaki-2026","status":"publish","type":"product","link":"https:\/\/tiendapadel5.com\/pt-pt\/camiseta-bullpadel-pasco-kaki-2026\/","title":{"rendered":"Camiseta Bullpadel Pasco Kaki 2026"},"content":{"rendered":"<h2>Camiseta Bullpadel Pasco Kaki 2026<\/h2>\n<p><strong>Caracter\u00edsticas:<\/strong><\/p>\n<ul>\n<li>Dise\u00f1o para la temporada 2026 primavera\/verano, creado para adaptarse a las condiciones clim\u00e1ticas con ligereza y transpirabilidad.<\/li>\n<li>El tejido Single Jersey, compuesto por un 90% poli\u00e9ster y 10% elast\u00e1n.<\/li>\n<li>Ofrece suavidad y flexibilidad para un ajuste \u00f3ptimo al cuerpo.<\/li>\n<li>Tecnolog\u00eda Drynamic incorporada que permite la r\u00e1pida evacuaci\u00f3n del sudor, manteniendo la piel fresca y seca en todo momento.<\/li>\n<li>Microperforaciones l\u00e1ser situadas estrat\u00e9gicamente en la espalda para mejorar la circulaci\u00f3n del aire en zonas de mayor sudoraci\u00f3n.<\/li>\n<li><strong>Pertenece a la colecci\u00f3n de Bullpadel 26<\/strong>, garantizando calidad y las \u00faltimas innovaciones en ropa deportiva de p\u00e1del.<\/li>\n<\/ul>\n","protected":false},"excerpt":{"rendered":"<p>La Camiseta Bullpadel Pasco Kaki 2026, es perfecta para jugadores que quieren un buen equilibrio entre rendimiento y estilo. Su tejido el\u00e1stico Single Jersey se adapta muy bien al cuerpo y te deja moverte con total libertad en cada golpe. Adem\u00e1s, su dise\u00f1o sencillo y elegante mantiene un look profesional dentro de la pista.<\/p>\n","protected":false},"featured_media":238733,"comment_status":"open","ping_status":"closed","template":"","meta":{"_joinchat":[]},"pwb-brand":[31],"product_brand":[],"product_cat":[21,87,447,46],"product_tag":[11132,319,83,1108,11422],"class_list":{"0":"post-238711","1":"product","2":"type-product","3":"status-publish","4":"has-post-thumbnail","6":"pwb-brand-bullpadel","7":"product_cat-ropa-padel","8":"product_cat-camisetas","9":"product_cat-ropa-bullpadel","10":"product_cat-hombre","11":"product_tag-11132","12":"product_tag-bullpadel","13":"product_tag-camiseta","14":"product_tag-kaki","15":"product_tag-pasco","16":"pa_talla-l","17":"pa_talla-m","18":"pa_talla-s","19":"pa_talla-xl","21":"first","22":"instock","23":"sale","24":"taxable","25":"shipping-taxable","26":"purchasable","27":"product-type-variable"},"brands":[{"id":31,"name":"Bullpadel","slug":"bullpadel"}],"_links":{"self":[{"href":"https:\/\/tiendapadel5.com\/pt-pt\/wp-json\/wp\/v2\/product\/238711","targetHints":{"allow":["GET"]}}],"collection":[{"href":"https:\/\/tiendapadel5.com\/pt-pt\/wp-json\/wp\/v2\/product"}],"about":[{"href":"https:\/\/tiendapadel5.com\/pt-pt\/wp-json\/wp\/v2\/types\/product"}],"replies":[{"embeddable":true,"href":"https:\/\/tiendapadel5.com\/pt-pt\/wp-json\/wp\/v2\/comments?post=238711"}],"version-history":[{"count":1,"href":"https:\/\/tiendapadel5.com\/pt-pt\/wp-json\/wp\/v2\/product\/238711\/revisions"}],"predecessor-version":[{"id":238745,"href":"https:\/\/tiendapadel5.com\/pt-pt\/wp-json\/wp\/v2\/product\/238711\/revisions\/238745"}],"wp:featuredmedia":[{"embeddable":true,"href":"https:\/\/tiendapadel5.com\/pt-pt\/wp-json\/wp\/v2\/media\/238733"}],"wp:attachment":[{"href":"https:\/\/tiendapadel5.com\/pt-pt\/wp-json\/wp\/v2\/media?parent=238711"}],"wp:term":[{"taxonomy":"pwb-brand","embeddable":true,"href":"https:\/\/tiendapadel5.com\/pt-pt\/wp-json\/wp\/v2\/pwb-brand?post=238711"},{"taxonomy":"product_brand","embeddable":true,"href":"https:\/\/tiendapadel5.com\/pt-pt\/wp-json\/wp\/v2\/product_brand?post=238711"},{"taxonomy":"product_cat","embeddable":true,"href":"https:\/\/tiendapadel5.com\/pt-pt\/wp-json\/wp\/v2\/product_cat?post=238711"},{"taxonomy":"product_tag","embeddable":true,"href":"https:\/\/tiendapadel5.com\/pt-pt\/wp-json\/wp\/v2\/product_tag?post=238711"}],"curies":[{"name":"wp","href":"https:\/\/api.w.org\/{rel}","templated":true}]}}