{"id":236257,"date":"2025-12-22T00:16:32","date_gmt":"2025-12-21T23:16:32","guid":{"rendered":"https:\/\/tiendapadel5.com\/?post_type=product&#038;p=236257"},"modified":"2026-04-21T08:46:00","modified_gmt":"2026-04-21T06:46:00","slug":"siux-electra-pro-2026-shadow-red","status":"publish","type":"product","link":"https:\/\/tiendapadel5.com\/pt-pt\/siux-electra-pro-2026-shadow-red\/","title":{"rendered":"Siux Electra Pro 2026 Shadow Red"},"content":{"rendered":"<h2>Siux Electra Pro 2026 Shadow Red<\/h2>\n<p><strong>Caracter\u00edsticas:<\/strong><\/p>\n<ul>\n<li><strong>Nivel de juego:<\/strong>\u00a0Avanzado \u2013 Profesional<\/li>\n<li><strong>Tipo de juego:<\/strong>\u00a0POLIVALENTE<\/li>\n<li><strong>Translation missing: es.hardness:<\/strong>\u00a08\/10<\/li>\n<li><strong>Balance de pala:<\/strong>\u00a0MEDIO<\/li>\n<li><strong>Acabado de pala:<\/strong>\u00a0SATINADO+ARENOSO<\/li>\n<li><strong>Forma de pala:<\/strong>\u00a0L\u00e1grima<\/li>\n<li><strong>Superficie de pala:<\/strong>\u00a0CARBON 12K<\/li>\n<li><strong>Tacto de pala:<\/strong>\u00a08\/10<\/li>\n<li><strong>Gama:<\/strong>\u00a0PRO<\/li>\n<\/ul>\n","protected":false},"excerpt":{"rendered":"<p>La Siux Electra Pro 2026 Shadow Red, est\u00e1 hecha de carbono para dar un rendimiento de nivel profesional. Su dise\u00f1o busca sacar el m\u00e1ximo tanto en potencia como en control, perfecta para jugadores que quieren pegar fuerte sin perder precisi\u00f3n. Adem\u00e1s, es una pala resistente y ligera, pensada para subir tu nivel de juego con la garant\u00eda y la experiencia de un deportista de<\/p>\n","protected":false},"featured_media":236286,"comment_status":"open","ping_status":"closed","template":"","meta":{"_joinchat":[]},"pwb-brand":[2224],"product_brand":[],"product_cat":[19,11134,2225],"product_tag":[11132,2229,176,534,11401,2226],"class_list":{"0":"post-236257","1":"product","2":"type-product","3":"status-publish","4":"has-post-thumbnail","6":"pwb-brand-siux","7":"product_cat-palas-padel","8":"product_cat-11134","9":"product_cat-siux","10":"product_tag-11132","11":"product_tag-electra","12":"product_tag-pro","13":"product_tag-red","14":"product_tag-shadow","15":"product_tag-siux","16":"pa_forma-lagrima","17":"pa_marco-fibra-de-carbono","18":"pa_nivel-de-juego-avanzado-profesional","19":"pa_tipo-de-juego-polivalente","21":"first","22":"instock","23":"sale","24":"taxable","25":"shipping-taxable","26":"purchasable","27":"product-type-simple"},"brands":[{"id":2224,"name":"Siux","slug":"siux"}],"_links":{"self":[{"href":"https:\/\/tiendapadel5.com\/pt-pt\/wp-json\/wp\/v2\/product\/236257","targetHints":{"allow":["GET"]}}],"collection":[{"href":"https:\/\/tiendapadel5.com\/pt-pt\/wp-json\/wp\/v2\/product"}],"about":[{"href":"https:\/\/tiendapadel5.com\/pt-pt\/wp-json\/wp\/v2\/types\/product"}],"replies":[{"embeddable":true,"href":"https:\/\/tiendapadel5.com\/pt-pt\/wp-json\/wp\/v2\/comments?post=236257"}],"version-history":[{"count":1,"href":"https:\/\/tiendapadel5.com\/pt-pt\/wp-json\/wp\/v2\/product\/236257\/revisions"}],"predecessor-version":[{"id":245189,"href":"https:\/\/tiendapadel5.com\/pt-pt\/wp-json\/wp\/v2\/product\/236257\/revisions\/245189"}],"wp:featuredmedia":[{"embeddable":true,"href":"https:\/\/tiendapadel5.com\/pt-pt\/wp-json\/wp\/v2\/media\/236286"}],"wp:attachment":[{"href":"https:\/\/tiendapadel5.com\/pt-pt\/wp-json\/wp\/v2\/media?parent=236257"}],"wp:term":[{"taxonomy":"pwb-brand","embeddable":true,"href":"https:\/\/tiendapadel5.com\/pt-pt\/wp-json\/wp\/v2\/pwb-brand?post=236257"},{"taxonomy":"product_brand","embeddable":true,"href":"https:\/\/tiendapadel5.com\/pt-pt\/wp-json\/wp\/v2\/product_brand?post=236257"},{"taxonomy":"product_cat","embeddable":true,"href":"https:\/\/tiendapadel5.com\/pt-pt\/wp-json\/wp\/v2\/product_cat?post=236257"},{"taxonomy":"product_tag","embeddable":true,"href":"https:\/\/tiendapadel5.com\/pt-pt\/wp-json\/wp\/v2\/product_tag?post=236257"}],"curies":[{"name":"wp","href":"https:\/\/api.w.org\/{rel}","templated":true}]}}