{"id":228688,"date":"2025-11-20T02:10:03","date_gmt":"2025-11-20T01:10:03","guid":{"rendered":"https:\/\/tiendapadel5.com\/?post_type=product&#038;p=228688"},"modified":"2026-04-22T18:07:12","modified_gmt":"2026-04-22T16:07:12","slug":"mochila-bullpadel-bpm26022-xplo-negra","status":"publish","type":"product","link":"https:\/\/tiendapadel5.com\/pt-pt\/mochila-bullpadel-bpm26022-xplo-negra\/","title":{"rendered":"Mochila Bullpadel BPM26022 Xplo Negra"},"content":{"rendered":"<h2>Mochila Bullpadel BPM26022 Xplo Negra<\/h2>\n<p><strong>Caracter\u00edsticas:<\/strong><\/p>\n<ul>\n<li><strong>Medidas:<\/strong> 60 x 30 x 40 cm<\/li>\n<li><strong>Materiales:<\/strong> Nylon Dobby y neopreno de alta resistencia<\/li>\n<li>Compartimento termo acolchado y reforzado para pala o port\u00e1til<\/li>\n<li>Amplio compartimento principal para equipamiento<\/li>\n<li>Bolsillo frontal con fuelle para acceso r\u00e1pido<\/li>\n<li>Dos bolsillos laterales el\u00e1sticos para accesorios o botellas<\/li>\n<li>Correas laterales ajustables para volumen personalizado<\/li>\n<li>Espalda acolchada y asas acolchadas para mayor confort<\/li>\n<li>Dise\u00f1o ergon\u00f3mico y exclusivo firmado por Di Nenno<\/li>\n<\/ul>\n","protected":false},"excerpt":{"rendered":"<p>La Mochila Bullpadel BPM26022 Xplo Negra, es una opci\u00f3n perfecta para quienes quieren algo pr\u00e1ctico, c\u00f3modo y con estilo.<\/p>\n","protected":false},"featured_media":228703,"comment_status":"open","ping_status":"closed","template":"","meta":{"_joinchat":[]},"pwb-brand":[31],"product_brand":[],"product_cat":[20,430],"product_tag":[11347,319,256,680,9782],"class_list":{"0":"post-228688","1":"product","2":"type-product","3":"status-publish","4":"has-post-thumbnail","6":"pwb-brand-bullpadel","7":"product_cat-paleteros-de-padel","8":"product_cat-mochilas-bullpadel","9":"product_tag-bpm26022","10":"product_tag-bullpadel","11":"product_tag-mochila","12":"product_tag-negra","13":"product_tag-xplo","15":"first","16":"instock","17":"sale","18":"taxable","19":"shipping-taxable","20":"purchasable","21":"product-type-simple"},"brands":[{"id":31,"name":"Bullpadel","slug":"bullpadel"}],"_links":{"self":[{"href":"https:\/\/tiendapadel5.com\/pt-pt\/wp-json\/wp\/v2\/product\/228688","targetHints":{"allow":["GET"]}}],"collection":[{"href":"https:\/\/tiendapadel5.com\/pt-pt\/wp-json\/wp\/v2\/product"}],"about":[{"href":"https:\/\/tiendapadel5.com\/pt-pt\/wp-json\/wp\/v2\/types\/product"}],"replies":[{"embeddable":true,"href":"https:\/\/tiendapadel5.com\/pt-pt\/wp-json\/wp\/v2\/comments?post=228688"}],"version-history":[{"count":1,"href":"https:\/\/tiendapadel5.com\/pt-pt\/wp-json\/wp\/v2\/product\/228688\/revisions"}],"predecessor-version":[{"id":245210,"href":"https:\/\/tiendapadel5.com\/pt-pt\/wp-json\/wp\/v2\/product\/228688\/revisions\/245210"}],"wp:featuredmedia":[{"embeddable":true,"href":"https:\/\/tiendapadel5.com\/pt-pt\/wp-json\/wp\/v2\/media\/228703"}],"wp:attachment":[{"href":"https:\/\/tiendapadel5.com\/pt-pt\/wp-json\/wp\/v2\/media?parent=228688"}],"wp:term":[{"taxonomy":"pwb-brand","embeddable":true,"href":"https:\/\/tiendapadel5.com\/pt-pt\/wp-json\/wp\/v2\/pwb-brand?post=228688"},{"taxonomy":"product_brand","embeddable":true,"href":"https:\/\/tiendapadel5.com\/pt-pt\/wp-json\/wp\/v2\/product_brand?post=228688"},{"taxonomy":"product_cat","embeddable":true,"href":"https:\/\/tiendapadel5.com\/pt-pt\/wp-json\/wp\/v2\/product_cat?post=228688"},{"taxonomy":"product_tag","embeddable":true,"href":"https:\/\/tiendapadel5.com\/pt-pt\/wp-json\/wp\/v2\/product_tag?post=228688"}],"curies":[{"name":"wp","href":"https:\/\/api.w.org\/{rel}","templated":true}]}}