{"id":223975,"date":"2025-10-21T10:30:47","date_gmt":"2025-10-21T08:30:47","guid":{"rendered":"https:\/\/tiendapadel5.com\/?post_type=product&#038;p=223975"},"modified":"2026-01-29T17:56:28","modified_gmt":"2026-01-29T16:56:28","slug":"pantalon-largo-bullpadel-basar-gris-medio-vigore","status":"publish","type":"product","link":"https:\/\/tiendapadel5.com\/pt-pt\/pantalon-largo-bullpadel-basar-gris-medio-vigore\/","title":{"rendered":"Pantal\u00f3n Largo Bullpadel Basar Gris Medio Vigore"},"content":{"rendered":"<h2>Pantal\u00f3n Largo Bullpadel Basar Gris Medio Vigore<\/h2>\n<p><strong>Caracter\u00edsticas:<\/strong><\/p>\n<p><strong>Color:<\/strong> Gris Medio Vigore<\/p>\n","protected":false},"excerpt":{"rendered":"<p>El Pantal\u00f3n Largo Bullpadel Basar Gris Medio Vigore, una prenda t\u00e9cnica con detalles que realmente marcan la diferencia. Est\u00e1 pensada para llevar tu juego al siguiente nivel sin perder estilo. Su dise\u00f1o c\u00f3modo y funcional te acompa\u00f1a en cada movimiento, ofreci\u00e9ndote el m\u00e1ximo rendimiento partido tras partido.<\/p>\n","protected":false},"featured_media":223997,"comment_status":"open","ping_status":"closed","template":"","meta":{"_joinchat":[]},"pwb-brand":[31],"product_brand":[],"product_cat":[21,5899,447,46],"product_tag":[11273,319,221,548,1137,401,659],"class_list":{"0":"post-223975","1":"product","2":"type-product","3":"status-publish","4":"has-post-thumbnail","6":"pwb-brand-bullpadel","7":"product_cat-ropa-padel","8":"product_cat-chandales","9":"product_cat-ropa-bullpadel","10":"product_cat-hombre","11":"product_tag-basar","12":"product_tag-bullpadel","13":"product_tag-gris","14":"product_tag-largo","15":"product_tag-medio","16":"product_tag-pantalon","17":"product_tag-vigore","18":"pa_talla-l","19":"pa_talla-m","21":"first","22":"instock","23":"sale","24":"taxable","25":"shipping-taxable","26":"purchasable","27":"product-type-variable"},"brands":[{"id":31,"name":"Bullpadel","slug":"bullpadel"}],"_links":{"self":[{"href":"https:\/\/tiendapadel5.com\/pt-pt\/wp-json\/wp\/v2\/product\/223975","targetHints":{"allow":["GET"]}}],"collection":[{"href":"https:\/\/tiendapadel5.com\/pt-pt\/wp-json\/wp\/v2\/product"}],"about":[{"href":"https:\/\/tiendapadel5.com\/pt-pt\/wp-json\/wp\/v2\/types\/product"}],"replies":[{"embeddable":true,"href":"https:\/\/tiendapadel5.com\/pt-pt\/wp-json\/wp\/v2\/comments?post=223975"}],"version-history":[{"count":0,"href":"https:\/\/tiendapadel5.com\/pt-pt\/wp-json\/wp\/v2\/product\/223975\/revisions"}],"wp:featuredmedia":[{"embeddable":true,"href":"https:\/\/tiendapadel5.com\/pt-pt\/wp-json\/wp\/v2\/media\/223997"}],"wp:attachment":[{"href":"https:\/\/tiendapadel5.com\/pt-pt\/wp-json\/wp\/v2\/media?parent=223975"}],"wp:term":[{"taxonomy":"pwb-brand","embeddable":true,"href":"https:\/\/tiendapadel5.com\/pt-pt\/wp-json\/wp\/v2\/pwb-brand?post=223975"},{"taxonomy":"product_brand","embeddable":true,"href":"https:\/\/tiendapadel5.com\/pt-pt\/wp-json\/wp\/v2\/product_brand?post=223975"},{"taxonomy":"product_cat","embeddable":true,"href":"https:\/\/tiendapadel5.com\/pt-pt\/wp-json\/wp\/v2\/product_cat?post=223975"},{"taxonomy":"product_tag","embeddable":true,"href":"https:\/\/tiendapadel5.com\/pt-pt\/wp-json\/wp\/v2\/product_tag?post=223975"}],"curies":[{"name":"wp","href":"https:\/\/api.w.org\/{rel}","templated":true}]}}