{"id":222331,"date":"2025-10-07T13:33:38","date_gmt":"2025-10-07T11:33:38","guid":{"rendered":"https:\/\/tiendapadel5.com\/?post_type=product&#038;p=222331"},"modified":"2026-03-03T12:18:30","modified_gmt":"2026-03-03T11:18:30","slug":"head-speed-pro-2023","status":"publish","type":"product","link":"https:\/\/tiendapadel5.com\/pt-pt\/head-speed-pro-2023\/","title":{"rendered":"Head Speed Pro 2023"},"content":{"rendered":"<h2>Head Speed Pro 2023<\/h2>\n<p><strong>Caracter\u00edsticas:<\/strong><\/p>\n<p><span class=\"info\"><strong>Forma:<\/strong> Lagrima<\/span><\/p>\n<p><span class=\"info\"><strong>Nivel:<\/strong> Avanzado<\/span><\/p>\n<p><span class=\"info\"><strong>Juego:<\/strong> Polivalente<\/span><\/p>\n<p><span class=\"info\"><strong>Peso:<\/strong> 360-375 gr.<\/span><\/p>\n<p><span class=\"info\"><strong>Perfil:<\/strong> 38 mm <\/span><\/p>\n<p><span class=\"info\"><strong>A\u00f1o:<\/strong> 2023<\/span><\/p>\n<p><span class=\"info\"><strong>N\u00facleo:<\/strong> Foam<\/span><\/p>\n<p><span class=\"info\"><strong>Tacto:<\/strong> Duro, Medio<\/span><\/p>\n<p><span class=\"info\"><strong>Material Principal:<\/strong> Fibra de vidrio<\/span><\/p>\n<p><span class=\"info\"><strong>Rugosidad:<\/strong> Sin rugosidad<\/span><\/p>\n","protected":false},"excerpt":{"rendered":"<p>La Head Speed Pro 2023, juega al m\u00e1ximo con esta pala Head de alto rendimiento, pensada para ofrecerte el equilibrio perfecto en cada punto. Su construcci\u00f3n con graphene y carbono te da potencia, control y una sensaci\u00f3n de golpeo espectacular.<\/p>\n","protected":false},"featured_media":254426,"comment_status":"open","ping_status":"closed","template":"","meta":{"_joinchat":[]},"pwb-brand":[33],"product_brand":[],"product_cat":[19,4375,411],"product_tag":[1384,160,176,1140],"class_list":{"0":"post-222331","1":"product","2":"type-product","3":"status-publish","4":"has-post-thumbnail","6":"pwb-brand-head","7":"product_cat-palas-padel","8":"product_cat-palas-padel-2023","9":"product_cat-head","10":"product_tag-1384","11":"product_tag-head","12":"product_tag-pro","13":"product_tag-speed","14":"pa_forma-lagrima","15":"pa_marco-fibra-de-carbono","16":"pa_nivel-de-juego-avanzado-profesional","17":"pa_tipo-de-juego-polivalente","19":"first","20":"instock","21":"sale","22":"taxable","23":"shipping-taxable","24":"purchasable","25":"product-type-simple"},"brands":[{"id":33,"name":"Head","slug":"head"}],"_links":{"self":[{"href":"https:\/\/tiendapadel5.com\/pt-pt\/wp-json\/wp\/v2\/product\/222331","targetHints":{"allow":["GET"]}}],"collection":[{"href":"https:\/\/tiendapadel5.com\/pt-pt\/wp-json\/wp\/v2\/product"}],"about":[{"href":"https:\/\/tiendapadel5.com\/pt-pt\/wp-json\/wp\/v2\/types\/product"}],"replies":[{"embeddable":true,"href":"https:\/\/tiendapadel5.com\/pt-pt\/wp-json\/wp\/v2\/comments?post=222331"}],"version-history":[{"count":1,"href":"https:\/\/tiendapadel5.com\/pt-pt\/wp-json\/wp\/v2\/product\/222331\/revisions"}],"predecessor-version":[{"id":254433,"href":"https:\/\/tiendapadel5.com\/pt-pt\/wp-json\/wp\/v2\/product\/222331\/revisions\/254433"}],"wp:featuredmedia":[{"embeddable":true,"href":"https:\/\/tiendapadel5.com\/pt-pt\/wp-json\/wp\/v2\/media\/254426"}],"wp:attachment":[{"href":"https:\/\/tiendapadel5.com\/pt-pt\/wp-json\/wp\/v2\/media?parent=222331"}],"wp:term":[{"taxonomy":"pwb-brand","embeddable":true,"href":"https:\/\/tiendapadel5.com\/pt-pt\/wp-json\/wp\/v2\/pwb-brand?post=222331"},{"taxonomy":"product_brand","embeddable":true,"href":"https:\/\/tiendapadel5.com\/pt-pt\/wp-json\/wp\/v2\/product_brand?post=222331"},{"taxonomy":"product_cat","embeddable":true,"href":"https:\/\/tiendapadel5.com\/pt-pt\/wp-json\/wp\/v2\/product_cat?post=222331"},{"taxonomy":"product_tag","embeddable":true,"href":"https:\/\/tiendapadel5.com\/pt-pt\/wp-json\/wp\/v2\/product_tag?post=222331"}],"curies":[{"name":"wp","href":"https:\/\/api.w.org\/{rel}","templated":true}]}}