{"id":222019,"date":"2025-10-06T14:56:26","date_gmt":"2025-10-06T12:56:26","guid":{"rendered":"https:\/\/tiendapadel5.com\/?post_type=product&#038;p=222019"},"modified":"2026-03-27T10:14:34","modified_gmt":"2026-03-27T09:14:34","slug":"paletero-starvie-star-2026","status":"publish","type":"product","link":"https:\/\/tiendapadel5.com\/pt-pt\/paletero-starvie-star-2026\/","title":{"rendered":"Paletero Starvie Star 2026"},"content":{"rendered":"<h2>Paletero Starvie Star 2026<\/h2>\n<p><strong>Caracter\u00edsticas:<\/strong><\/p>\n<ul style=\"font-weight: 400;\">\n<li>Gran capacidad de almacenamientopara transportar todo tu equipamiento de p\u00e1del.<\/li>\n<li>Compartimento individual para calzado, manteniendo tus zapatillas separadas del resto de accesorios.<\/li>\n<li>Refuerzo extra en las asas, que aporta mayor resistencia y durabilidad.<\/li>\n<li>Bolsillo lateral\u00a0para peque\u00f1os accesorios, perfecto para llaves, cartera o tel\u00e9fono.<\/li>\n<\/ul>\n<p style=\"font-weight: 400;\"><b><strong>Medidas:\u00a0<\/strong><\/b>56 x 29 x 28 cm<b><strong><br \/>\nMateriales:\u00a0<\/strong><\/b>Polyester<\/p>\n","protected":false},"excerpt":{"rendered":"<p>El Paletero Starvie Star 2026, destaca por ser s\u00faper pr\u00e1ctico y ligero. Su dise\u00f1o en negro con toques en verde y gris combina estilo y funcionalidad, convirti\u00e9ndolo en el complemento perfecto para tu d\u00eda a d\u00eda en la pista.<\/p>\n","protected":false},"featured_media":222041,"comment_status":"open","ping_status":"closed","template":"","meta":{"_joinchat":[]},"pwb-brand":[35],"product_brand":[],"product_cat":[20,434],"product_tag":[11132,257,550,167],"class_list":{"0":"post-222019","1":"product","2":"type-product","3":"status-publish","4":"has-post-thumbnail","6":"pwb-brand-starvie","7":"product_cat-paleteros-de-padel","8":"product_cat-mochilas-starvie","9":"product_tag-11132","10":"product_tag-paletero","11":"product_tag-star","12":"product_tag-starvie","14":"first","15":"instock","16":"sale","17":"taxable","18":"shipping-taxable","19":"purchasable","20":"product-type-simple"},"brands":[{"id":35,"name":"Starvie","slug":"starvie"}],"_links":{"self":[{"href":"https:\/\/tiendapadel5.com\/pt-pt\/wp-json\/wp\/v2\/product\/222019","targetHints":{"allow":["GET"]}}],"collection":[{"href":"https:\/\/tiendapadel5.com\/pt-pt\/wp-json\/wp\/v2\/product"}],"about":[{"href":"https:\/\/tiendapadel5.com\/pt-pt\/wp-json\/wp\/v2\/types\/product"}],"replies":[{"embeddable":true,"href":"https:\/\/tiendapadel5.com\/pt-pt\/wp-json\/wp\/v2\/comments?post=222019"}],"version-history":[{"count":1,"href":"https:\/\/tiendapadel5.com\/pt-pt\/wp-json\/wp\/v2\/product\/222019\/revisions"}],"predecessor-version":[{"id":255003,"href":"https:\/\/tiendapadel5.com\/pt-pt\/wp-json\/wp\/v2\/product\/222019\/revisions\/255003"}],"wp:featuredmedia":[{"embeddable":true,"href":"https:\/\/tiendapadel5.com\/pt-pt\/wp-json\/wp\/v2\/media\/222041"}],"wp:attachment":[{"href":"https:\/\/tiendapadel5.com\/pt-pt\/wp-json\/wp\/v2\/media?parent=222019"}],"wp:term":[{"taxonomy":"pwb-brand","embeddable":true,"href":"https:\/\/tiendapadel5.com\/pt-pt\/wp-json\/wp\/v2\/pwb-brand?post=222019"},{"taxonomy":"product_brand","embeddable":true,"href":"https:\/\/tiendapadel5.com\/pt-pt\/wp-json\/wp\/v2\/product_brand?post=222019"},{"taxonomy":"product_cat","embeddable":true,"href":"https:\/\/tiendapadel5.com\/pt-pt\/wp-json\/wp\/v2\/product_cat?post=222019"},{"taxonomy":"product_tag","embeddable":true,"href":"https:\/\/tiendapadel5.com\/pt-pt\/wp-json\/wp\/v2\/product_tag?post=222019"}],"curies":[{"name":"wp","href":"https:\/\/api.w.org\/{rel}","templated":true}]}}