{"id":221676,"date":"2025-10-03T17:58:38","date_gmt":"2025-10-03T15:58:38","guid":{"rendered":"https:\/\/tiendapadel5.com\/?post_type=product&#038;p=221676"},"modified":"2026-03-13T10:46:05","modified_gmt":"2026-03-13T09:46:05","slug":"zapatillas-k-swiss-mujer-court-express-2-clay-blanco-menta","status":"publish","type":"product","link":"https:\/\/tiendapadel5.com\/pt-pt\/zapatillas-k-swiss-mujer-court-express-2-clay-blanco-menta\/","title":{"rendered":"Zapatillas K-Swiss Mujer Court Express 2 Clay Blanco\/Menta"},"content":{"rendered":"<h2>Zapatillas K-Swiss Mujer Court Express 2 Clay Blanco\/Menta<\/h2>\n<p><strong>Caracter\u00edsticas:<\/strong><\/p>\n<p><span dir=\"auto\">\u2022Parte superior de cuero<\/span><\/p>\n<p><span dir=\"auto\">\u2022Forro de cuello textil<\/span><\/p>\n<p><span dir=\"auto\">\u2022Suela de goma<\/span><\/p>\n<p><span dir=\"auto\">\u2022Entresuela CMEVA<\/span><\/p>\n<p><span dir=\"auto\">\u2022Espuma inteligente troquelada<\/span><\/p>\n<p><span dir=\"auto\">\u2022Cierre de encaje<\/span><\/p>\n","protected":false},"excerpt":{"rendered":"<p>Las Zapatillas K-Swiss Mujer Court Express 2 Clay Blanco\/Menta, dise\u00f1adas con una\u00a0malla transpirable se combina con una entresuela K-EVA que aporta comodidad y sujeci\u00f3n. La suela de goma Aosta 7.0 con dise\u00f1o en espiga ofrece la mejor tracci\u00f3n en tierra batida y, adem\u00e1s, se extiende para proteger contra la fricci\u00f3n y aumentar la durabilidad. Ligera, reactiva y con detalles de confort mejorados, te da la ventaja que necesitas para llevar tu juego al siguiente nivel.<\/p>\n","protected":false},"featured_media":221709,"comment_status":"open","ping_status":"closed","template":"","meta":{"_joinchat":[]},"pwb-brand":[11245],"product_brand":[],"product_cat":[22,11246,53],"product_tag":[740,405,620,714,11243,11242,11244,239,300],"class_list":{"0":"post-221676","1":"product","2":"type-product","3":"status-publish","4":"has-post-thumbnail","6":"pwb-brand-k-swiss","7":"product_cat-zapatillas-de-padel","8":"product_cat-zapatillas-k-swiss","9":"product_cat-para-mujer","10":"product_tag-740","11":"product_tag-blanco","12":"product_tag-clay","13":"product_tag-court","14":"product_tag-express","15":"product_tag-k-swiss","16":"product_tag-menta","17":"product_tag-mujer","18":"product_tag-zapatillas","19":"pa_talla-275","20":"pa_talla-276","21":"pa_talla-277","22":"pa_talla-278","23":"pa_talla-279","25":"first","26":"instock","27":"sale","28":"taxable","29":"shipping-taxable","30":"purchasable","31":"product-type-variable"},"brands":[{"id":11245,"name":"K-SWISS","slug":"k-swiss"}],"_links":{"self":[{"href":"https:\/\/tiendapadel5.com\/pt-pt\/wp-json\/wp\/v2\/product\/221676","targetHints":{"allow":["GET"]}}],"collection":[{"href":"https:\/\/tiendapadel5.com\/pt-pt\/wp-json\/wp\/v2\/product"}],"about":[{"href":"https:\/\/tiendapadel5.com\/pt-pt\/wp-json\/wp\/v2\/types\/product"}],"replies":[{"embeddable":true,"href":"https:\/\/tiendapadel5.com\/pt-pt\/wp-json\/wp\/v2\/comments?post=221676"}],"version-history":[{"count":0,"href":"https:\/\/tiendapadel5.com\/pt-pt\/wp-json\/wp\/v2\/product\/221676\/revisions"}],"wp:featuredmedia":[{"embeddable":true,"href":"https:\/\/tiendapadel5.com\/pt-pt\/wp-json\/wp\/v2\/media\/221709"}],"wp:attachment":[{"href":"https:\/\/tiendapadel5.com\/pt-pt\/wp-json\/wp\/v2\/media?parent=221676"}],"wp:term":[{"taxonomy":"pwb-brand","embeddable":true,"href":"https:\/\/tiendapadel5.com\/pt-pt\/wp-json\/wp\/v2\/pwb-brand?post=221676"},{"taxonomy":"product_brand","embeddable":true,"href":"https:\/\/tiendapadel5.com\/pt-pt\/wp-json\/wp\/v2\/product_brand?post=221676"},{"taxonomy":"product_cat","embeddable":true,"href":"https:\/\/tiendapadel5.com\/pt-pt\/wp-json\/wp\/v2\/product_cat?post=221676"},{"taxonomy":"product_tag","embeddable":true,"href":"https:\/\/tiendapadel5.com\/pt-pt\/wp-json\/wp\/v2\/product_tag?post=221676"}],"curies":[{"name":"wp","href":"https:\/\/api.w.org\/{rel}","templated":true}]}}