{"id":221588,"date":"2025-10-03T12:47:25","date_gmt":"2025-10-03T10:47:25","guid":{"rendered":"https:\/\/tiendapadel5.com\/?post_type=product&#038;p=221588"},"modified":"2026-04-08T12:05:13","modified_gmt":"2026-04-08T10:05:13","slug":"starvie-arkos-2026","status":"publish","type":"product","link":"https:\/\/tiendapadel5.com\/pt-pt\/starvie-arkos-2026\/","title":{"rendered":"Starvie Arkos 2026"},"content":{"rendered":"<h2>Starvie Arkos 2026<\/h2>\n<p><strong>Caracter\u00edsticas:<\/strong><\/p>\n<table class=\"product-features-table\">\n<tbody>\n<tr>\n<td>Forma<\/td>\n<td>Redonda<\/td>\n<\/tr>\n<tr>\n<td>Plano<\/td>\n<td>X GLASS TECH<\/td>\n<\/tr>\n<tr>\n<td>Goma<\/td>\n<td>S-EVA FLEX<\/td>\n<\/tr>\n<tr>\n<td>Perfil<\/td>\n<td>38mm<\/td>\n<\/tr>\n<tr>\n<td>Peso<\/td>\n<td>358 (+\/- 8 g)<\/td>\n<\/tr>\n<tr>\n<td>Balance<\/td>\n<td>Bajo<\/td>\n<\/tr>\n<\/tbody>\n<\/table>\n","protected":false},"excerpt":{"rendered":"<p>La Starvie Arkos 2026, es una pala redonda con balance bajo, ideal para quienes empiezan en el p\u00e1del y buscan m\u00e1ximo control y facilidad de manejo. Su superficie en fibra X-Glass Tech aporta m\u00e1s elasticidad y una salida de bola fluida, mientras que la goma S-Eva Flex de densidad blanda ofrece un golpeo c\u00f3modo y r\u00e1pido, perfecta para aprender y mejorar la t\u00e9cnica con facilidad.<\/p>\n","protected":false},"featured_media":221610,"comment_status":"open","ping_status":"closed","template":"","meta":{"_joinchat":[]},"pwb-brand":[35],"product_brand":[],"product_cat":[19,11134,413],"product_tag":[11132,11240,167],"class_list":{"0":"post-221588","1":"product","2":"type-product","3":"status-publish","4":"has-post-thumbnail","6":"pwb-brand-starvie","7":"product_cat-palas-padel","8":"product_cat-11134","9":"product_cat-starvie","10":"product_tag-11132","11":"product_tag-arkos","12":"product_tag-starvie","13":"pa_forma-redonda","14":"pa_marco-fibra-de-carbono","15":"pa_nivel-de-juego-iniciacion","16":"pa_tipo-de-juego-control","18":"first","19":"instock","20":"sale","21":"taxable","22":"shipping-taxable","23":"purchasable","24":"product-type-simple"},"brands":[{"id":35,"name":"Starvie","slug":"starvie"}],"_links":{"self":[{"href":"https:\/\/tiendapadel5.com\/pt-pt\/wp-json\/wp\/v2\/product\/221588","targetHints":{"allow":["GET"]}}],"collection":[{"href":"https:\/\/tiendapadel5.com\/pt-pt\/wp-json\/wp\/v2\/product"}],"about":[{"href":"https:\/\/tiendapadel5.com\/pt-pt\/wp-json\/wp\/v2\/types\/product"}],"replies":[{"embeddable":true,"href":"https:\/\/tiendapadel5.com\/pt-pt\/wp-json\/wp\/v2\/comments?post=221588"}],"version-history":[{"count":1,"href":"https:\/\/tiendapadel5.com\/pt-pt\/wp-json\/wp\/v2\/product\/221588\/revisions"}],"predecessor-version":[{"id":254740,"href":"https:\/\/tiendapadel5.com\/pt-pt\/wp-json\/wp\/v2\/product\/221588\/revisions\/254740"}],"wp:featuredmedia":[{"embeddable":true,"href":"https:\/\/tiendapadel5.com\/pt-pt\/wp-json\/wp\/v2\/media\/221610"}],"wp:attachment":[{"href":"https:\/\/tiendapadel5.com\/pt-pt\/wp-json\/wp\/v2\/media?parent=221588"}],"wp:term":[{"taxonomy":"pwb-brand","embeddable":true,"href":"https:\/\/tiendapadel5.com\/pt-pt\/wp-json\/wp\/v2\/pwb-brand?post=221588"},{"taxonomy":"product_brand","embeddable":true,"href":"https:\/\/tiendapadel5.com\/pt-pt\/wp-json\/wp\/v2\/product_brand?post=221588"},{"taxonomy":"product_cat","embeddable":true,"href":"https:\/\/tiendapadel5.com\/pt-pt\/wp-json\/wp\/v2\/product_cat?post=221588"},{"taxonomy":"product_tag","embeddable":true,"href":"https:\/\/tiendapadel5.com\/pt-pt\/wp-json\/wp\/v2\/product_tag?post=221588"}],"curies":[{"name":"wp","href":"https:\/\/api.w.org\/{rel}","templated":true}]}}