{"id":221493,"date":"2025-10-03T11:58:28","date_gmt":"2025-10-03T09:58:28","guid":{"rendered":"https:\/\/tiendapadel5.com\/?post_type=product&#038;p=221493"},"modified":"2026-03-04T12:20:57","modified_gmt":"2026-03-04T11:20:57","slug":"starvie-drax-2026","status":"publish","type":"product","link":"https:\/\/tiendapadel5.com\/pt-pt\/starvie-drax-2026\/","title":{"rendered":"Starvie Drax + 2026"},"content":{"rendered":"<h2>Starvie Drax + 2026<\/h2>\n<p><strong>Caracteristicas:<\/strong><\/p>\n<table class=\"product-features-table\">\n<tbody>\n<tr>\n<td>Forma<\/td>\n<td>L\u00e1grima<\/td>\n<\/tr>\n<tr>\n<td>Plano<\/td>\n<td>12K CARBON HYPER<\/td>\n<\/tr>\n<tr>\n<td>Goma<\/td>\n<td>M-EVA BALANCE<\/td>\n<\/tr>\n<tr>\n<td>Perfil<\/td>\n<td>38mm<\/td>\n<\/tr>\n<tr>\n<td>Peso<\/td>\n<td>360 (+\/- 8 g)<\/td>\n<\/tr>\n<tr>\n<td>Balance<\/td>\n<td>Medio<\/td>\n<\/tr>\n<\/tbody>\n<\/table>\n","protected":false},"excerpt":{"rendered":"<p>La Starvie Drax + 2026, es una pala en forma de l\u00e1grima, ideal para jugadores vers\u00e1tiles. Su superficie en 12K Carbon Hyper ampl\u00eda el punto dulce y ofrece un tacto m\u00e1s reactivo y preciso. Adem\u00e1s, la goma M-Eva Balance de densidad media-dura aporta el equilibrio perfecto entre control y potencia, adapt\u00e1ndose a cualquier situaci\u00f3n de juego.<\/p>\n","protected":false},"featured_media":221515,"comment_status":"open","ping_status":"closed","template":"","meta":{"_joinchat":[]},"pwb-brand":[35],"product_brand":[],"product_cat":[19,11134,413],"product_tag":[11132,83,9990,167],"class_list":{"0":"post-221493","1":"product","2":"type-product","3":"status-publish","4":"has-post-thumbnail","6":"pwb-brand-starvie","7":"product_cat-palas-padel","8":"product_cat-11134","9":"product_cat-starvie","10":"product_tag-11132","11":"product_tag-camiseta","12":"product_tag-drax","13":"product_tag-starvie","14":"pa_forma-lagrima","15":"pa_marco-fibra-de-carbono","16":"pa_nivel-de-juego-avanzado-profesional","17":"pa_tipo-de-juego-polivalente","19":"first","20":"instock","21":"sale","22":"taxable","23":"shipping-taxable","24":"purchasable","25":"product-type-simple"},"brands":[{"id":35,"name":"Starvie","slug":"starvie"}],"_links":{"self":[{"href":"https:\/\/tiendapadel5.com\/pt-pt\/wp-json\/wp\/v2\/product\/221493","targetHints":{"allow":["GET"]}}],"collection":[{"href":"https:\/\/tiendapadel5.com\/pt-pt\/wp-json\/wp\/v2\/product"}],"about":[{"href":"https:\/\/tiendapadel5.com\/pt-pt\/wp-json\/wp\/v2\/types\/product"}],"replies":[{"embeddable":true,"href":"https:\/\/tiendapadel5.com\/pt-pt\/wp-json\/wp\/v2\/comments?post=221493"}],"version-history":[{"count":1,"href":"https:\/\/tiendapadel5.com\/pt-pt\/wp-json\/wp\/v2\/product\/221493\/revisions"}],"predecessor-version":[{"id":245177,"href":"https:\/\/tiendapadel5.com\/pt-pt\/wp-json\/wp\/v2\/product\/221493\/revisions\/245177"}],"wp:featuredmedia":[{"embeddable":true,"href":"https:\/\/tiendapadel5.com\/pt-pt\/wp-json\/wp\/v2\/media\/221515"}],"wp:attachment":[{"href":"https:\/\/tiendapadel5.com\/pt-pt\/wp-json\/wp\/v2\/media?parent=221493"}],"wp:term":[{"taxonomy":"pwb-brand","embeddable":true,"href":"https:\/\/tiendapadel5.com\/pt-pt\/wp-json\/wp\/v2\/pwb-brand?post=221493"},{"taxonomy":"product_brand","embeddable":true,"href":"https:\/\/tiendapadel5.com\/pt-pt\/wp-json\/wp\/v2\/product_brand?post=221493"},{"taxonomy":"product_cat","embeddable":true,"href":"https:\/\/tiendapadel5.com\/pt-pt\/wp-json\/wp\/v2\/product_cat?post=221493"},{"taxonomy":"product_tag","embeddable":true,"href":"https:\/\/tiendapadel5.com\/pt-pt\/wp-json\/wp\/v2\/product_tag?post=221493"}],"curies":[{"name":"wp","href":"https:\/\/api.w.org\/{rel}","templated":true}]}}