{"id":220674,"date":"2025-09-26T18:11:50","date_gmt":"2025-09-26T16:11:50","guid":{"rendered":"https:\/\/tiendapadel5.com\/?post_type=product&#038;p=220674"},"modified":"2026-04-29T17:17:24","modified_gmt":"2026-04-29T15:17:24","slug":"nox-at10-pro-cup-hard-2026-by-agustin-tapia","status":"publish","type":"product","link":"https:\/\/tiendapadel5.com\/pt-pt\/nox-at10-pro-cup-hard-2026-by-agustin-tapia\/","title":{"rendered":"Nox AT10 Pro Cup Hard 2026 By Agust\u00edn Tapia"},"content":{"rendered":"<h2>Nox AT10 Pro Cup Hard 2026 By Agust\u00edn Tapia<\/h2>\n<p><strong>Caracter\u00edsticas:<\/strong><\/p>\n<ul>\n<li><strong>PESO:\u00a0<\/strong>360 &#8211; 375g<\/li>\n<li><strong>ANCHO:\u00a0<\/strong>38 mm<\/li>\n<li><strong>MARCO:\u00a0<\/strong>Carbono<\/li>\n<li><strong>NUCLEO:\u00a0<\/strong>HR3 HARD EVA<\/li>\n<li><strong>CARA:\u00a0<\/strong>Fibra Vidrio Alum<\/li>\n<li><strong>SUPERFICIE:\u00a0<\/strong>Exclusive Spin<\/li>\n<li><strong>FORMA:\u00a0<\/strong>Gota \/ L\u00e1grima<\/li>\n<\/ul>\n","protected":false},"excerpt":{"rendered":"<p>La Pala Nox AT10 Pro Cup Hard 2026 By Agust\u00edn Tapia, renueva su dise\u00f1o sin perder la esencia de una pala ic\u00f3nica. Ahora llega con el molde que usa Agust\u00edn Tapia en 2025, incorporando las \u00faltimas tecnolog\u00edas de alto rendimiento: EOS Flap, que mejora la aerodin\u00e1mica y la manejabilidad, y Pulse System, que reduce vibraciones para un juego m\u00e1s c\u00f3modo y estable.<\/p>\n","protected":false},"featured_media":220696,"comment_status":"open","ping_status":"closed","template":"","meta":{"_joinchat":[]},"pwb-brand":[34],"product_brand":[],"product_cat":[19,11134,412],"product_tag":[11132,1088,946,1146,177,6151,130,176,1091],"class_list":{"0":"post-220674","1":"product","2":"type-product","3":"status-publish","4":"has-post-thumbnail","6":"pwb-brand-nox","7":"product_cat-palas-padel","8":"product_cat-11134","9":"product_cat-nox","10":"product_tag-11132","11":"product_tag-agustin","12":"product_tag-at10","13":"product_tag-by","14":"product_tag-cup","15":"product_tag-hard","16":"product_tag-nox","17":"product_tag-pro","18":"product_tag-tapia","19":"pa_forma-lagrima","20":"pa_marco-fibra-de-carbono","21":"pa_nivel-de-juego-intermedio","22":"pa_tipo-de-juego-polivalente","24":"first","25":"instock","26":"sale","27":"taxable","28":"shipping-taxable","29":"purchasable","30":"product-type-simple"},"brands":[{"id":34,"name":"Nox","slug":"nox"}],"_links":{"self":[{"href":"https:\/\/tiendapadel5.com\/pt-pt\/wp-json\/wp\/v2\/product\/220674","targetHints":{"allow":["GET"]}}],"collection":[{"href":"https:\/\/tiendapadel5.com\/pt-pt\/wp-json\/wp\/v2\/product"}],"about":[{"href":"https:\/\/tiendapadel5.com\/pt-pt\/wp-json\/wp\/v2\/types\/product"}],"replies":[{"embeddable":true,"href":"https:\/\/tiendapadel5.com\/pt-pt\/wp-json\/wp\/v2\/comments?post=220674"}],"version-history":[{"count":1,"href":"https:\/\/tiendapadel5.com\/pt-pt\/wp-json\/wp\/v2\/product\/220674\/revisions"}],"predecessor-version":[{"id":253885,"href":"https:\/\/tiendapadel5.com\/pt-pt\/wp-json\/wp\/v2\/product\/220674\/revisions\/253885"}],"wp:featuredmedia":[{"embeddable":true,"href":"https:\/\/tiendapadel5.com\/pt-pt\/wp-json\/wp\/v2\/media\/220696"}],"wp:attachment":[{"href":"https:\/\/tiendapadel5.com\/pt-pt\/wp-json\/wp\/v2\/media?parent=220674"}],"wp:term":[{"taxonomy":"pwb-brand","embeddable":true,"href":"https:\/\/tiendapadel5.com\/pt-pt\/wp-json\/wp\/v2\/pwb-brand?post=220674"},{"taxonomy":"product_brand","embeddable":true,"href":"https:\/\/tiendapadel5.com\/pt-pt\/wp-json\/wp\/v2\/product_brand?post=220674"},{"taxonomy":"product_cat","embeddable":true,"href":"https:\/\/tiendapadel5.com\/pt-pt\/wp-json\/wp\/v2\/product_cat?post=220674"},{"taxonomy":"product_tag","embeddable":true,"href":"https:\/\/tiendapadel5.com\/pt-pt\/wp-json\/wp\/v2\/product_tag?post=220674"}],"curies":[{"name":"wp","href":"https:\/\/api.w.org\/{rel}","templated":true}]}}