{"id":217557,"date":"2025-09-03T16:47:34","date_gmt":"2025-09-03T15:47:34","guid":{"rendered":"https:\/\/tiendapadel5.com\/?post_type=product&#038;p=217557"},"modified":"2026-04-28T11:29:36","modified_gmt":"2026-04-28T09:29:36","slug":"bullpadel-xplo-comfort-2026","status":"publish","type":"product","link":"https:\/\/tiendapadel5.com\/pt-pt\/bullpadel-xplo-comfort-2026\/","title":{"rendered":"Bullpadel Xplo Comfort 2026"},"content":{"rendered":"<h2>Bullpadel Xplo Comfort 2026<\/h2>\n<p><strong>Caracter\u00edsticas:<\/strong><\/p>\n<p><strong>\u2022 Peso aprox:<\/strong> 360-370 grs.<\/p>\n<p><strong>\u2022 Perfil:<\/strong> 38mm.<\/p>\n<p><strong>\u2022 Balance:<\/strong> \u2248 26.5<\/p>\n<p><strong>\u2022 Superficie de juego:<\/strong> 535 cm\u00b2<\/p>\n<p><strong>\u2022 Forma:<\/strong> Geom\u00e9trica<\/p>\n<p><strong>\u2022 Comp. Exterior:<\/strong> Fibrix<\/p>\n<p><strong>\u2022 Comp. Interior:<\/strong> Multieva.<\/p>\n<p><strong>\u2022 Acabado rugoso:<\/strong> Tipo 3D<\/p>\n<p><strong>\u2022 Nivel:<\/strong> Avanzado<\/p>\n<p><strong>\u2022 Ideal Para:<\/strong> Potencia Explosiva<\/p>\n","protected":false},"excerpt":{"rendered":"<p>La Pala Bullpadel Xplo Comfort 2026, es ideal si quieres jugar c\u00f3modo pero sin perder ese golpe explosivo. Gracias a lo \u00faltimo del Bullpadel-Lab, esta pala est\u00e1 pensada para quienes quieren tener el control total de la cancha, sin necesidad de pegarle a todas las bolas.<\/p>\n","protected":false},"featured_media":217579,"comment_status":"open","ping_status":"closed","template":"","meta":{"_joinchat":[]},"pwb-brand":[31],"product_brand":[],"product_cat":[19,11134,409],"product_tag":[11132,319,147,9782],"class_list":{"0":"post-217557","1":"product","2":"type-product","3":"status-publish","4":"has-post-thumbnail","6":"pwb-brand-bullpadel","7":"product_cat-palas-padel","8":"product_cat-11134","9":"product_cat-bullpadel","10":"product_tag-11132","11":"product_tag-bullpadel","12":"product_tag-comfort","13":"product_tag-xplo","14":"pa_forma-geometrica","15":"pa_marco-fibra-de-carbono","16":"pa_nivel-de-juego-avanzado-profesional","17":"pa_tipo-de-juego-potencia","19":"first","20":"instock","21":"sale","22":"taxable","23":"shipping-taxable","24":"product-type-simple"},"brands":[{"id":31,"name":"Bullpadel","slug":"bullpadel"}],"_links":{"self":[{"href":"https:\/\/tiendapadel5.com\/pt-pt\/wp-json\/wp\/v2\/product\/217557","targetHints":{"allow":["GET"]}}],"collection":[{"href":"https:\/\/tiendapadel5.com\/pt-pt\/wp-json\/wp\/v2\/product"}],"about":[{"href":"https:\/\/tiendapadel5.com\/pt-pt\/wp-json\/wp\/v2\/types\/product"}],"replies":[{"embeddable":true,"href":"https:\/\/tiendapadel5.com\/pt-pt\/wp-json\/wp\/v2\/comments?post=217557"}],"version-history":[{"count":1,"href":"https:\/\/tiendapadel5.com\/pt-pt\/wp-json\/wp\/v2\/product\/217557\/revisions"}],"predecessor-version":[{"id":244689,"href":"https:\/\/tiendapadel5.com\/pt-pt\/wp-json\/wp\/v2\/product\/217557\/revisions\/244689"}],"wp:featuredmedia":[{"embeddable":true,"href":"https:\/\/tiendapadel5.com\/pt-pt\/wp-json\/wp\/v2\/media\/217579"}],"wp:attachment":[{"href":"https:\/\/tiendapadel5.com\/pt-pt\/wp-json\/wp\/v2\/media?parent=217557"}],"wp:term":[{"taxonomy":"pwb-brand","embeddable":true,"href":"https:\/\/tiendapadel5.com\/pt-pt\/wp-json\/wp\/v2\/pwb-brand?post=217557"},{"taxonomy":"product_brand","embeddable":true,"href":"https:\/\/tiendapadel5.com\/pt-pt\/wp-json\/wp\/v2\/product_brand?post=217557"},{"taxonomy":"product_cat","embeddable":true,"href":"https:\/\/tiendapadel5.com\/pt-pt\/wp-json\/wp\/v2\/product_cat?post=217557"},{"taxonomy":"product_tag","embeddable":true,"href":"https:\/\/tiendapadel5.com\/pt-pt\/wp-json\/wp\/v2\/product_tag?post=217557"}],"curies":[{"name":"wp","href":"https:\/\/api.w.org\/{rel}","templated":true}]}}