{"id":217527,"date":"2025-09-03T16:28:52","date_gmt":"2025-09-03T15:28:52","guid":{"rendered":"https:\/\/tiendapadel5.com\/?post_type=product&#038;p=217527"},"modified":"2026-04-28T11:30:00","modified_gmt":"2026-04-28T09:30:00","slug":"bullpadel-xplo-2026","status":"publish","type":"product","link":"https:\/\/tiendapadel5.com\/pt-pt\/bullpadel-xplo-2026\/","title":{"rendered":"Bullpadel Xplo 2026"},"content":{"rendered":"<h2>Bullpadel Xplo 2026<\/h2>\n<p><strong>Caracter\u00edsticas:<\/strong><\/p>\n<p><strong>\u2022 Peso aprox:<\/strong> 365-375 grs.<\/p>\n<p><strong>\u2022 Perfil:<\/strong> 38mm.<\/p>\n<p><strong>\u2022 Balance:<\/strong> \u2248 26.5<\/p>\n<p><strong>\u2022 Superficie de juego:<\/strong> 535 cm\u00b2<\/p>\n<p><strong>\u2022 Forma:<\/strong> Geom\u00e9trica<\/p>\n<p><strong>\u2022 Comp. Exterior:<\/strong> Xtend &#8211; Carbon 12K.<\/p>\n<p><strong>\u2022 Comp. Interior:<\/strong> Multieva.<\/p>\n<p><strong>\u2022 Acabado rugoso:<\/strong> Tipo 3D<\/p>\n<p><strong>\u2022 Nivel:<\/strong> Profesional<\/p>\n<p><strong>\u2022 Ideal Para:<\/strong> Potencia M\u00e1xima<\/p>\n","protected":false},"excerpt":{"rendered":"<p>La Bullpadel Xplo 2026,es la\u00a0pala m\u00e1s potente en la historia de Bullpadel. Dise\u00f1ada para llevar a Mart\u00edn Di Nenno a la cima, la\u00a0XPLO\u00a0te permitir\u00e1 sentir una explosi\u00f3n de poder en cada golpe. Redefine tu concepto de potencia con las tecnolog\u00edas espec\u00edficas del Bullpadel-Lab y domina la pista con total autoridad.<\/p>\n","protected":false},"featured_media":217549,"comment_status":"open","ping_status":"closed","template":"","meta":{"_joinchat":[]},"pwb-brand":[31],"product_brand":[],"product_cat":[19,11134,409],"product_tag":[11132,319,9782],"class_list":{"0":"post-217527","1":"product","2":"type-product","3":"status-publish","4":"has-post-thumbnail","6":"pwb-brand-bullpadel","7":"product_cat-palas-padel","8":"product_cat-11134","9":"product_cat-bullpadel","10":"product_tag-11132","11":"product_tag-bullpadel","12":"product_tag-xplo","13":"pa_forma-geometrica","14":"pa_marco-fibra-de-carbono","15":"pa_nivel-de-juego-avanzado-profesional","16":"pa_tipo-de-juego-potencia","18":"first","19":"instock","20":"sale","21":"taxable","22":"shipping-taxable","23":"product-type-simple"},"brands":[{"id":31,"name":"Bullpadel","slug":"bullpadel"}],"_links":{"self":[{"href":"https:\/\/tiendapadel5.com\/pt-pt\/wp-json\/wp\/v2\/product\/217527","targetHints":{"allow":["GET"]}}],"collection":[{"href":"https:\/\/tiendapadel5.com\/pt-pt\/wp-json\/wp\/v2\/product"}],"about":[{"href":"https:\/\/tiendapadel5.com\/pt-pt\/wp-json\/wp\/v2\/types\/product"}],"replies":[{"embeddable":true,"href":"https:\/\/tiendapadel5.com\/pt-pt\/wp-json\/wp\/v2\/comments?post=217527"}],"version-history":[{"count":1,"href":"https:\/\/tiendapadel5.com\/pt-pt\/wp-json\/wp\/v2\/product\/217527\/revisions"}],"predecessor-version":[{"id":244690,"href":"https:\/\/tiendapadel5.com\/pt-pt\/wp-json\/wp\/v2\/product\/217527\/revisions\/244690"}],"wp:featuredmedia":[{"embeddable":true,"href":"https:\/\/tiendapadel5.com\/pt-pt\/wp-json\/wp\/v2\/media\/217549"}],"wp:attachment":[{"href":"https:\/\/tiendapadel5.com\/pt-pt\/wp-json\/wp\/v2\/media?parent=217527"}],"wp:term":[{"taxonomy":"pwb-brand","embeddable":true,"href":"https:\/\/tiendapadel5.com\/pt-pt\/wp-json\/wp\/v2\/pwb-brand?post=217527"},{"taxonomy":"product_brand","embeddable":true,"href":"https:\/\/tiendapadel5.com\/pt-pt\/wp-json\/wp\/v2\/product_brand?post=217527"},{"taxonomy":"product_cat","embeddable":true,"href":"https:\/\/tiendapadel5.com\/pt-pt\/wp-json\/wp\/v2\/product_cat?post=217527"},{"taxonomy":"product_tag","embeddable":true,"href":"https:\/\/tiendapadel5.com\/pt-pt\/wp-json\/wp\/v2\/product_tag?post=217527"}],"curies":[{"name":"wp","href":"https:\/\/api.w.org\/{rel}","templated":true}]}}