{"id":216561,"date":"2025-08-22T00:14:47","date_gmt":"2025-08-21T23:14:47","guid":{"rendered":"https:\/\/tiendapadel5.com\/?post_type=product&#038;p=216561"},"modified":"2025-09-23T04:24:10","modified_gmt":"2025-09-23T02:24:10","slug":"camiseta-deportiva-izas-hombre-oklahoma-navy-blue","status":"publish","type":"product","link":"https:\/\/tiendapadel5.com\/pt-pt\/camiseta-deportiva-izas-hombre-oklahoma-navy-blue\/","title":{"rendered":"Camiseta Deportiva Izas Hombre Oklahoma Navy Blue"},"content":{"rendered":"<h2>Camiseta Deportiva Izas Hombre Oklahoma Navy Blue<\/h2>\n<p><strong>Caracter\u00edsticas:<\/strong><\/p>\n<ul>\n<li>Camiseta t\u00e9cnica de manga corta.<\/li>\n<li>Tejido con tecnolog\u00eda DRY e Hydrospeed: ligero, transpirable y de secado r\u00e1pido.<\/li>\n<li>El vapor corporal pasa a trav\u00e9s del tejido.<\/li>\n<\/ul>\n","protected":false},"excerpt":{"rendered":"<p>La Camiseta Deportiva Izas Hombre Oklahoma Navy Blue, dise\u00f1ada para entrenar a gusto y sin distracciones con esta camiseta t\u00e9cnica de manga corta, hecha para moverse contigo. Su tela con tecnolog\u00eda DRY e Hydrospeed es ligera, fresca y se seca rapid\u00edsimo.<\/p>\n","protected":false},"featured_media":216569,"comment_status":"open","ping_status":"closed","template":"","meta":{"_joinchat":[]},"pwb-brand":[11181],"product_brand":[],"product_cat":[21,87,11182,46],"product_tag":[530,83,11188,8040,11179,532,11195],"class_list":{"0":"post-216561","1":"product","2":"type-product","3":"status-publish","4":"has-post-thumbnail","6":"pwb-brand-izas","7":"product_cat-ropa-padel","8":"product_cat-camisetas","9":"product_cat-ropa-izas","10":"product_cat-hombre","11":"product_tag-blue","12":"product_tag-camiseta","13":"product_tag-deportiva","14":"product_tag-hombre","15":"product_tag-izas","16":"product_tag-navy","17":"product_tag-oklahoma","18":"pa_talla-2xl","19":"pa_talla-l","20":"pa_talla-m","21":"pa_talla-s","22":"pa_talla-xl","24":"first","25":"instock","26":"sale","27":"taxable","28":"shipping-taxable","29":"purchasable","30":"product-type-variable"},"brands":[{"id":11181,"name":"Izas","slug":"izas"}],"_links":{"self":[{"href":"https:\/\/tiendapadel5.com\/pt-pt\/wp-json\/wp\/v2\/product\/216561","targetHints":{"allow":["GET"]}}],"collection":[{"href":"https:\/\/tiendapadel5.com\/pt-pt\/wp-json\/wp\/v2\/product"}],"about":[{"href":"https:\/\/tiendapadel5.com\/pt-pt\/wp-json\/wp\/v2\/types\/product"}],"replies":[{"embeddable":true,"href":"https:\/\/tiendapadel5.com\/pt-pt\/wp-json\/wp\/v2\/comments?post=216561"}],"version-history":[{"count":0,"href":"https:\/\/tiendapadel5.com\/pt-pt\/wp-json\/wp\/v2\/product\/216561\/revisions"}],"wp:featuredmedia":[{"embeddable":true,"href":"https:\/\/tiendapadel5.com\/pt-pt\/wp-json\/wp\/v2\/media\/216569"}],"wp:attachment":[{"href":"https:\/\/tiendapadel5.com\/pt-pt\/wp-json\/wp\/v2\/media?parent=216561"}],"wp:term":[{"taxonomy":"pwb-brand","embeddable":true,"href":"https:\/\/tiendapadel5.com\/pt-pt\/wp-json\/wp\/v2\/pwb-brand?post=216561"},{"taxonomy":"product_brand","embeddable":true,"href":"https:\/\/tiendapadel5.com\/pt-pt\/wp-json\/wp\/v2\/product_brand?post=216561"},{"taxonomy":"product_cat","embeddable":true,"href":"https:\/\/tiendapadel5.com\/pt-pt\/wp-json\/wp\/v2\/product_cat?post=216561"},{"taxonomy":"product_tag","embeddable":true,"href":"https:\/\/tiendapadel5.com\/pt-pt\/wp-json\/wp\/v2\/product_tag?post=216561"}],"curies":[{"name":"wp","href":"https:\/\/api.w.org\/{rel}","templated":true}]}}