{"id":215034,"date":"2025-08-13T23:16:53","date_gmt":"2025-08-13T22:16:53","guid":{"rendered":"https:\/\/tiendapadel5.com\/?post_type=product&#038;p=215034"},"modified":"2026-04-28T18:36:59","modified_gmt":"2026-04-28T16:36:59","slug":"mochila-nox-pro-series-azul-marino","status":"publish","type":"product","link":"https:\/\/tiendapadel5.com\/pt-pt\/mochila-nox-pro-series-azul-marino\/","title":{"rendered":"Mochila Nox Pro Series Azul Marino"},"content":{"rendered":"<h2>Mochila Nox Pro Series Azul Marino 2023<\/h2>\n<p><strong>Caracter\u00edsticas:<\/strong><\/p>\n<ul>\n<li>Compartimento\u00a0principal #1 para pala u ordenador.\u00a0Cuenta con un revestimiento acolchado\u00a0para m\u00e1xima protecci\u00f3n.<\/li>\n<li>Compartimento principal #2 para pala, equipaci\u00f3n y accesorios.<\/li>\n<li>Compartimento lateral independiente para zapatillas con sistema de aeraci\u00f3n.<\/li>\n<li>Bolsillo frontal para accesorios llaves, cartera, tarjeta del club\u2026<\/li>\n<li>Bolsillo lateral con maya para bote de bolas o botella de agua.<\/li>\n<li>Correas y dorso acolchado para mayor comfort.<\/li>\n<li>Textiles ergon\u00f3micos para optimizar el agarre y la circulaci\u00f3n del aire.<\/li>\n<\/ul>\n<p>&nbsp;<\/p>\n","protected":false},"excerpt":{"rendered":"<p>La Mochila Nox Pro Series Azul Marino 2023, est\u00e1 fabricada con materiales de primera y con un dise\u00f1o bien pensado, nuestra mochila lo tiene todo: es pr\u00e1ctica y con onda. Tiene un mont\u00f3n de espacio y compartimentos bien organizados para que lleves de todo \u2014desde el ordenador y libros, hasta todo tu equipo de p\u00e1del\u2014 pala, zapatillas, ropa y lo que necesites.<\/p>\n","protected":false},"featured_media":215056,"comment_status":"open","ping_status":"closed","template":"","meta":{"_joinchat":[]},"pwb-brand":[34],"product_brand":[],"product_cat":[20,1357],"product_tag":[1384,295,782,256,130,176,1092],"class_list":{"0":"post-215034","1":"product","2":"type-product","3":"status-publish","4":"has-post-thumbnail","6":"pwb-brand-nox","7":"product_cat-paleteros-de-padel","8":"product_cat-mochilas-nox","9":"product_tag-1384","10":"product_tag-azul","11":"product_tag-marino","12":"product_tag-mochila","13":"product_tag-nox","14":"product_tag-pro","15":"product_tag-series","17":"first","18":"instock","19":"sale","20":"taxable","21":"shipping-taxable","22":"purchasable","23":"product-type-simple"},"brands":[{"id":34,"name":"Nox","slug":"nox"}],"_links":{"self":[{"href":"https:\/\/tiendapadel5.com\/pt-pt\/wp-json\/wp\/v2\/product\/215034","targetHints":{"allow":["GET"]}}],"collection":[{"href":"https:\/\/tiendapadel5.com\/pt-pt\/wp-json\/wp\/v2\/product"}],"about":[{"href":"https:\/\/tiendapadel5.com\/pt-pt\/wp-json\/wp\/v2\/types\/product"}],"replies":[{"embeddable":true,"href":"https:\/\/tiendapadel5.com\/pt-pt\/wp-json\/wp\/v2\/comments?post=215034"}],"version-history":[{"count":2,"href":"https:\/\/tiendapadel5.com\/pt-pt\/wp-json\/wp\/v2\/product\/215034\/revisions"}],"predecessor-version":[{"id":254914,"href":"https:\/\/tiendapadel5.com\/pt-pt\/wp-json\/wp\/v2\/product\/215034\/revisions\/254914"}],"wp:featuredmedia":[{"embeddable":true,"href":"https:\/\/tiendapadel5.com\/pt-pt\/wp-json\/wp\/v2\/media\/215056"}],"wp:attachment":[{"href":"https:\/\/tiendapadel5.com\/pt-pt\/wp-json\/wp\/v2\/media?parent=215034"}],"wp:term":[{"taxonomy":"pwb-brand","embeddable":true,"href":"https:\/\/tiendapadel5.com\/pt-pt\/wp-json\/wp\/v2\/pwb-brand?post=215034"},{"taxonomy":"product_brand","embeddable":true,"href":"https:\/\/tiendapadel5.com\/pt-pt\/wp-json\/wp\/v2\/product_brand?post=215034"},{"taxonomy":"product_cat","embeddable":true,"href":"https:\/\/tiendapadel5.com\/pt-pt\/wp-json\/wp\/v2\/product_cat?post=215034"},{"taxonomy":"product_tag","embeddable":true,"href":"https:\/\/tiendapadel5.com\/pt-pt\/wp-json\/wp\/v2\/product_tag?post=215034"}],"curies":[{"name":"wp","href":"https:\/\/api.w.org\/{rel}","templated":true}]}}