{"id":214688,"date":"2025-08-12T14:00:47","date_gmt":"2025-08-12T13:00:47","guid":{"rendered":"https:\/\/tiendapadel5.com\/?post_type=product&#038;p=214688"},"modified":"2026-02-26T10:56:44","modified_gmt":"2026-02-26T09:56:44","slug":"short-bullpadel-legar-oceano-profundo-2025","status":"publish","type":"product","link":"https:\/\/tiendapadel5.com\/pt-pt\/short-bullpadel-legar-oceano-profundo-2025\/","title":{"rendered":"Short Bullpadel Legar Oceano Profundo 2025"},"content":{"rendered":"<h2>Short Bullpadel Legar Oceano Profundo 2025<\/h2>\n<p><strong>Caracter\u00edsticas:<\/strong><\/p>\n<div class=\"description-attributes\"><strong><span class=\"description-attributes-label\">Marca:<\/span><\/strong>\u00a0<span class=\"description-attributes-value\">Bullpadel<\/span><\/div>\n<div class=\"description-attributes\"><strong><span class=\"description-attributes-label\">Tipo de Prenda:<\/span><\/strong>\u00a0Pantal\u00f3n Corto<\/div>\n<div class=\"description-attributes\"><strong><span class=\"description-attributes-label\">Jugador:<\/span><\/strong>\u00a0<span class=\"description-attributes-value\">Hombre<\/span><\/div>\n<div class=\"description-attributes\"><strong><span class=\"description-attributes-label\">Producto:<\/span><\/strong>\u00a0<span class=\"description-attributes-value\">Ropa<\/span><\/div>\n","protected":false},"excerpt":{"rendered":"<p>El Short Bullpadel Legar Oceano Profundo 2025, es una prenda que hecha con toda la onda y detalles que de verdad se notan. Est\u00e1 pensada para que rindas al m\u00e1ximo en la cancha, sin dejar de verte bien. Te acompa\u00f1a en cada jugada con toda la comodidad del mundo, y gracias a su dise\u00f1o t\u00e9cnico y sus toques funcionales, marca la diferencia en cada partido.<\/p>\n","protected":false},"featured_media":214705,"comment_status":"open","ping_status":"closed","template":"","meta":{"_joinchat":[]},"pwb-brand":[31],"product_brand":[],"product_cat":[21,102,447,46],"product_tag":[9781,319,11171,661,662,601],"class_list":{"0":"post-214688","1":"product","2":"type-product","3":"status-publish","4":"has-post-thumbnail","6":"pwb-brand-bullpadel","7":"product_cat-ropa-padel","8":"product_cat-pantalones-cortos","9":"product_cat-ropa-bullpadel","10":"product_cat-hombre","11":"product_tag-9781","12":"product_tag-bullpadel","13":"product_tag-legar","14":"product_tag-oceano","15":"product_tag-profundo","16":"product_tag-short","17":"pa_talla-l","18":"pa_talla-m","19":"pa_talla-s","20":"pa_talla-xl","22":"first","23":"instock","24":"sale","25":"taxable","26":"shipping-taxable","27":"purchasable","28":"product-type-variable"},"brands":[{"id":31,"name":"Bullpadel","slug":"bullpadel"}],"_links":{"self":[{"href":"https:\/\/tiendapadel5.com\/pt-pt\/wp-json\/wp\/v2\/product\/214688","targetHints":{"allow":["GET"]}}],"collection":[{"href":"https:\/\/tiendapadel5.com\/pt-pt\/wp-json\/wp\/v2\/product"}],"about":[{"href":"https:\/\/tiendapadel5.com\/pt-pt\/wp-json\/wp\/v2\/types\/product"}],"replies":[{"embeddable":true,"href":"https:\/\/tiendapadel5.com\/pt-pt\/wp-json\/wp\/v2\/comments?post=214688"}],"version-history":[{"count":0,"href":"https:\/\/tiendapadel5.com\/pt-pt\/wp-json\/wp\/v2\/product\/214688\/revisions"}],"wp:featuredmedia":[{"embeddable":true,"href":"https:\/\/tiendapadel5.com\/pt-pt\/wp-json\/wp\/v2\/media\/214705"}],"wp:attachment":[{"href":"https:\/\/tiendapadel5.com\/pt-pt\/wp-json\/wp\/v2\/media?parent=214688"}],"wp:term":[{"taxonomy":"pwb-brand","embeddable":true,"href":"https:\/\/tiendapadel5.com\/pt-pt\/wp-json\/wp\/v2\/pwb-brand?post=214688"},{"taxonomy":"product_brand","embeddable":true,"href":"https:\/\/tiendapadel5.com\/pt-pt\/wp-json\/wp\/v2\/product_brand?post=214688"},{"taxonomy":"product_cat","embeddable":true,"href":"https:\/\/tiendapadel5.com\/pt-pt\/wp-json\/wp\/v2\/product_cat?post=214688"},{"taxonomy":"product_tag","embeddable":true,"href":"https:\/\/tiendapadel5.com\/pt-pt\/wp-json\/wp\/v2\/product_tag?post=214688"}],"curies":[{"name":"wp","href":"https:\/\/api.w.org\/{rel}","templated":true}]}}