{"id":214502,"date":"2025-08-12T10:28:45","date_gmt":"2025-08-12T09:28:45","guid":{"rendered":"https:\/\/tiendapadel5.com\/?post_type=product&#038;p=214502"},"modified":"2025-08-12T10:28:59","modified_gmt":"2025-08-12T09:28:59","slug":"sudadera-bullpadel-boyal-hibisco-2025","status":"publish","type":"product","link":"https:\/\/tiendapadel5.com\/pt-pt\/sudadera-bullpadel-boyal-hibisco-2025\/","title":{"rendered":"Sudadera Bullpadel Boyal Hibisco 2025"},"content":{"rendered":"<h2>Sudadera Bullpadel Boyal Hibisco 2025<\/h2>\n<p><strong>Caracter\u00edsticas:<\/strong><\/p>\n<div class=\"description-attributes\"><strong><span class=\"description-attributes-label\">Marca:<\/span><\/strong>\u00a0<span class=\"description-attributes-value\">Bullpadel<\/span><\/div>\n<div class=\"description-attributes\"><strong><span class=\"description-attributes-label\">Tipo de Prenda:<\/span><\/strong>\u00a0<span class=\"description-attributes-value\">Sudaderas<\/span><\/div>\n<div class=\"description-attributes\"><strong><span class=\"description-attributes-label\">Jugador:<\/span><\/strong>\u00a0<span class=\"description-attributes-value\">Hombre<\/span><\/div>\n<div class=\"description-attributes\"><strong><span class=\"description-attributes-label\">Producto:<\/span><\/strong>\u00a0<span class=\"description-attributes-value\">Ropa<\/span><\/div>\n","protected":false},"excerpt":{"rendered":"<p>La Sudadera Bullpadel Boyal Hibisco 2025, esta dise\u00f1ada para estar bien abrigado antes y despu\u00e9s del partido, esta sudadera te da comodidad y facha al mismo tiempo. Est\u00e1 hecha para que rindas al m\u00e1ximo en la pista sin dejar de verte bien. Acompa\u00f1a cada movimiento sin molestarte, y sus detalles pensados al mil\u00edmetro hacen que se note la diferencia cada vez que juegas. Ideal para mantener el calor mientras descans\u00e1s o entr\u00e1s en calor<\/p>\n","protected":false},"featured_media":214524,"comment_status":"open","ping_status":"closed","template":"","meta":{"_joinchat":[]},"pwb-brand":[31],"product_brand":[],"product_cat":[21,447,46,105,5901],"product_tag":[9781,11168,319,11169,517],"class_list":{"0":"post-214502","1":"product","2":"type-product","3":"status-publish","4":"has-post-thumbnail","6":"pwb-brand-bullpadel","7":"product_cat-ropa-padel","8":"product_cat-ropa-bullpadel","9":"product_cat-hombre","10":"product_cat-sudaderas","11":"product_cat-sudaderass","12":"product_tag-9781","13":"product_tag-boyal","14":"product_tag-bullpadel","15":"product_tag-hibisco","16":"product_tag-sudadera","17":"pa_talla-l","18":"pa_talla-m","19":"pa_talla-s","20":"pa_talla-xl","22":"first","23":"instock","24":"sale","25":"taxable","26":"shipping-taxable","27":"purchasable","28":"product-type-variable"},"brands":[{"id":31,"name":"Bullpadel","slug":"bullpadel"}],"_links":{"self":[{"href":"https:\/\/tiendapadel5.com\/pt-pt\/wp-json\/wp\/v2\/product\/214502","targetHints":{"allow":["GET"]}}],"collection":[{"href":"https:\/\/tiendapadel5.com\/pt-pt\/wp-json\/wp\/v2\/product"}],"about":[{"href":"https:\/\/tiendapadel5.com\/pt-pt\/wp-json\/wp\/v2\/types\/product"}],"replies":[{"embeddable":true,"href":"https:\/\/tiendapadel5.com\/pt-pt\/wp-json\/wp\/v2\/comments?post=214502"}],"version-history":[{"count":0,"href":"https:\/\/tiendapadel5.com\/pt-pt\/wp-json\/wp\/v2\/product\/214502\/revisions"}],"wp:featuredmedia":[{"embeddable":true,"href":"https:\/\/tiendapadel5.com\/pt-pt\/wp-json\/wp\/v2\/media\/214524"}],"wp:attachment":[{"href":"https:\/\/tiendapadel5.com\/pt-pt\/wp-json\/wp\/v2\/media?parent=214502"}],"wp:term":[{"taxonomy":"pwb-brand","embeddable":true,"href":"https:\/\/tiendapadel5.com\/pt-pt\/wp-json\/wp\/v2\/pwb-brand?post=214502"},{"taxonomy":"product_brand","embeddable":true,"href":"https:\/\/tiendapadel5.com\/pt-pt\/wp-json\/wp\/v2\/product_brand?post=214502"},{"taxonomy":"product_cat","embeddable":true,"href":"https:\/\/tiendapadel5.com\/pt-pt\/wp-json\/wp\/v2\/product_cat?post=214502"},{"taxonomy":"product_tag","embeddable":true,"href":"https:\/\/tiendapadel5.com\/pt-pt\/wp-json\/wp\/v2\/product_tag?post=214502"}],"curies":[{"name":"wp","href":"https:\/\/api.w.org\/{rel}","templated":true}]}}