{"id":213990,"date":"2025-08-07T17:17:26","date_gmt":"2025-08-07T16:17:26","guid":{"rendered":"https:\/\/tiendapadel5.com\/?post_type=product&#038;p=213990"},"modified":"2026-03-19T11:30:09","modified_gmt":"2026-03-19T10:30:09","slug":"zapatillas-bullpadel-move-pro-blanco","status":"publish","type":"product","link":"https:\/\/tiendapadel5.com\/pt-pt\/zapatillas-bullpadel-move-pro-blanco\/","title":{"rendered":"Zapatillas Bullpadel Move Pro Blanco"},"content":{"rendered":"<h2>Zapatillas Bullpadel Move Pro Blanco<\/h2>\n<p><strong>Caracter\u00edsticas:<\/strong><\/p>\n<p><strong>Color:<\/strong> Blanco<\/p>\n","protected":false},"excerpt":{"rendered":"<p>Las Zapatillas Bullpadel Move Pro Blanco, estan dise\u00f1adas para usarse como todoterreno es ideal para usar fuera de la pista. Lleva una mediasuela de phylon que te da buena amortiguaci\u00f3n y estabilidad, as\u00ed que resulta s\u00faper c\u00f3moda. Adem\u00e1s, el upper de malla t\u00e9cnica deja que el pie respire y te da sujeci\u00f3n justo donde m\u00e1s lo necesitas.<\/p>\n","protected":false},"featured_media":214014,"comment_status":"open","ping_status":"closed","template":"","meta":{"_joinchat":[]},"pwb-brand":[31],"product_brand":[],"product_cat":[22,439,52],"product_tag":[405,319,11159,176,300],"class_list":{"0":"post-213990","1":"product","2":"type-product","3":"status-publish","4":"has-post-thumbnail","6":"pwb-brand-bullpadel","7":"product_cat-zapatillas-de-padel","8":"product_cat-zapatillas-bullpadel","9":"product_cat-para-hombre","10":"product_tag-blanco","11":"product_tag-bullpadel","12":"product_tag-move","13":"product_tag-pro","14":"product_tag-zapatillas","15":"pa_talla-279","16":"pa_talla-280","17":"pa_talla-281","18":"pa_talla-282","19":"pa_talla-283","20":"pa_talla-284","22":"first","23":"instock","24":"sale","25":"taxable","26":"shipping-taxable","27":"purchasable","28":"product-type-variable"},"brands":[{"id":31,"name":"Bullpadel","slug":"bullpadel"}],"_links":{"self":[{"href":"https:\/\/tiendapadel5.com\/pt-pt\/wp-json\/wp\/v2\/product\/213990","targetHints":{"allow":["GET"]}}],"collection":[{"href":"https:\/\/tiendapadel5.com\/pt-pt\/wp-json\/wp\/v2\/product"}],"about":[{"href":"https:\/\/tiendapadel5.com\/pt-pt\/wp-json\/wp\/v2\/types\/product"}],"replies":[{"embeddable":true,"href":"https:\/\/tiendapadel5.com\/pt-pt\/wp-json\/wp\/v2\/comments?post=213990"}],"version-history":[{"count":0,"href":"https:\/\/tiendapadel5.com\/pt-pt\/wp-json\/wp\/v2\/product\/213990\/revisions"}],"wp:featuredmedia":[{"embeddable":true,"href":"https:\/\/tiendapadel5.com\/pt-pt\/wp-json\/wp\/v2\/media\/214014"}],"wp:attachment":[{"href":"https:\/\/tiendapadel5.com\/pt-pt\/wp-json\/wp\/v2\/media?parent=213990"}],"wp:term":[{"taxonomy":"pwb-brand","embeddable":true,"href":"https:\/\/tiendapadel5.com\/pt-pt\/wp-json\/wp\/v2\/pwb-brand?post=213990"},{"taxonomy":"product_brand","embeddable":true,"href":"https:\/\/tiendapadel5.com\/pt-pt\/wp-json\/wp\/v2\/product_brand?post=213990"},{"taxonomy":"product_cat","embeddable":true,"href":"https:\/\/tiendapadel5.com\/pt-pt\/wp-json\/wp\/v2\/product_cat?post=213990"},{"taxonomy":"product_tag","embeddable":true,"href":"https:\/\/tiendapadel5.com\/pt-pt\/wp-json\/wp\/v2\/product_tag?post=213990"}],"curies":[{"name":"wp","href":"https:\/\/api.w.org\/{rel}","templated":true}]}}