{"id":211521,"date":"2025-07-11T00:14:00","date_gmt":"2025-07-10T23:14:00","guid":{"rendered":"https:\/\/tiendapadel5.com\/?post_type=product&#038;p=211521"},"modified":"2025-08-09T18:24:20","modified_gmt":"2025-08-09T17:24:20","slug":"falda-endless-race-grey","status":"publish","type":"product","link":"https:\/\/tiendapadel5.com\/pt-pt\/falda-endless-race-grey\/","title":{"rendered":"Falda Endless Race Grey"},"content":{"rendered":"<h2>Falda Endless Race Grey<\/h2>\n<p><strong>Caracter\u00edsticas:<\/strong><\/p>\n<p><strong>Base:<\/strong>\u00a080% Poliamida\u2013 20% Lycra\u00ae<\/p>\n<p><strong>Cintura:<\/strong>\u00a072% Poliamida\u2013 28% Elastano<\/p>\n<p><strong>Short:<\/strong>\u00a080% Poliamida\u2013 20% Lycra\u00ae<\/p>\n","protected":false},"excerpt":{"rendered":"<p>La Falda Endless Race Grey, dise\u00f1ada con el\u00a0tejido Pro-Dynamic ofrece una libertad de movimiento excepcional. Es muy ligero y de tacto suave, ajust\u00e1ndose al cuerpo gracias a su alta elasticidad. Adem\u00e1s, elimina el sudor de manera eficiente para favorecer un secado r\u00e1pido de la prenda. Incorpora un c\u00f3modo short interior y cuenta con protecci\u00f3n solar UPF\u202f50.<\/p>\n","protected":false},"featured_media":211529,"comment_status":"open","ping_status":"closed","template":"","meta":{"_joinchat":[]},"pwb-brand":[11105],"product_brand":[],"product_cat":[4883,4255,11108,4923],"product_tag":[11103,506,10512,11109],"class_list":{"0":"post-211521","1":"product","2":"type-product","3":"status-publish","4":"has-post-thumbnail","6":"pwb-brand-endless","7":"product_cat-padelrokken","8":"product_cat-padelkleding","9":"product_cat-ropa-de-padel-endless","10":"product_cat-dameskleding-padel","11":"product_tag-endless","12":"product_tag-falda","13":"product_tag-grijs-nl","14":"product_tag-race","15":"pa_talla-l-nl","16":"pa_talla-m-nl","17":"pa_talla-s-nl","19":"first","20":"instock","21":"sale","22":"taxable","23":"shipping-taxable","24":"purchasable","25":"product-type-variable"},"brands":[{"id":11105,"name":"Endless","slug":"endless"}],"_links":{"self":[{"href":"https:\/\/tiendapadel5.com\/pt-pt\/wp-json\/wp\/v2\/product\/211521","targetHints":{"allow":["GET"]}}],"collection":[{"href":"https:\/\/tiendapadel5.com\/pt-pt\/wp-json\/wp\/v2\/product"}],"about":[{"href":"https:\/\/tiendapadel5.com\/pt-pt\/wp-json\/wp\/v2\/types\/product"}],"replies":[{"embeddable":true,"href":"https:\/\/tiendapadel5.com\/pt-pt\/wp-json\/wp\/v2\/comments?post=211521"}],"version-history":[{"count":0,"href":"https:\/\/tiendapadel5.com\/pt-pt\/wp-json\/wp\/v2\/product\/211521\/revisions"}],"wp:featuredmedia":[{"embeddable":true,"href":"https:\/\/tiendapadel5.com\/pt-pt\/wp-json\/wp\/v2\/media\/211529"}],"wp:attachment":[{"href":"https:\/\/tiendapadel5.com\/pt-pt\/wp-json\/wp\/v2\/media?parent=211521"}],"wp:term":[{"taxonomy":"pwb-brand","embeddable":true,"href":"https:\/\/tiendapadel5.com\/pt-pt\/wp-json\/wp\/v2\/pwb-brand?post=211521"},{"taxonomy":"product_brand","embeddable":true,"href":"https:\/\/tiendapadel5.com\/pt-pt\/wp-json\/wp\/v2\/product_brand?post=211521"},{"taxonomy":"product_cat","embeddable":true,"href":"https:\/\/tiendapadel5.com\/pt-pt\/wp-json\/wp\/v2\/product_cat?post=211521"},{"taxonomy":"product_tag","embeddable":true,"href":"https:\/\/tiendapadel5.com\/pt-pt\/wp-json\/wp\/v2\/product_tag?post=211521"}],"curies":[{"name":"wp","href":"https:\/\/api.w.org\/{rel}","templated":true}]}}