{"id":211044,"date":"2025-07-09T00:52:10","date_gmt":"2025-07-08T23:52:10","guid":{"rendered":"https:\/\/tiendapadel5.com\/?post_type=product&#038;p=211044"},"modified":"2026-03-24T13:53:18","modified_gmt":"2026-03-24T12:53:18","slug":"gafas-endless-shelter-pro-black-blue","status":"publish","type":"product","link":"https:\/\/tiendapadel5.com\/pt-pt\/gafas-endless-shelter-pro-black-blue\/","title":{"rendered":"Gafas Endless Shelter Pro Black-Blue"},"content":{"rendered":"<h2>Gafas Endless Shelter Pro Black-Blue<\/h2>\n<p><strong>Caracter\u00edsticas:<\/strong><\/p>\n<p><strong>GOLPES SIN REFLEJOS. PRECISI\u00d3N SIN L\u00cdMITES:\u00a0<\/strong>Todas las Endless\u00ae Shelter Pro incorporan cristales polarizados, una tecnolog\u00eda que evita reflejos y brillos excesivos, proporcionando una visi\u00f3n m\u00e1s n\u00edtida, m\u00e1s clara y con mayor contraste.<\/p>\n<p><strong>PROTECCI\u00d3N 100% UV400:\u00a0<\/strong>Con la aplicaci\u00f3n de filtros S3 Y S4 y una protecci\u00f3n UV400, los cristales de las Endless\u00ae Shelter Pro bloquean los rayos de luz con longitudes de onda de hasta 400 nan\u00f3metros, incluyendo todos los rayos UVA, UVB y UVC.<\/p>\n<p><strong>TECNOLOG\u00cdA ANTI-SCRATCH:\u00a0<\/strong>Los cristales de las Endless\u00ae Shelter Pro incorporan un recubrimiento de policarbonato inyectado que aumenta significativamente la resistencia a las rayadas, alargando la vida \u00fatil de las gafas y proporcionando siempre una visi\u00f3n clara y n\u00edtida.<\/p>\n<p><strong>PROTECCI\u00d3N CONTRA IMPACTOS:\u00a0<\/strong>El revestimiento en policarbonato de alta calidad, un material flexible y resistente que se dobla en caso de impacto, ayuda e evitar la rotura del cristal.<\/p>\n<p><strong>MONTURA TR-90:\u00a0<\/strong>La montura est\u00e1 fabricada en TR-90, un material ultra-ligero, flexible y extremadamente resistente que evitar\u00e1 posibles roturas en caso de impacto. EL TR-90 es tambi\u00e9n altamente resistente al desgaste, la deformaci\u00f3n y la abrasi\u00f3n, llegando a soportar hasta 350\u00ba sin fundirse.<\/p>\n<p><strong>PUENTE AJUSTABLE:\u00a0<\/strong>La pieza del puente est\u00e1 dise\u00f1ada para que puedas adaptarla f\u00e1cilmente a la forma y tama\u00f1o de tu nariz para conseguir un ajuste perfecto.<\/p>\n<p><strong>VENTILACI\u00d3N ANTI-VAHO:\u00a0<\/strong>La montura de las Endless\u00ae Shelter Pro est\u00e1 dise\u00f1ada para maximizar el flujo de aire de manera integral, con el objetivo de disipar el calor y reducir el empa\u00f1amiento de los cristales.<\/p>\n<p><strong>AGARRE ANTI-MOVIMIENTO &amp; ANTI-HUMEDAD:\u00a0<\/strong>El interior de las varillas incorpora una pieza de goma adherente que evita que las gafas se muevan, incluso cuando empiezas a sudar.<\/p>\n","protected":false},"excerpt":{"rendered":"<p style=\"text-align: left;\">Las Gafas Endless Shelter Pro Black-Blue, se adaptan perfectamente a cualquier tipo de cara a su puente nasal ajustable y a una pieza antideslizante que lleva y que garantiza una sujecci\u00f3n optima.<\/p>\n","protected":false},"featured_media":211059,"comment_status":"open","ping_status":"closed","template":"","meta":{"_joinchat":[]},"pwb-brand":[],"product_brand":[],"product_cat":[4315,11107,11101],"product_tag":[1551,1660,11103,11102,1545,11104],"class_list":{"0":"post-211044","1":"product","2":"type-product","3":"status-publish","4":"has-post-thumbnail","6":"product_cat-accesori-padel","7":"product_cat-acc-endless","8":"product_cat-gafas","9":"product_tag-nero","10":"product_tag-blu","11":"product_tag-endless","12":"product_tag-gafas","13":"product_tag-professionista","14":"product_tag-shelter","16":"first","17":"outofstock","18":"sale","19":"taxable","20":"shipping-taxable","21":"purchasable","22":"product-type-simple"},"brands":[],"_links":{"self":[{"href":"https:\/\/tiendapadel5.com\/pt-pt\/wp-json\/wp\/v2\/product\/211044","targetHints":{"allow":["GET"]}}],"collection":[{"href":"https:\/\/tiendapadel5.com\/pt-pt\/wp-json\/wp\/v2\/product"}],"about":[{"href":"https:\/\/tiendapadel5.com\/pt-pt\/wp-json\/wp\/v2\/types\/product"}],"replies":[{"embeddable":true,"href":"https:\/\/tiendapadel5.com\/pt-pt\/wp-json\/wp\/v2\/comments?post=211044"}],"version-history":[{"count":0,"href":"https:\/\/tiendapadel5.com\/pt-pt\/wp-json\/wp\/v2\/product\/211044\/revisions"}],"wp:featuredmedia":[{"embeddable":true,"href":"https:\/\/tiendapadel5.com\/pt-pt\/wp-json\/wp\/v2\/media\/211059"}],"wp:attachment":[{"href":"https:\/\/tiendapadel5.com\/pt-pt\/wp-json\/wp\/v2\/media?parent=211044"}],"wp:term":[{"taxonomy":"pwb-brand","embeddable":true,"href":"https:\/\/tiendapadel5.com\/pt-pt\/wp-json\/wp\/v2\/pwb-brand?post=211044"},{"taxonomy":"product_brand","embeddable":true,"href":"https:\/\/tiendapadel5.com\/pt-pt\/wp-json\/wp\/v2\/product_brand?post=211044"},{"taxonomy":"product_cat","embeddable":true,"href":"https:\/\/tiendapadel5.com\/pt-pt\/wp-json\/wp\/v2\/product_cat?post=211044"},{"taxonomy":"product_tag","embeddable":true,"href":"https:\/\/tiendapadel5.com\/pt-pt\/wp-json\/wp\/v2\/product_tag?post=211044"}],"curies":[{"name":"wp","href":"https:\/\/api.w.org\/{rel}","templated":true}]}}