{"id":195784,"date":"2025-02-16T21:03:59","date_gmt":"2025-02-16T20:03:59","guid":{"rendered":"https:\/\/tiendapadel5.com\/kelme-tiger\/"},"modified":"2025-02-16T21:03:59","modified_gmt":"2025-02-16T20:03:59","slug":"kelme-tiger","status":"publish","type":"product","link":"https:\/\/tiendapadel5.com\/pt-pt\/kelme-tiger\/","title":{"rendered":"Kelme Tiger"},"content":{"rendered":"<h2>Kelme Tiger<\/h2>\n<p><strong>Carater\u00edsticas:<\/strong><\/p>\n<p><strong>Forma<\/strong>: Gota de l\u00e1grima<\/p>\n<p><strong>Estrutura:<\/strong> 100% fibra de carbono<\/p>\n<p><strong>Face:<\/strong> 100% fibra de carbono<\/p>\n<p><strong>Materiais:<\/strong> Borracha Eva de alta qualidade<\/p>\n","protected":false},"excerpt":{"rendered":"<p>A Kelme Tiger \u00e9 uma raquete em forma de l\u00e1grima com 12k de carbono nas faces, destinada a jogadores avan\u00e7ados que procuram uma raquete que tenha um equil\u00edbrio perfeito entre pot\u00eancia e controlo.<\/p>\n","protected":false},"featured_media":193042,"comment_status":"open","ping_status":"closed","template":"","meta":{"_joinchat":[]},"pwb-brand":[1256],"product_brand":[],"product_cat":[19,9783,1257],"product_tag":[1262,10589],"class_list":{"0":"post-195784","1":"product","2":"type-product","3":"status-publish","4":"has-post-thumbnail","6":"pwb-brand-kelme-padel","7":"product_cat-palas-padel","8":"product_cat-9783","9":"product_cat-kelme","10":"product_tag-kelme","11":"product_tag-tiger","12":"pa_forma-lagrima","13":"pa_marco-fibra-de-carbono","14":"pa_nivel-de-juego-avanzado-profesional","15":"pa_tipo-de-juego-polivalente","17":"first","18":"instock","19":"sale","20":"taxable","21":"shipping-taxable","22":"purchasable","23":"product-type-simple"},"brands":[{"id":1256,"name":"Kelme P\u00e1del","slug":"kelme-padel"}],"_links":{"self":[{"href":"https:\/\/tiendapadel5.com\/pt-pt\/wp-json\/wp\/v2\/product\/195784","targetHints":{"allow":["GET"]}}],"collection":[{"href":"https:\/\/tiendapadel5.com\/pt-pt\/wp-json\/wp\/v2\/product"}],"about":[{"href":"https:\/\/tiendapadel5.com\/pt-pt\/wp-json\/wp\/v2\/types\/product"}],"replies":[{"embeddable":true,"href":"https:\/\/tiendapadel5.com\/pt-pt\/wp-json\/wp\/v2\/comments?post=195784"}],"version-history":[{"count":0,"href":"https:\/\/tiendapadel5.com\/pt-pt\/wp-json\/wp\/v2\/product\/195784\/revisions"}],"wp:featuredmedia":[{"embeddable":true,"href":"https:\/\/tiendapadel5.com\/pt-pt\/wp-json\/wp\/v2\/media\/193042"}],"wp:attachment":[{"href":"https:\/\/tiendapadel5.com\/pt-pt\/wp-json\/wp\/v2\/media?parent=195784"}],"wp:term":[{"taxonomy":"pwb-brand","embeddable":true,"href":"https:\/\/tiendapadel5.com\/pt-pt\/wp-json\/wp\/v2\/pwb-brand?post=195784"},{"taxonomy":"product_brand","embeddable":true,"href":"https:\/\/tiendapadel5.com\/pt-pt\/wp-json\/wp\/v2\/product_brand?post=195784"},{"taxonomy":"product_cat","embeddable":true,"href":"https:\/\/tiendapadel5.com\/pt-pt\/wp-json\/wp\/v2\/product_cat?post=195784"},{"taxonomy":"product_tag","embeddable":true,"href":"https:\/\/tiendapadel5.com\/pt-pt\/wp-json\/wp\/v2\/product_tag?post=195784"}],"curies":[{"name":"wp","href":"https:\/\/api.w.org\/{rel}","templated":true}]}}