{"id":195763,"date":"2025-02-12T02:13:10","date_gmt":"2025-02-12T01:13:10","guid":{"rendered":"https:\/\/tiendapadel5.com\/wilson-defy-v1-padel\/"},"modified":"2025-12-19T07:14:13","modified_gmt":"2025-12-19T06:14:13","slug":"wilson-defy-v1-padel","status":"publish","type":"product","link":"https:\/\/tiendapadel5.com\/pt-pt\/wilson-defy-v1-padel\/","title":{"rendered":"Wilson Defy V1 Padel"},"content":{"rendered":"<h2>Wilson Defy V1 Padel<\/h2>\n<p><strong>Carater\u00edsticas:<\/strong><\/p>\n<table>\n<thead>\n<tr>\n<th class=\"translate\">Balan\u00e7a<\/th>\n<td class=\"translate\">265 mm<\/td>\n<\/tr>\n<tr>\n<th class=\"translate\">Comprimento<\/th>\n<td class=\"translate\">455 mm<\/td>\n<\/tr>\n<tr>\n<th class=\"translate\">Forma da l\u00e2mina<\/th>\n<td class=\"translate\">Diamante<\/td>\n<\/tr>\n<tr>\n<th class=\"translate\">Peso<\/th>\n<td class=\"translate\">365 g<\/td>\n<\/tr>\n<\/thead>\n<\/table>\n","protected":false},"excerpt":{"rendered":"<p>A raquete Wilson Defy V1 Padel, destina-se a jogadores avan\u00e7ados que procuram uma raquete que se sinta r\u00e1pida e \u00e1gil, para poder gerar efeitos e golpes agressivos.<\/p>\n","protected":false},"featured_media":192578,"comment_status":"open","ping_status":"closed","template":"","meta":{"_joinchat":[]},"pwb-brand":[37],"product_brand":[],"product_cat":[19,9783,415],"product_tag":[9781,10582,85,10583,222],"class_list":{"0":"post-195763","1":"product","2":"type-product","3":"status-publish","4":"has-post-thumbnail","6":"pwb-brand-wilson","7":"product_cat-palas-padel","8":"product_cat-9783","9":"product_cat-wilson","10":"product_tag-9781","11":"product_tag-defy","12":"product_tag-padel","13":"product_tag-v1","14":"product_tag-wilson","15":"pa_forma-diamante","16":"pa_marco-fibra-de-carbono","17":"pa_nivel-de-juego-avanzado-profesional","18":"pa_tipo-de-juego-polivalente","20":"first","21":"instock","22":"sale","23":"taxable","24":"shipping-taxable","25":"purchasable","26":"product-type-simple"},"brands":[{"id":37,"name":"Wilson","slug":"wilson"}],"_links":{"self":[{"href":"https:\/\/tiendapadel5.com\/pt-pt\/wp-json\/wp\/v2\/product\/195763","targetHints":{"allow":["GET"]}}],"collection":[{"href":"https:\/\/tiendapadel5.com\/pt-pt\/wp-json\/wp\/v2\/product"}],"about":[{"href":"https:\/\/tiendapadel5.com\/pt-pt\/wp-json\/wp\/v2\/types\/product"}],"replies":[{"embeddable":true,"href":"https:\/\/tiendapadel5.com\/pt-pt\/wp-json\/wp\/v2\/comments?post=195763"}],"version-history":[{"count":0,"href":"https:\/\/tiendapadel5.com\/pt-pt\/wp-json\/wp\/v2\/product\/195763\/revisions"}],"wp:featuredmedia":[{"embeddable":true,"href":"https:\/\/tiendapadel5.com\/pt-pt\/wp-json\/wp\/v2\/media\/192578"}],"wp:attachment":[{"href":"https:\/\/tiendapadel5.com\/pt-pt\/wp-json\/wp\/v2\/media?parent=195763"}],"wp:term":[{"taxonomy":"pwb-brand","embeddable":true,"href":"https:\/\/tiendapadel5.com\/pt-pt\/wp-json\/wp\/v2\/pwb-brand?post=195763"},{"taxonomy":"product_brand","embeddable":true,"href":"https:\/\/tiendapadel5.com\/pt-pt\/wp-json\/wp\/v2\/product_brand?post=195763"},{"taxonomy":"product_cat","embeddable":true,"href":"https:\/\/tiendapadel5.com\/pt-pt\/wp-json\/wp\/v2\/product_cat?post=195763"},{"taxonomy":"product_tag","embeddable":true,"href":"https:\/\/tiendapadel5.com\/pt-pt\/wp-json\/wp\/v2\/product_tag?post=195763"}],"curies":[{"name":"wp","href":"https:\/\/api.w.org\/{rel}","templated":true}]}}