{"id":188862,"date":"2024-12-10T16:28:31","date_gmt":"2024-12-10T15:28:31","guid":{"rendered":"https:\/\/tiendapadel5.com\/head-speed-one-2025\/"},"modified":"2026-02-12T14:26:02","modified_gmt":"2026-02-12T13:26:02","slug":"head-speed-one-2025","status":"publish","type":"product","link":"https:\/\/tiendapadel5.com\/pt-pt\/head-speed-one-2025\/","title":{"rendered":"Head Speed One 2025"},"content":{"rendered":"<h2>Head Speed One 2025<\/h2>\n<p><strong>Carater\u00edsticas:<\/strong><\/p>\n<ul id=\"[object Object]\" class=\"productInformation-specsBlock-VrU productInformation-specsBlock-VrU\">\n<li>\n<div class=\"productInformation-textWrapper-Ahi productInformation-textWrapper-Ahi\"><strong>Forma:<\/strong> Gota de l\u00e1grima<\/div>\n<\/li>\n<li>\n<div class=\"productInformation-textWrapper-Ahi productInformation-textWrapper-Ahi\"><strong>Peso:<\/strong> 345 g \/ 12,2 oz<\/div>\n<\/li>\n<li>\n<div class=\"productInformation-textWrapper-Ahi productInformation-textWrapper-Ahi\"><strong>Tamanho da cabe\u00e7a:<\/strong> 465 cm\u00b2 \/ 72 in\u00b2<\/div>\n<\/li>\n<li>\n<div class=\"productInformation-textWrapper-Ahi productInformation-textWrapper-Ahi\"><strong>Saldo:<\/strong> 270,0<\/div>\n<\/li>\n<li>\n<div class=\"productInformation-textWrapper-Ahi productInformation-textWrapper-Ahi\"><strong>Feixe:<\/strong> 38 mm \/ 1,5 in<\/div>\n<\/li>\n<li>\n<div class=\"productInformation-textWrapper-Ahi productInformation-textWrapper-Ahi\"><strong>Superf\u00edcie de impacto:<\/strong> Carbono 2D<\/div>\n<\/li>\n<\/ul>\n","protected":false},"excerpt":{"rendered":"<p>A raquete Head Speed One 2025Concebido para os jogadores avan\u00e7ados que pretendem acelerar o seu jogo, gra\u00e7as \u00e0 sua leveza, resist\u00eancia e velocidade.<\/p>\n","protected":false},"featured_media":179458,"comment_status":"open","ping_status":"closed","template":"","meta":{"_joinchat":[]},"pwb-brand":[33],"product_brand":[],"product_cat":[19,9783,411],"product_tag":[9781,2258,160,940,2600,1140],"class_list":{"0":"post-188862","1":"product","2":"type-product","3":"status-publish","4":"has-post-thumbnail","6":"pwb-brand-head","7":"product_cat-palas-padel","8":"product_cat-9783","9":"product_cat-head","10":"product_tag-9781","11":"product_tag-cabeca","12":"product_tag-head","13":"product_tag-one","14":"product_tag-um","15":"product_tag-speed","16":"pa_forma-lagrima","17":"pa_marco-fibra-de-carbono","18":"pa_nivel-de-juego-avanzado-profesional","19":"pa_tipo-de-juego-polivalente","21":"first","22":"instock","23":"sale","24":"taxable","25":"shipping-taxable","26":"purchasable","27":"product-type-simple"},"brands":[{"id":33,"name":"Head","slug":"head"}],"_links":{"self":[{"href":"https:\/\/tiendapadel5.com\/pt-pt\/wp-json\/wp\/v2\/product\/188862","targetHints":{"allow":["GET"]}}],"collection":[{"href":"https:\/\/tiendapadel5.com\/pt-pt\/wp-json\/wp\/v2\/product"}],"about":[{"href":"https:\/\/tiendapadel5.com\/pt-pt\/wp-json\/wp\/v2\/types\/product"}],"replies":[{"embeddable":true,"href":"https:\/\/tiendapadel5.com\/pt-pt\/wp-json\/wp\/v2\/comments?post=188862"}],"version-history":[{"count":0,"href":"https:\/\/tiendapadel5.com\/pt-pt\/wp-json\/wp\/v2\/product\/188862\/revisions"}],"wp:featuredmedia":[{"embeddable":true,"href":"https:\/\/tiendapadel5.com\/pt-pt\/wp-json\/wp\/v2\/media\/179458"}],"wp:attachment":[{"href":"https:\/\/tiendapadel5.com\/pt-pt\/wp-json\/wp\/v2\/media?parent=188862"}],"wp:term":[{"taxonomy":"pwb-brand","embeddable":true,"href":"https:\/\/tiendapadel5.com\/pt-pt\/wp-json\/wp\/v2\/pwb-brand?post=188862"},{"taxonomy":"product_brand","embeddable":true,"href":"https:\/\/tiendapadel5.com\/pt-pt\/wp-json\/wp\/v2\/product_brand?post=188862"},{"taxonomy":"product_cat","embeddable":true,"href":"https:\/\/tiendapadel5.com\/pt-pt\/wp-json\/wp\/v2\/product_cat?post=188862"},{"taxonomy":"product_tag","embeddable":true,"href":"https:\/\/tiendapadel5.com\/pt-pt\/wp-json\/wp\/v2\/product_tag?post=188862"}],"curies":[{"name":"wp","href":"https:\/\/api.w.org\/{rel}","templated":true}]}}