{"id":188665,"date":"2024-12-21T02:38:31","date_gmt":"2024-12-21T01:38:31","guid":{"rendered":"https:\/\/tiendapadel5.com\/adidas-cross-it-team-2025\/"},"modified":"2024-12-21T02:38:31","modified_gmt":"2024-12-21T01:38:31","slug":"adidas-cross-it-team-2025","status":"publish","type":"product","link":"https:\/\/tiendapadel5.com\/pt-pt\/adidas-cross-it-team-2025\/","title":{"rendered":"Adidas Cross It Team 2025"},"content":{"rendered":"<h2>Adidas Cross It Team 2025<\/h2>\n<p><strong>Carater\u00edsticas:<\/strong><\/p>\n<p><i class=\"fa fa-check\"><\/i> <strong> <label class=\"label\">N\u00edvel:<\/label> <\/strong>Avan\u00e7ado<\/p>\n<p><i class=\"fa fa-check\"><\/i> <strong> <label class=\"label\">Tipo de jogo:<\/label><\/strong> Ataque<\/p>\n<p><i class=\"fa fa-check\"><\/i> <strong> <label class=\"label\">Forma:<\/label><\/strong> Diamante Oversize<\/p>\n<p><i class=\"fa fa-check\"><\/i> <strong> <label class=\"label\">Equilibra-te:<\/label><\/strong> Head Pesado<\/p>\n<p><i class=\"fa fa-check\"><\/i> <strong> <label class=\"label\">Peso:<\/label> <\/strong>360-375gr<\/p>\n<p><i class=\"fa fa-check\"><\/i> <strong> <label class=\"label\">Comprimento:<\/label> <\/strong>455 mm<\/p>\n<p><i class=\"fa fa-check\"><\/i> <strong> <label class=\"label\">Espessura:<\/label> <\/strong>38 mm<\/p>\n<p><i class=\"fa fa-check\"><\/i> <strong> <label class=\"label\">Prote\u00e7\u00e3o:<\/label> <\/strong>Fita protetora 3M<\/p>\n<p><i class=\"fa fa-check\"><\/i> <strong> <label class=\"label\">Borracha :<\/label><\/strong> Desempenho suave<\/p>\n<p><i class=\"fa fa-check\"><\/i> <strong> <label class=\"label\">Fibra:<\/label><\/strong> Fibra de vidro<\/p>\n<p><i class=\"fa fa-check\"><\/i> <strong> <label class=\"label\">Durabilidade:<\/label> <\/strong>Refor\u00e7o Estrutural<\/p>\n<p><i class=\"fa fa-check\"><\/i> <strong> <label class=\"label\">Efeitos:<\/label> <\/strong>Decalque da l\u00e2mina girat\u00f3ria<\/p>\n<p><i class=\"fa fa-check\"><\/i> <strong> <label class=\"label\">Efeitos 2:<\/label><\/strong> Curva de buracos inteligentes<\/p>\n<p><i class=\"fa fa-check\"><\/i> <strong> <label class=\"label\">Modelo:<\/label><\/strong> Cruza-o<\/p>\n<p><i class=\"fa fa-check\"><\/i> <strong> <label class=\"label\">Cole\u00e7\u00e3o:<\/label> <\/strong>2025<\/p>\n<p><i class=\"fa fa-check\"><\/i><strong> <\/strong><label class=\"label\"><strong>Ponto ideal<\/strong>:<\/label> Topo<\/p>\n<p><i class=\"fa fa-check\"><\/i> <strong> <label class=\"label\">Pot\u00eancia 1:<\/label> <\/strong>Fluxo de ar din\u00e2mico<\/p>\n<p><i class=\"fa fa-check\"><\/i> <strong> <label class=\"label\">Pot\u00eancia 2:<\/label> <\/strong>EGP (Extra Power Grip)<\/p>\n<p><i class=\"fa fa-check\"><\/i> <strong> <label class=\"label\">Durabilidade 2:<\/label> <\/strong>11 Treze<\/p>\n","protected":false},"excerpt":{"rendered":"<p>Adidas Cross It Team 2025Destina-se a jogadores interm\u00e9dios que procuram um desempenho \u00f3timo combinado com um controlo inigual\u00e1vel.<\/p>\n","protected":false},"featured_media":182181,"comment_status":"open","ping_status":"closed","template":"","meta":{"_joinchat":[]},"pwb-brand":[28],"product_brand":[],"product_cat":[19,9783,406],"product_tag":[9781,143,6015,6016,223],"class_list":{"0":"post-188665","1":"product","2":"type-product","3":"status-publish","4":"has-post-thumbnail","6":"pwb-brand-adidas-padel","7":"product_cat-palas-padel","8":"product_cat-9783","9":"product_cat-adidas","10":"product_tag-9781","11":"product_tag-adidas","12":"product_tag-cross","13":"product_tag-it","14":"product_tag-team","15":"pa_forma-diamante","16":"pa_marco-fibra-de-vidrio","17":"pa_nivel-de-juego-intermedio","18":"pa_tipo-de-juego-polivalente","20":"first","21":"instock","22":"sale","23":"taxable","24":"shipping-taxable","25":"purchasable","26":"product-type-simple"},"brands":[{"id":28,"name":"Adidas Padel","slug":"adidas-padel"}],"_links":{"self":[{"href":"https:\/\/tiendapadel5.com\/pt-pt\/wp-json\/wp\/v2\/product\/188665","targetHints":{"allow":["GET"]}}],"collection":[{"href":"https:\/\/tiendapadel5.com\/pt-pt\/wp-json\/wp\/v2\/product"}],"about":[{"href":"https:\/\/tiendapadel5.com\/pt-pt\/wp-json\/wp\/v2\/types\/product"}],"replies":[{"embeddable":true,"href":"https:\/\/tiendapadel5.com\/pt-pt\/wp-json\/wp\/v2\/comments?post=188665"}],"version-history":[{"count":0,"href":"https:\/\/tiendapadel5.com\/pt-pt\/wp-json\/wp\/v2\/product\/188665\/revisions"}],"wp:featuredmedia":[{"embeddable":true,"href":"https:\/\/tiendapadel5.com\/pt-pt\/wp-json\/wp\/v2\/media\/182181"}],"wp:attachment":[{"href":"https:\/\/tiendapadel5.com\/pt-pt\/wp-json\/wp\/v2\/media?parent=188665"}],"wp:term":[{"taxonomy":"pwb-brand","embeddable":true,"href":"https:\/\/tiendapadel5.com\/pt-pt\/wp-json\/wp\/v2\/pwb-brand?post=188665"},{"taxonomy":"product_brand","embeddable":true,"href":"https:\/\/tiendapadel5.com\/pt-pt\/wp-json\/wp\/v2\/product_brand?post=188665"},{"taxonomy":"product_cat","embeddable":true,"href":"https:\/\/tiendapadel5.com\/pt-pt\/wp-json\/wp\/v2\/product_cat?post=188665"},{"taxonomy":"product_tag","embeddable":true,"href":"https:\/\/tiendapadel5.com\/pt-pt\/wp-json\/wp\/v2\/product_tag?post=188665"}],"curies":[{"name":"wp","href":"https:\/\/api.w.org\/{rel}","templated":true}]}}