{"id":170714,"date":"2024-09-12T22:51:08","date_gmt":"2024-09-12T20:51:08","guid":{"rendered":"https:\/\/tiendapadel5.com\/bullpadel-vertex-04-2025\/"},"modified":"2026-04-24T14:12:25","modified_gmt":"2026-04-24T12:12:25","slug":"bullpadel-vertex-04-2025","status":"publish","type":"product","link":"https:\/\/tiendapadel5.com\/pt-pt\/bullpadel-vertex-04-2025\/","title":{"rendered":"Bullpadel Vertex 04 2025"},"content":{"rendered":"<h2>Carater\u00edsticas Bullpadel Vertex 04 2025:<\/h2>\n<ul>\n<li><strong>Forma de diamante<\/strong><\/li>\n<li><strong>Tecnologia Curvaktiv <\/strong><\/li>\n<li><strong>Sistema de energia a\u00e9rea <\/strong><\/li>\n<li><strong>Superf\u00edcie rugosa<\/strong><\/li>\n<li>Pertence \u00e0 cole\u00e7\u00e3o exclusiva de <strong>l\u00e2minas Bullpadel do ano 2025<\/strong>.<\/li>\n<\/ul>\n","protected":false},"excerpt":{"rendered":"<p>O novo Bullpadel Vertex 04 2025 destina-se a jogadores poderosos que precisam e procuram controlo e precis\u00e3o em cada tacada.<\/p>\n","protected":false},"featured_media":161959,"comment_status":"open","ping_status":"closed","template":"","meta":{"_joinchat":[]},"pwb-brand":[],"product_brand":[],"product_cat":[19,9783,409],"product_tag":[5844,9781,319,150],"class_list":{"0":"post-170714","1":"product","2":"type-product","3":"status-publish","4":"has-post-thumbnail","6":"product_cat-palas-padel","7":"product_cat-9783","8":"product_cat-bullpadel","9":"product_tag-5844","10":"product_tag-9781","11":"product_tag-bullpadel","12":"product_tag-vertex","13":"pa_forma-diamante","14":"pa_marco-fibra-de-carbono","15":"pa_nivel-de-juego-avanzado-profesional","16":"pa_tipo-de-juego-polivalente","18":"first","19":"instock","20":"sale","21":"taxable","22":"shipping-taxable","23":"product-type-simple"},"brands":[],"_links":{"self":[{"href":"https:\/\/tiendapadel5.com\/pt-pt\/wp-json\/wp\/v2\/product\/170714","targetHints":{"allow":["GET"]}}],"collection":[{"href":"https:\/\/tiendapadel5.com\/pt-pt\/wp-json\/wp\/v2\/product"}],"about":[{"href":"https:\/\/tiendapadel5.com\/pt-pt\/wp-json\/wp\/v2\/types\/product"}],"replies":[{"embeddable":true,"href":"https:\/\/tiendapadel5.com\/pt-pt\/wp-json\/wp\/v2\/comments?post=170714"}],"version-history":[{"count":0,"href":"https:\/\/tiendapadel5.com\/pt-pt\/wp-json\/wp\/v2\/product\/170714\/revisions"}],"wp:featuredmedia":[{"embeddable":true,"href":"https:\/\/tiendapadel5.com\/pt-pt\/wp-json\/wp\/v2\/media\/161959"}],"wp:attachment":[{"href":"https:\/\/tiendapadel5.com\/pt-pt\/wp-json\/wp\/v2\/media?parent=170714"}],"wp:term":[{"taxonomy":"pwb-brand","embeddable":true,"href":"https:\/\/tiendapadel5.com\/pt-pt\/wp-json\/wp\/v2\/pwb-brand?post=170714"},{"taxonomy":"product_brand","embeddable":true,"href":"https:\/\/tiendapadel5.com\/pt-pt\/wp-json\/wp\/v2\/product_brand?post=170714"},{"taxonomy":"product_cat","embeddable":true,"href":"https:\/\/tiendapadel5.com\/pt-pt\/wp-json\/wp\/v2\/product_cat?post=170714"},{"taxonomy":"product_tag","embeddable":true,"href":"https:\/\/tiendapadel5.com\/pt-pt\/wp-json\/wp\/v2\/product_tag?post=170714"}],"curies":[{"name":"wp","href":"https:\/\/api.w.org\/{rel}","templated":true}]}}