{"id":164599,"date":"2024-09-27T07:34:13","date_gmt":"2024-09-27T06:34:13","guid":{"rendered":"https:\/\/tiendapadel5.com\/?post_type=product&#038;p=164599"},"modified":"2025-09-16T17:32:03","modified_gmt":"2025-09-16T15:32:03","slug":"munequeras-lok-match-blanco","status":"publish","type":"product","link":"https:\/\/tiendapadel5.com\/pt-pt\/munequeras-lok-match-blanco\/","title":{"rendered":"Mu\u00f1equeras Lok Match Blanco"},"content":{"rendered":"<h2>Caracter\u00edsticas Mu\u00f1equeras Lok Match Blanco:<\/h2>\n<p><strong>Color:<\/strong> Blanco<\/p>\n","protected":false},"excerpt":{"rendered":"<p>Las Mu\u00f1equeras Lok Match Blanco, es un dise\u00f1o clasico perfecto para sus partidos gracias a su tejido que es perfecto para secarse en sus partidos.<\/p>\n","protected":false},"featured_media":164609,"comment_status":"open","ping_status":"closed","template":"","meta":{"_joinchat":[]},"pwb-brand":[6561],"product_brand":[],"product_cat":[4280,6653,4423],"product_tag":[6861,6591,1973,7651],"class_list":{"0":"post-164599","1":"product","2":"type-product","3":"status-publish","4":"has-post-thumbnail","6":"pwb-brand-lokk","7":"product_cat-padel-accessories","8":"product_cat-lok-accessories","9":"product_cat-padel-wristbands","10":"product_tag-white-en","11":"product_tag-lok-en","12":"product_tag-match-en","13":"product_tag-wristbands","15":"first","16":"instock","17":"sale","18":"taxable","19":"shipping-taxable","20":"purchasable","21":"product-type-simple"},"brands":[{"id":6561,"name":"Lok","slug":"lokk"}],"_links":{"self":[{"href":"https:\/\/tiendapadel5.com\/pt-pt\/wp-json\/wp\/v2\/product\/164599","targetHints":{"allow":["GET"]}}],"collection":[{"href":"https:\/\/tiendapadel5.com\/pt-pt\/wp-json\/wp\/v2\/product"}],"about":[{"href":"https:\/\/tiendapadel5.com\/pt-pt\/wp-json\/wp\/v2\/types\/product"}],"replies":[{"embeddable":true,"href":"https:\/\/tiendapadel5.com\/pt-pt\/wp-json\/wp\/v2\/comments?post=164599"}],"version-history":[{"count":0,"href":"https:\/\/tiendapadel5.com\/pt-pt\/wp-json\/wp\/v2\/product\/164599\/revisions"}],"wp:featuredmedia":[{"embeddable":true,"href":"https:\/\/tiendapadel5.com\/pt-pt\/wp-json\/wp\/v2\/media\/164609"}],"wp:attachment":[{"href":"https:\/\/tiendapadel5.com\/pt-pt\/wp-json\/wp\/v2\/media?parent=164599"}],"wp:term":[{"taxonomy":"pwb-brand","embeddable":true,"href":"https:\/\/tiendapadel5.com\/pt-pt\/wp-json\/wp\/v2\/pwb-brand?post=164599"},{"taxonomy":"product_brand","embeddable":true,"href":"https:\/\/tiendapadel5.com\/pt-pt\/wp-json\/wp\/v2\/product_brand?post=164599"},{"taxonomy":"product_cat","embeddable":true,"href":"https:\/\/tiendapadel5.com\/pt-pt\/wp-json\/wp\/v2\/product_cat?post=164599"},{"taxonomy":"product_tag","embeddable":true,"href":"https:\/\/tiendapadel5.com\/pt-pt\/wp-json\/wp\/v2\/product_tag?post=164599"}],"curies":[{"name":"wp","href":"https:\/\/api.w.org\/{rel}","templated":true}]}}