{"id":159945,"date":"2024-09-06T12:35:39","date_gmt":"2024-09-06T11:35:39","guid":{"rendered":"https:\/\/tiendapadel5.com\/?post_type=product&#038;p=159945"},"modified":"2026-03-24T16:34:17","modified_gmt":"2026-03-24T15:34:17","slug":"munequeras-starvie-negra-star-blanca","status":"publish","type":"product","link":"https:\/\/tiendapadel5.com\/pt-pt\/munequeras-starvie-negra-star-blanca\/","title":{"rendered":"Mu\u00f1equeras Starvie Negra Star Blanca"},"content":{"rendered":"<h2>Caracter\u00edsticas Mu\u00f1equeras Starvie Negra Star Blanca:<\/h2>\n<ul>\n<li>Ligeras suaves y confortables.<\/li>\n<li>M\u00e1xima absorci\u00f3n.<\/li>\n<li>M\u00e1ximo rendimiento.<\/li>\n<li>Excelente adaptabilidad.<\/li>\n<li>Alta sujeci\u00f3n.<\/li>\n<\/ul>\n<p><strong>Contenido<\/strong>: 2 unidades.<\/p>\n<p><strong>Composici\u00f3n<\/strong>: 80% Cotton \/ 15% Nylon \/ 5% Elasthan.<\/p>\n","protected":false},"excerpt":{"rendered":"<p>Las Mu\u00f1equeras Starvie Negra Star Blanca, fabricadas en algodon para obtener una mejor absorcion del sudor.<\/p>\n","protected":false},"featured_media":159956,"comment_status":"open","ping_status":"closed","template":"","meta":{"_joinchat":[]},"pwb-brand":[35],"product_brand":[],"product_cat":[23,424,4412],"product_tag":[568,674,680,550,167],"class_list":{"0":"post-159945","1":"product","2":"type-product","3":"status-publish","4":"has-post-thumbnail","6":"pwb-brand-starvie","7":"product_cat-accesorios-de-padel","8":"product_cat-complementos-starvie","9":"product_cat-munequeras","10":"product_tag-blanca","11":"product_tag-munequeras","12":"product_tag-negra","13":"product_tag-star","14":"product_tag-starvie","16":"first","17":"instock","18":"taxable","19":"shipping-taxable","20":"purchasable","21":"product-type-simple"},"brands":[{"id":35,"name":"Starvie","slug":"starvie"}],"_links":{"self":[{"href":"https:\/\/tiendapadel5.com\/pt-pt\/wp-json\/wp\/v2\/product\/159945","targetHints":{"allow":["GET"]}}],"collection":[{"href":"https:\/\/tiendapadel5.com\/pt-pt\/wp-json\/wp\/v2\/product"}],"about":[{"href":"https:\/\/tiendapadel5.com\/pt-pt\/wp-json\/wp\/v2\/types\/product"}],"replies":[{"embeddable":true,"href":"https:\/\/tiendapadel5.com\/pt-pt\/wp-json\/wp\/v2\/comments?post=159945"}],"version-history":[{"count":0,"href":"https:\/\/tiendapadel5.com\/pt-pt\/wp-json\/wp\/v2\/product\/159945\/revisions"}],"wp:featuredmedia":[{"embeddable":true,"href":"https:\/\/tiendapadel5.com\/pt-pt\/wp-json\/wp\/v2\/media\/159956"}],"wp:attachment":[{"href":"https:\/\/tiendapadel5.com\/pt-pt\/wp-json\/wp\/v2\/media?parent=159945"}],"wp:term":[{"taxonomy":"pwb-brand","embeddable":true,"href":"https:\/\/tiendapadel5.com\/pt-pt\/wp-json\/wp\/v2\/pwb-brand?post=159945"},{"taxonomy":"product_brand","embeddable":true,"href":"https:\/\/tiendapadel5.com\/pt-pt\/wp-json\/wp\/v2\/product_brand?post=159945"},{"taxonomy":"product_cat","embeddable":true,"href":"https:\/\/tiendapadel5.com\/pt-pt\/wp-json\/wp\/v2\/product_cat?post=159945"},{"taxonomy":"product_tag","embeddable":true,"href":"https:\/\/tiendapadel5.com\/pt-pt\/wp-json\/wp\/v2\/product_tag?post=159945"}],"curies":[{"name":"wp","href":"https:\/\/api.w.org\/{rel}","templated":true}]}}