{"id":157600,"date":"2024-08-20T11:09:16","date_gmt":"2024-08-20T10:09:16","guid":{"rendered":"https:\/\/tiendapadel5.com\/?post_type=product&#038;p=157600"},"modified":"2025-05-23T11:14:30","modified_gmt":"2025-05-23T10:14:30","slug":"short-bullpadel-pol-hielo","status":"publish","type":"product","link":"https:\/\/tiendapadel5.com\/pt-pt\/short-bullpadel-pol-hielo\/","title":{"rendered":"Short Bullpadel Pol Hielo"},"content":{"rendered":"<h2>Caracter\u00edsticas Short Bullpadel Pol Hielo:<\/h2>\n<ul>\n<li>Confeccionado con 92% poli\u00e9ster y 8% elast\u00e1n, ofrece elasticidad y soporte \u00f3ptimo.<\/li>\n<li>Integra tecnolog\u00eda Binamic para libertad de movimiento en dos direcciones.<\/li>\n<li>Cintura alta y dise\u00f1o ergon\u00f3mico que esculpe y favorece la figura.<\/li>\n<li>Perforaciones l\u00e1ser que revelan una malla interior, proporcionando una ventilaci\u00f3n superior.<\/li>\n<li>Incluye detalles reflectantes que aumentan la visibilidad durante condiciones de poca luz.<\/li>\n<li>Pertenece a la colecci\u00f3n Bullpadel 2024.<\/li>\n<\/ul>\n","protected":false},"excerpt":{"rendered":"<p>El Short Bullpadel Pol Hielo, dise\u00f1ado para las jugadoras que busquen estilo y funcionalidad, fabricado para obtener la mayor comodidad y traspirabilidad en sus partidos intensos.<\/p>\n","protected":false},"featured_media":157649,"comment_status":"open","ping_status":"closed","template":"","meta":{"_joinchat":[]},"pwb-brand":[31],"product_brand":[],"product_cat":[21,447,47],"product_tag":[319,1312,9756,601],"class_list":{"0":"post-157600","1":"product","2":"type-product","3":"status-publish","4":"has-post-thumbnail","6":"pwb-brand-bullpadel","7":"product_cat-ropa-padel","8":"product_cat-ropa-bullpadel","9":"product_cat-mujer","10":"product_tag-bullpadel","11":"product_tag-hielo","12":"product_tag-pol","13":"product_tag-short","14":"pa_talla-l","15":"pa_talla-m","16":"pa_talla-s","18":"first","19":"instock","20":"sale","21":"taxable","22":"shipping-taxable","23":"purchasable","24":"product-type-variable"},"brands":[{"id":31,"name":"Bullpadel","slug":"bullpadel"}],"_links":{"self":[{"href":"https:\/\/tiendapadel5.com\/pt-pt\/wp-json\/wp\/v2\/product\/157600","targetHints":{"allow":["GET"]}}],"collection":[{"href":"https:\/\/tiendapadel5.com\/pt-pt\/wp-json\/wp\/v2\/product"}],"about":[{"href":"https:\/\/tiendapadel5.com\/pt-pt\/wp-json\/wp\/v2\/types\/product"}],"replies":[{"embeddable":true,"href":"https:\/\/tiendapadel5.com\/pt-pt\/wp-json\/wp\/v2\/comments?post=157600"}],"version-history":[{"count":0,"href":"https:\/\/tiendapadel5.com\/pt-pt\/wp-json\/wp\/v2\/product\/157600\/revisions"}],"wp:featuredmedia":[{"embeddable":true,"href":"https:\/\/tiendapadel5.com\/pt-pt\/wp-json\/wp\/v2\/media\/157649"}],"wp:attachment":[{"href":"https:\/\/tiendapadel5.com\/pt-pt\/wp-json\/wp\/v2\/media?parent=157600"}],"wp:term":[{"taxonomy":"pwb-brand","embeddable":true,"href":"https:\/\/tiendapadel5.com\/pt-pt\/wp-json\/wp\/v2\/pwb-brand?post=157600"},{"taxonomy":"product_brand","embeddable":true,"href":"https:\/\/tiendapadel5.com\/pt-pt\/wp-json\/wp\/v2\/product_brand?post=157600"},{"taxonomy":"product_cat","embeddable":true,"href":"https:\/\/tiendapadel5.com\/pt-pt\/wp-json\/wp\/v2\/product_cat?post=157600"},{"taxonomy":"product_tag","embeddable":true,"href":"https:\/\/tiendapadel5.com\/pt-pt\/wp-json\/wp\/v2\/product_tag?post=157600"}],"curies":[{"name":"wp","href":"https:\/\/api.w.org\/{rel}","templated":true}]}}