{"id":157265,"date":"2024-08-15T21:50:12","date_gmt":"2024-08-15T20:50:12","guid":{"rendered":"https:\/\/tiendapadel5.com\/?post_type=product&#038;p=157265"},"modified":"2026-03-12T16:36:08","modified_gmt":"2026-03-12T15:36:08","slug":"short-bullpadel-meis-frambuesa","status":"publish","type":"product","link":"https:\/\/tiendapadel5.com\/pt-pt\/short-bullpadel-meis-frambuesa\/","title":{"rendered":"Short Bullpadel Meis Frambuesa"},"content":{"rendered":"<h2>Caracter\u00edsticas Short Bullpadel Meis Frambuesa:<\/h2>\n<ul>\n<li><strong>Tejido t\u00e9cnico: <\/strong>Drynamic<strong><br \/>\n<\/strong><\/li>\n<li><strong>Composici\u00f3n: <\/strong>Exterior 84% poli\u00e9ster &#8211; 16% Elast\u00e1n, forro 100% poli\u00e9ster<strong><br \/>\n<\/strong><\/li>\n<li><strong>Color: <\/strong>Frambuesa<strong><br \/>\n<\/strong><\/li>\n<li><strong>G\u00e9nero: <\/strong>Hombre<\/li>\n<\/ul>\n<p>&nbsp;<\/p>\n","protected":false},"excerpt":{"rendered":"<p>El Short Bullpadel Meis Frambuesa, fabricado en tejido elastico con microfilamentos que ayuda a reducir la humedad y favorece la transpiraci\u00f3n.<\/p>\n","protected":false},"featured_media":157311,"comment_status":"open","ping_status":"closed","template":"","meta":{"_joinchat":[]},"pwb-brand":[31],"product_brand":[],"product_cat":[102,21,447,46],"product_tag":[319,9755,9754,601],"class_list":{"0":"post-157265","1":"product","2":"type-product","3":"status-publish","4":"has-post-thumbnail","6":"pwb-brand-bullpadel","7":"product_cat-pantalones-cortos","8":"product_cat-ropa-padel","9":"product_cat-ropa-bullpadel","10":"product_cat-hombre","11":"product_tag-bullpadel","12":"product_tag-frambuesa","13":"product_tag-meis","14":"product_tag-short","15":"pa_talla-l","16":"pa_talla-m","17":"pa_talla-s","18":"pa_talla-xl","20":"first","21":"instock","22":"sale","23":"taxable","24":"shipping-taxable","25":"purchasable","26":"product-type-variable"},"brands":[{"id":31,"name":"Bullpadel","slug":"bullpadel"}],"_links":{"self":[{"href":"https:\/\/tiendapadel5.com\/pt-pt\/wp-json\/wp\/v2\/product\/157265","targetHints":{"allow":["GET"]}}],"collection":[{"href":"https:\/\/tiendapadel5.com\/pt-pt\/wp-json\/wp\/v2\/product"}],"about":[{"href":"https:\/\/tiendapadel5.com\/pt-pt\/wp-json\/wp\/v2\/types\/product"}],"replies":[{"embeddable":true,"href":"https:\/\/tiendapadel5.com\/pt-pt\/wp-json\/wp\/v2\/comments?post=157265"}],"version-history":[{"count":0,"href":"https:\/\/tiendapadel5.com\/pt-pt\/wp-json\/wp\/v2\/product\/157265\/revisions"}],"wp:featuredmedia":[{"embeddable":true,"href":"https:\/\/tiendapadel5.com\/pt-pt\/wp-json\/wp\/v2\/media\/157311"}],"wp:attachment":[{"href":"https:\/\/tiendapadel5.com\/pt-pt\/wp-json\/wp\/v2\/media?parent=157265"}],"wp:term":[{"taxonomy":"pwb-brand","embeddable":true,"href":"https:\/\/tiendapadel5.com\/pt-pt\/wp-json\/wp\/v2\/pwb-brand?post=157265"},{"taxonomy":"product_brand","embeddable":true,"href":"https:\/\/tiendapadel5.com\/pt-pt\/wp-json\/wp\/v2\/product_brand?post=157265"},{"taxonomy":"product_cat","embeddable":true,"href":"https:\/\/tiendapadel5.com\/pt-pt\/wp-json\/wp\/v2\/product_cat?post=157265"},{"taxonomy":"product_tag","embeddable":true,"href":"https:\/\/tiendapadel5.com\/pt-pt\/wp-json\/wp\/v2\/product_tag?post=157265"}],"curies":[{"name":"wp","href":"https:\/\/api.w.org\/{rel}","templated":true}]}}