{"id":147418,"date":"2024-06-19T12:22:56","date_gmt":"2024-06-19T11:22:56","guid":{"rendered":"https:\/\/tiendapadel5.com\/coroa-negra-special-master\/"},"modified":"2024-06-24T12:11:01","modified_gmt":"2024-06-24T11:11:01","slug":"coroa-negra-special-master","status":"publish","type":"product","link":"https:\/\/tiendapadel5.com\/pt-pt\/coroa-negra-special-master\/","title":{"rendered":"Black Crown Special Master"},"content":{"rendered":"<h2>Caracter\u00edsticas Black Crown Special Master:<\/h2>\n<ul>\n<li>Peso: 355 a 370 gramas<\/li>\n<li>Quadro tubular em carbono<\/li>\n<li>N\u00facleo exterior: carbono 12k<\/li>\n<li>Borracha: SSB Black Eva<\/li>\n<li>Pot\u00eancia: 40%.<\/li>\n<li>Controlo: 60%<\/li>\n<\/ul>\n","protected":false},"excerpt":{"rendered":"<p>A Black Crown Special Master foi concebida para jogadores que procuram a combina\u00e7\u00e3o perfeita de pot\u00eancia e controlo.<\/p>\n","protected":false},"featured_media":146696,"comment_status":"open","ping_status":"closed","template":"","meta":{"_joinchat":[]},"pwb-brand":[30],"product_brand":[],"product_cat":[5724,19,408],"product_tag":[204,1188,495,203],"class_list":{"0":"post-147418","1":"product","2":"type-product","3":"status-publish","4":"has-post-thumbnail","6":"pwb-brand-black-crown","7":"product_cat-5724","8":"product_cat-palas-padel","9":"product_cat-black-crown","10":"product_tag-crown","11":"product_tag-special","12":"product_tag-master","13":"product_tag-black","14":"pa_forma-lagrima","15":"pa_marco-fibra-de-carbono","16":"pa_nivel-de-juego-avanzado-profesional","17":"pa_tipo-de-juego-polivalente","19":"first","20":"instock","21":"sale","22":"taxable","23":"shipping-taxable","24":"purchasable","25":"product-type-simple"},"brands":[{"id":30,"name":"Black Crown","slug":"black-crown"}],"_links":{"self":[{"href":"https:\/\/tiendapadel5.com\/pt-pt\/wp-json\/wp\/v2\/product\/147418","targetHints":{"allow":["GET"]}}],"collection":[{"href":"https:\/\/tiendapadel5.com\/pt-pt\/wp-json\/wp\/v2\/product"}],"about":[{"href":"https:\/\/tiendapadel5.com\/pt-pt\/wp-json\/wp\/v2\/types\/product"}],"replies":[{"embeddable":true,"href":"https:\/\/tiendapadel5.com\/pt-pt\/wp-json\/wp\/v2\/comments?post=147418"}],"version-history":[{"count":0,"href":"https:\/\/tiendapadel5.com\/pt-pt\/wp-json\/wp\/v2\/product\/147418\/revisions"}],"wp:featuredmedia":[{"embeddable":true,"href":"https:\/\/tiendapadel5.com\/pt-pt\/wp-json\/wp\/v2\/media\/146696"}],"wp:attachment":[{"href":"https:\/\/tiendapadel5.com\/pt-pt\/wp-json\/wp\/v2\/media?parent=147418"}],"wp:term":[{"taxonomy":"pwb-brand","embeddable":true,"href":"https:\/\/tiendapadel5.com\/pt-pt\/wp-json\/wp\/v2\/pwb-brand?post=147418"},{"taxonomy":"product_brand","embeddable":true,"href":"https:\/\/tiendapadel5.com\/pt-pt\/wp-json\/wp\/v2\/product_brand?post=147418"},{"taxonomy":"product_cat","embeddable":true,"href":"https:\/\/tiendapadel5.com\/pt-pt\/wp-json\/wp\/v2\/product_cat?post=147418"},{"taxonomy":"product_tag","embeddable":true,"href":"https:\/\/tiendapadel5.com\/pt-pt\/wp-json\/wp\/v2\/product_tag?post=147418"}],"curies":[{"name":"wp","href":"https:\/\/api.w.org\/{rel}","templated":true}]}}