{"id":145626,"date":"2024-06-14T17:55:03","date_gmt":"2024-06-14T16:55:03","guid":{"rendered":"https:\/\/tiendapadel5.com\/vairo-confort-classic-9-1\/"},"modified":"2024-06-14T17:55:03","modified_gmt":"2024-06-14T16:55:03","slug":"vairo-confort-classic-9-1","status":"publish","type":"product","link":"https:\/\/tiendapadel5.com\/pt-pt\/vairo-confort-classic-9-1\/","title":{"rendered":"Vairo Confort Classic 9.1"},"content":{"rendered":"<h2>Vairo Confort Classic 9.1 Caracter\u00edsticas:<\/h2>\n<div class=\"description-attributes\"><strong><span class=\"description-attributes-label\">Marca:<\/span> <\/strong><span class=\"description-attributes-value\">Vairo<\/span><\/div>\n<div class=\"description-attributes\">Equil\u00edbrio: M\u00e9dio<\/div>\n<div class=\"description-attributes\"><strong><br \/>\n  <span class=\"description-attributes-label\">N\u00facleo:<\/span><br \/>\n<\/strong> <span class=\"description-attributes-value\">Eva<\/span><\/div>\n<div class=\"description-attributes\"><strong><br \/>\n  <span class=\"description-attributes-label\">Face:<\/span><br \/>\n<\/strong> <span class=\"description-attributes-value\">Fibra de vidro<\/span><\/div>\n<div class=\"description-attributes\"><strong><br \/>\n  <span class=\"description-attributes-label\">Formato:<\/span><br \/>\n<\/strong> <span class=\"description-attributes-value\">Normal<\/span><\/div>\n<div class=\"description-attributes\"><strong><br \/>\n  <span class=\"description-attributes-label\">Dureza:<\/span><br \/>\n<\/strong> <span class=\"description-attributes-value\">M\u00e9dia<\/span><\/div>\n<div class=\"description-attributes\"><strong><br \/>\n  <span class=\"description-attributes-label\">N\u00edvel de jogo:<\/span><br \/>\n<\/strong> <span class=\"description-attributes-value\">Avan\u00e7ado \/ Competi\u00e7\u00e3o<\/span><\/div>\n<div class=\"description-attributes\">Forma: H\u00edbrido<\/div>\n<div class=\"description-attributes\"><strong><br \/>\n  <span class=\"description-attributes-label\">Superf\u00edcie:<\/span><br \/>\n<\/strong> <span class=\"description-attributes-value\">\u00c1spera<\/span><\/div>\n<div class=\"description-attributes\"><strong><span class=\"description-attributes-label\">Tipo de jogo:<\/span> <\/strong><span class=\"description-attributes-value\">Controlo<\/span><\/div>\n","protected":false},"excerpt":{"rendered":"<p>O Vairo Confort Classic 9.1 foi concebido para os jogadores avan\u00e7ados que gostam de controlar o jogo gra\u00e7as \u00e0 sua forma redonda e ao n\u00facleo de borracha EVA.<\/p>\n","protected":false},"featured_media":145083,"comment_status":"open","ping_status":"closed","template":"","meta":{"_joinchat":[]},"pwb-brand":[9543],"product_brand":[],"product_cat":[19,9544],"product_tag":[9472,533,296,9470],"class_list":{"0":"post-145626","1":"product","2":"type-product","3":"status-publish","4":"has-post-thumbnail","6":"pwb-brand-vairo","7":"product_cat-palas-padel","8":"product_cat-vairo","9":"product_tag-9-1","10":"product_tag-classic","11":"product_tag-confort","12":"product_tag-vairo","13":"pa_forma-hibrida","14":"pa_marco-fibra-de-vidrio","15":"pa_nivel-de-juego-avanzado-profesional","16":"pa_tipo-de-juego-control","18":"first","19":"instock","20":"sale","21":"taxable","22":"shipping-taxable","23":"purchasable","24":"product-type-simple"},"brands":[{"id":9543,"name":"Vairo","slug":"vairo"}],"_links":{"self":[{"href":"https:\/\/tiendapadel5.com\/pt-pt\/wp-json\/wp\/v2\/product\/145626","targetHints":{"allow":["GET"]}}],"collection":[{"href":"https:\/\/tiendapadel5.com\/pt-pt\/wp-json\/wp\/v2\/product"}],"about":[{"href":"https:\/\/tiendapadel5.com\/pt-pt\/wp-json\/wp\/v2\/types\/product"}],"replies":[{"embeddable":true,"href":"https:\/\/tiendapadel5.com\/pt-pt\/wp-json\/wp\/v2\/comments?post=145626"}],"version-history":[{"count":0,"href":"https:\/\/tiendapadel5.com\/pt-pt\/wp-json\/wp\/v2\/product\/145626\/revisions"}],"wp:featuredmedia":[{"embeddable":true,"href":"https:\/\/tiendapadel5.com\/pt-pt\/wp-json\/wp\/v2\/media\/145083"}],"wp:attachment":[{"href":"https:\/\/tiendapadel5.com\/pt-pt\/wp-json\/wp\/v2\/media?parent=145626"}],"wp:term":[{"taxonomy":"pwb-brand","embeddable":true,"href":"https:\/\/tiendapadel5.com\/pt-pt\/wp-json\/wp\/v2\/pwb-brand?post=145626"},{"taxonomy":"product_brand","embeddable":true,"href":"https:\/\/tiendapadel5.com\/pt-pt\/wp-json\/wp\/v2\/product_brand?post=145626"},{"taxonomy":"product_cat","embeddable":true,"href":"https:\/\/tiendapadel5.com\/pt-pt\/wp-json\/wp\/v2\/product_cat?post=145626"},{"taxonomy":"product_tag","embeddable":true,"href":"https:\/\/tiendapadel5.com\/pt-pt\/wp-json\/wp\/v2\/product_tag?post=145626"}],"curies":[{"name":"wp","href":"https:\/\/api.w.org\/{rel}","templated":true}]}}