{"id":142696,"date":"2024-05-31T10:04:49","date_gmt":"2024-05-31T09:04:49","guid":{"rendered":"https:\/\/tiendapadel5.com\/3-pacotes-de-bolas-head-pro\/"},"modified":"2026-02-13T01:13:50","modified_gmt":"2026-02-13T00:13:50","slug":"3-pacotes-de-bolas-head-pro","status":"publish","type":"product","link":"https:\/\/tiendapadel5.com\/pt-pt\/3-pacotes-de-bolas-head-pro\/","title":{"rendered":"3 pacotes de bolas Head Pro"},"content":{"rendered":"<h2>3 pacotes de bolas Head Pro<\/h2>\n<p>Caracter\u00edsticas:<\/p>\n<p>Embalagem composta por 3 latas de bolas head pro<\/p>\n","protected":false},"excerpt":{"rendered":"<div class=\"product-view\">\n<div class=\"product-info-cms\">\n<div class=\"product-info-tabs\">\n<div id=\"product-tabs\" class=\"product data items\" role=\"tablist\">\n<div id=\"tab-description\" class=\"product-attribute description-list\" role=\"tabpanel\" data-role=\"content\" aria-hidden=\"false\">A Head Pro Ball 3-Pack \u00e9 r\u00e1pida, mas n\u00e3o \u00e9 demasiado forte, e oferece excelentes n\u00edveis de controlo e durabilidade. \u00c9 uma bola de alto rendimento concebida para os jogadores que est\u00e3o a desenvolver a sua t\u00e9cnica. \u00c9 fornecido em embalagens sustent\u00e1veis, cujos elementos podem ser facilmente separados para reciclagem.<\/div>\n<\/div>\n<\/div>\n<\/div>\n<\/div>\n<div id=\"custom-popup-redirect-propose\" data-bind=\"scope: 'geoipCountryRedirect'\"><\/div>\n<div class=\"yotpo-widget-container\">\n<div class=\"yotpo yotpo-pictures-widget yotpo-size-7\" data-gallery-id=\"60e2d27f6271a70bd2315e59\" data-product-id=\"75684\" data-yotpo-element-id=\"4\"><\/div>\n<\/div>\n<div class=\"yotpo yotpo-main-widget\" data-product-id=\"75684\" data-name=\"HEAD ONE 3 pelotas de p\u00e1del\" data-description=\"Mejora tu juego con el modelo HEAD PADEL ONE, una pelota de alto rendimiento ideal para jugadores que desean subir de nivel, y que se presenta en un nuevo embalaje sostenible.\" data-url=\"https:\/\/www.head.com\/es_ES\/3b-head-padel-one-6dz-575483.html\" data-image-url=\"https:\/\/cdn-mdb.head.com\/CDN3\/G\/575483\/1\/100x100\/3b-head-padel-one-6dz.jpg\" data-price=\"6\" data-currency=\"EUR\" data-yotpo-element-id=\"1\">\n<div class=\"main-widget yotpo-display-wrapper yotpo-no-reviews yotpo-label-border\" data-source=\"default\">\n<div class=\"yotpo-messages\"><\/div>\n<div class=\"yotpo-nav-content\">\n<div id=\"yotpo-reviews-18901843-3645-4bc1-bd33-0788f80333d4\" class=\"yotpo-reviews yotpo-active\" role=\"tabpanel\" data-host-widget=\"main_widget\">\n<div class=\"total-reviews-search\"><\/div>\n<div class=\"yotpo-first-review\"><\/div>\n<\/div>\n<\/div>\n<\/div>\n<\/div>\n","protected":false},"featured_media":200759,"comment_status":"open","ping_status":"closed","template":"","meta":{"_joinchat":[]},"pwb-brand":[33],"product_brand":[],"product_cat":[4290,4294],"product_tag":[7120,8495,8504,2258,8500,2018,1913,1905],"class_list":{"0":"post-142696","1":"product","2":"type-product","3":"status-publish","4":"has-post-thumbnail","6":"pwb-brand-head","7":"product_cat-padel-ball-boxes","8":"product_cat-head-padel-ball-boxes","9":"product_tag-3-en","10":"product_tag-boats","11":"product_tag-balls","12":"product_tag-cabeca","13":"product_tag-from","14":"product_tag-pack-en","15":"product_tag-head-en","16":"product_tag-pro-en","18":"first","19":"instock","20":"sale","21":"taxable","22":"shipping-taxable","23":"purchasable","24":"product-type-simple"},"brands":[{"id":33,"name":"Head","slug":"head"}],"_links":{"self":[{"href":"https:\/\/tiendapadel5.com\/pt-pt\/wp-json\/wp\/v2\/product\/142696","targetHints":{"allow":["GET"]}}],"collection":[{"href":"https:\/\/tiendapadel5.com\/pt-pt\/wp-json\/wp\/v2\/product"}],"about":[{"href":"https:\/\/tiendapadel5.com\/pt-pt\/wp-json\/wp\/v2\/types\/product"}],"replies":[{"embeddable":true,"href":"https:\/\/tiendapadel5.com\/pt-pt\/wp-json\/wp\/v2\/comments?post=142696"}],"version-history":[{"count":0,"href":"https:\/\/tiendapadel5.com\/pt-pt\/wp-json\/wp\/v2\/product\/142696\/revisions"}],"wp:featuredmedia":[{"embeddable":true,"href":"https:\/\/tiendapadel5.com\/pt-pt\/wp-json\/wp\/v2\/media\/200759"}],"wp:attachment":[{"href":"https:\/\/tiendapadel5.com\/pt-pt\/wp-json\/wp\/v2\/media?parent=142696"}],"wp:term":[{"taxonomy":"pwb-brand","embeddable":true,"href":"https:\/\/tiendapadel5.com\/pt-pt\/wp-json\/wp\/v2\/pwb-brand?post=142696"},{"taxonomy":"product_brand","embeddable":true,"href":"https:\/\/tiendapadel5.com\/pt-pt\/wp-json\/wp\/v2\/product_brand?post=142696"},{"taxonomy":"product_cat","embeddable":true,"href":"https:\/\/tiendapadel5.com\/pt-pt\/wp-json\/wp\/v2\/product_cat?post=142696"},{"taxonomy":"product_tag","embeddable":true,"href":"https:\/\/tiendapadel5.com\/pt-pt\/wp-json\/wp\/v2\/product_tag?post=142696"}],"curies":[{"name":"wp","href":"https:\/\/api.w.org\/{rel}","templated":true}]}}