{"id":142248,"date":"2024-05-23T21:54:23","date_gmt":"2024-05-23T20:54:23","guid":{"rendered":"https:\/\/tiendapadel5.com\/collant-nox-pro-bleu-fonce\/"},"modified":"2024-05-23T21:54:23","modified_gmt":"2024-05-23T20:54:23","slug":"collant-nox-pro-bleu-fonce","status":"publish","type":"product","link":"https:\/\/tiendapadel5.com\/pt-pt\/collant-nox-pro-bleu-fonce\/","title":{"rendered":"Collant Nox Pro Bleu fonc\u00e9"},"content":{"rendered":"<h2>Collant Nox Pro Bleu fonc\u00e9 Caract\u00e9ristiques :<\/h2>\n<p class=\" detalle-atributos__tabla\">Couleur : bleu<\/p>\n<p><strong>Composition :<\/strong> Polyester 88% Spandex 12%.<\/p>\n","protected":false},"excerpt":{"rendered":"<p>Le collant Nox Pro Dark Blue est con\u00e7u avec un tissu l\u00e9ger pour un maximum de confort.<\/p>\n","protected":false},"featured_media":141372,"comment_status":"open","ping_status":"closed","template":"","meta":{"_joinchat":[]},"pwb-brand":[34],"product_brand":[],"product_cat":[5987,3061,3064,3067],"product_tag":[6853,9315,2734,2719,8186],"class_list":{"0":"post-142248","1":"product","2":"type-product","3":"status-publish","4":"has-post-thumbnail","6":"pwb-brand-nox","7":"product_cat-leggings-fr","8":"product_cat-vetements-de-padel","9":"product_cat-vetements-de-padel-femme","10":"product_cat-vetements-de-padel-nox","11":"product_tag-bleu-fr","12":"product_tag-mailles","13":"product_tag-nox-fr","14":"product_tag-pro-fr","15":"product_tag-sombre","16":"pa_talla-l-fr","17":"pa_talla-m-fr","18":"pa_talla-s-fr","19":"pa_talla-xl-fr","20":"pa_talla-xs-fr","22":"first","23":"instock","24":"taxable","25":"shipping-taxable","26":"purchasable","27":"product-type-variable"},"brands":[{"id":34,"name":"Nox","slug":"nox"}],"_links":{"self":[{"href":"https:\/\/tiendapadel5.com\/pt-pt\/wp-json\/wp\/v2\/product\/142248","targetHints":{"allow":["GET"]}}],"collection":[{"href":"https:\/\/tiendapadel5.com\/pt-pt\/wp-json\/wp\/v2\/product"}],"about":[{"href":"https:\/\/tiendapadel5.com\/pt-pt\/wp-json\/wp\/v2\/types\/product"}],"replies":[{"embeddable":true,"href":"https:\/\/tiendapadel5.com\/pt-pt\/wp-json\/wp\/v2\/comments?post=142248"}],"version-history":[{"count":0,"href":"https:\/\/tiendapadel5.com\/pt-pt\/wp-json\/wp\/v2\/product\/142248\/revisions"}],"wp:featuredmedia":[{"embeddable":true,"href":"https:\/\/tiendapadel5.com\/pt-pt\/wp-json\/wp\/v2\/media\/141372"}],"wp:attachment":[{"href":"https:\/\/tiendapadel5.com\/pt-pt\/wp-json\/wp\/v2\/media?parent=142248"}],"wp:term":[{"taxonomy":"pwb-brand","embeddable":true,"href":"https:\/\/tiendapadel5.com\/pt-pt\/wp-json\/wp\/v2\/pwb-brand?post=142248"},{"taxonomy":"product_brand","embeddable":true,"href":"https:\/\/tiendapadel5.com\/pt-pt\/wp-json\/wp\/v2\/product_brand?post=142248"},{"taxonomy":"product_cat","embeddable":true,"href":"https:\/\/tiendapadel5.com\/pt-pt\/wp-json\/wp\/v2\/product_cat?post=142248"},{"taxonomy":"product_tag","embeddable":true,"href":"https:\/\/tiendapadel5.com\/pt-pt\/wp-json\/wp\/v2\/product_tag?post=142248"}],"curies":[{"name":"wp","href":"https:\/\/api.w.org\/{rel}","templated":true}]}}