{"id":137764,"date":"2024-02-22T17:36:40","date_gmt":"2024-02-22T16:36:40","guid":{"rendered":"https:\/\/tiendapadel5.com\/pega-de-mao-amarela-macia-head-extreme\/"},"modified":"2025-02-03T11:04:53","modified_gmt":"2025-02-03T10:04:53","slug":"pega-de-mao-amarela-macia-head-extreme","status":"publish","type":"product","link":"https:\/\/tiendapadel5.com\/pt-pt\/pega-de-mao-amarela-macia-head-extreme\/","title":{"rendered":"Pega de m\u00e3o amarela macia Head Extreme"},"content":{"rendered":"<p>Embalagem de 3 unidades<\/p>\n<p>Cor amarela<\/p>\n","protected":false},"excerpt":{"rendered":"<p>As Head Extreme Soft Yellow Overgrips s\u00e3o feitas de elast\u00f3mero super-aderente com perfura\u00e7\u00f5es extra-grandes.<\/p>\n","protected":false},"featured_media":118427,"comment_status":"open","ping_status":"closed","template":"","meta":{"_joinchat":[]},"pwb-brand":[33],"product_brand":[],"product_cat":[2367,2614,4890],"product_tag":[7957,2258,5649,11603,7119,2538],"class_list":{"0":"post-137764","1":"product","2":"type-product","3":"status-publish","4":"has-post-thumbnail","6":"pwb-brand-head","7":"product_cat-acessorios-padel","8":"product_cat-acessorios-padel-head","9":"product_cat-griffe-ubergriffe-padel","10":"product_tag-amarelo-pt-pt","11":"product_tag-cabeca","12":"product_tag-extremo","13":"product_tag-head","14":"product_tag-sobretampas","15":"product_tag-suave","17":"first","18":"instock","19":"sale","20":"taxable","21":"shipping-taxable","22":"purchasable","23":"product-type-simple"},"brands":[{"id":33,"name":"Head","slug":"head"}],"_links":{"self":[{"href":"https:\/\/tiendapadel5.com\/pt-pt\/wp-json\/wp\/v2\/product\/137764","targetHints":{"allow":["GET"]}}],"collection":[{"href":"https:\/\/tiendapadel5.com\/pt-pt\/wp-json\/wp\/v2\/product"}],"about":[{"href":"https:\/\/tiendapadel5.com\/pt-pt\/wp-json\/wp\/v2\/types\/product"}],"replies":[{"embeddable":true,"href":"https:\/\/tiendapadel5.com\/pt-pt\/wp-json\/wp\/v2\/comments?post=137764"}],"version-history":[{"count":0,"href":"https:\/\/tiendapadel5.com\/pt-pt\/wp-json\/wp\/v2\/product\/137764\/revisions"}],"wp:featuredmedia":[{"embeddable":true,"href":"https:\/\/tiendapadel5.com\/pt-pt\/wp-json\/wp\/v2\/media\/118427"}],"wp:attachment":[{"href":"https:\/\/tiendapadel5.com\/pt-pt\/wp-json\/wp\/v2\/media?parent=137764"}],"wp:term":[{"taxonomy":"pwb-brand","embeddable":true,"href":"https:\/\/tiendapadel5.com\/pt-pt\/wp-json\/wp\/v2\/pwb-brand?post=137764"},{"taxonomy":"product_brand","embeddable":true,"href":"https:\/\/tiendapadel5.com\/pt-pt\/wp-json\/wp\/v2\/product_brand?post=137764"},{"taxonomy":"product_cat","embeddable":true,"href":"https:\/\/tiendapadel5.com\/pt-pt\/wp-json\/wp\/v2\/product_cat?post=137764"},{"taxonomy":"product_tag","embeddable":true,"href":"https:\/\/tiendapadel5.com\/pt-pt\/wp-json\/wp\/v2\/product_tag?post=137764"}],"curies":[{"name":"wp","href":"https:\/\/api.w.org\/{rel}","templated":true}]}}