{"id":135091,"date":"2024-04-29T10:56:17","date_gmt":"2024-04-29T09:56:17","guid":{"rendered":"https:\/\/tiendapadel5.com\/calcas-compridas-tiro23-l-sw-azul-escuro\/"},"modified":"2024-04-29T10:56:17","modified_gmt":"2024-04-29T09:56:17","slug":"calcas-compridas-tiro23-l-sw-azul-escuro","status":"publish","type":"product","link":"https:\/\/tiendapadel5.com\/pt-pt\/calcas-compridas-tiro23-l-sw-azul-escuro\/","title":{"rendered":"Cal\u00e7as compridas Tiro23 L SW Azul escuro"},"content":{"rendered":"<h2>Cal\u00e7as compridas Tiro23 L SW Azul escuro Caracter\u00edsticas:<\/h2>\n<table class=\"table table-striped table-product-dimensions table-light table-bordered- table-sm mt-3\">\n<tbody>\n<tr>\n<td class=\"font-weight-500\">1-<\/td>\n<td>Corte cl\u00e1ssico<\/td>\n<\/tr>\n<tr>\n<td class=\"font-weight-500\">2-<\/td>\n<td>Cintura el\u00e1stica de cintura m\u00e9dia com cord\u00e3o<\/td>\n<\/tr>\n<tr>\n<td class=\"font-weight-500\">3-<\/td>\n<td>Malha dupla 100% poli\u00e9ster reciclado<\/td>\n<\/tr>\n<tr>\n<td class=\"font-weight-500\">4-<\/td>\n<td>Inser\u00e7\u00f5es em forma de tri\u00e2ngulo: tecido com relevo 100% poli\u00e9ster reciclado<\/td>\n<\/tr>\n<tr>\n<td class=\"font-weight-500\">5-<\/td>\n<td>AEROREADY<\/td>\n<\/tr>\n<tr>\n<td class=\"font-weight-500\">6-<\/td>\n<td>Bolsos com fecho de correr na costura lateral<\/td>\n<\/tr>\n<tr>\n<td class=\"font-weight-500\">Composi\u00e7\u00e3o<\/td>\n<td>100% REC.PES<\/td>\n<\/tr>\n<tr>\n<td class=\"font-weight-500\">Em forma<\/td>\n<td>REGULAR<\/td>\n<\/tr>\n<tr>\n<td class=\"font-weight-500\">Cole\u00e7\u00e3o<\/td>\n<td>Equipamento<\/td>\n<\/tr>\n<\/tbody>\n<\/table>\n","protected":false},"excerpt":{"rendered":"<p>As cal\u00e7as compridas Tiro23 L SW azul-escuro permitir\u00e3o que te movas com total liberdade, fabricadas com tecido respir\u00e1vel e com fechos de correr nos punhos inferiores para maior conforto.<\/p>\n","protected":false},"featured_media":134580,"comment_status":"open","ping_status":"closed","template":"","meta":{"_joinchat":[]},"pwb-brand":[28],"product_brand":[],"product_cat":[6130,6132,6134,21,4948,46],"product_tag":[143,295,401,5866,4398,548,4498,4499],"class_list":{"0":"post-135091","1":"product","2":"type-product","3":"status-publish","4":"has-post-thumbnail","6":"pwb-brand-adidas-padel","7":"product_cat-black-friday-padel","8":"product_cat-ropa","9":"product_cat-cyber-monday-padel","10":"product_cat-ropa-padel","11":"product_cat-ropa-adidas","12":"product_cat-hombre","13":"product_tag-adidas","14":"product_tag-azul","15":"product_tag-pantalon","16":"product_tag-oscuro","17":"product_tag-l","18":"product_tag-largo","19":"product_tag-sw","20":"product_tag-tiro23","21":"pa_talla-l","22":"pa_talla-m","24":"first","25":"instock","26":"sale","27":"taxable","28":"shipping-taxable","29":"purchasable","30":"product-type-variable"},"brands":[{"id":28,"name":"Adidas Padel","slug":"adidas-padel"}],"_links":{"self":[{"href":"https:\/\/tiendapadel5.com\/pt-pt\/wp-json\/wp\/v2\/product\/135091","targetHints":{"allow":["GET"]}}],"collection":[{"href":"https:\/\/tiendapadel5.com\/pt-pt\/wp-json\/wp\/v2\/product"}],"about":[{"href":"https:\/\/tiendapadel5.com\/pt-pt\/wp-json\/wp\/v2\/types\/product"}],"replies":[{"embeddable":true,"href":"https:\/\/tiendapadel5.com\/pt-pt\/wp-json\/wp\/v2\/comments?post=135091"}],"version-history":[{"count":0,"href":"https:\/\/tiendapadel5.com\/pt-pt\/wp-json\/wp\/v2\/product\/135091\/revisions"}],"wp:featuredmedia":[{"embeddable":true,"href":"https:\/\/tiendapadel5.com\/pt-pt\/wp-json\/wp\/v2\/media\/134580"}],"wp:attachment":[{"href":"https:\/\/tiendapadel5.com\/pt-pt\/wp-json\/wp\/v2\/media?parent=135091"}],"wp:term":[{"taxonomy":"pwb-brand","embeddable":true,"href":"https:\/\/tiendapadel5.com\/pt-pt\/wp-json\/wp\/v2\/pwb-brand?post=135091"},{"taxonomy":"product_brand","embeddable":true,"href":"https:\/\/tiendapadel5.com\/pt-pt\/wp-json\/wp\/v2\/product_brand?post=135091"},{"taxonomy":"product_cat","embeddable":true,"href":"https:\/\/tiendapadel5.com\/pt-pt\/wp-json\/wp\/v2\/product_cat?post=135091"},{"taxonomy":"product_tag","embeddable":true,"href":"https:\/\/tiendapadel5.com\/pt-pt\/wp-json\/wp\/v2\/product_tag?post=135091"}],"curies":[{"name":"wp","href":"https:\/\/api.w.org\/{rel}","templated":true}]}}