{"id":135067,"date":"2024-04-30T14:36:51","date_gmt":"2024-04-30T13:36:51","guid":{"rendered":"https:\/\/tiendapadel5.com\/sapatos-de-padel-head-motion-team\/"},"modified":"2025-06-18T10:40:39","modified_gmt":"2025-06-18T09:40:39","slug":"sapatos-de-padel-head-motion-team","status":"publish","type":"product","link":"https:\/\/tiendapadel5.com\/pt-pt\/sapatos-de-padel-head-motion-team\/","title":{"rendered":"Sapatos de padel Head Motion Team"},"content":{"rendered":"<h2>Head Motion Team Padel Shoes Caracter\u00edsticas:<\/h2>\n<p>MATERIAL EXTERIOR<\/p>\n<div>\n<ul>\n<li>Malha leve e respir\u00e1vel<\/li>\n<li>Materiais de elevado conforto para o forro<\/li>\n<li>Prote\u00e7\u00e3o dos dedos dos p\u00e9s e da zona m\u00e9dia<\/li>\n<\/ul>\n<\/div>\n<p>MEIA-COMBUST\u00c3O<\/p>\n<div>\n<ul>\n<li>Mola do dedo do p\u00e9 mais alta<\/li>\n<li>Deslizamento m\u00ednimo da ponta do p\u00e9 ao calcanhar<\/li>\n<li>Sola interm\u00e9dia EVA de elevado conforto<\/li>\n<li>Palheta anti-tor\u00e7\u00e3o tridimensional<\/li>\n<\/ul>\n<\/div>\n<p>SOLA<\/p>\n","protected":false},"excerpt":{"rendered":"<p>As sapatilhas Head Motion Team Padel foram concebidas para oferecer um maior apoio e melhorar os teus movimentos no campo.<\/p>\n","protected":false},"featured_media":134892,"comment_status":"open","ping_status":"closed","template":"","meta":{"_joinchat":[]},"pwb-brand":[33],"product_brand":[],"product_cat":[9876,9860,9868,2325,2632,2327],"product_tag":[2258,2403,2482,2282,2329],"class_list":{"0":"post-135067","1":"product","2":"type-product","3":"status-publish","4":"has-post-thumbnail","6":"pwb-brand-head","7":"product_cat-black-friday-padel-pt-pt","8":"product_cat-cyber-monday-padel-pt-pt","9":"product_cat-sapatos","10":"product_cat-sapatos-padel","11":"product_cat-sapatos-padel-head","12":"product_cat-sapatos-padel-homem","13":"product_tag-cabeca","14":"product_tag-equipa","15":"product_tag-movimento-pt-pt","16":"product_tag-padel-pt-pt","17":"product_tag-sapatos","18":"pa_talla-41-pt-pt","19":"pa_talla-42-pt-pt","20":"pa_talla-43-pt-pt","21":"pa_talla-44-pt-pt","22":"pa_talla-45-pt-pt","24":"first","25":"instock","26":"sale","27":"taxable","28":"shipping-taxable","29":"purchasable","30":"product-type-variable"},"brands":[{"id":33,"name":"Head","slug":"head"}],"_links":{"self":[{"href":"https:\/\/tiendapadel5.com\/pt-pt\/wp-json\/wp\/v2\/product\/135067","targetHints":{"allow":["GET"]}}],"collection":[{"href":"https:\/\/tiendapadel5.com\/pt-pt\/wp-json\/wp\/v2\/product"}],"about":[{"href":"https:\/\/tiendapadel5.com\/pt-pt\/wp-json\/wp\/v2\/types\/product"}],"replies":[{"embeddable":true,"href":"https:\/\/tiendapadel5.com\/pt-pt\/wp-json\/wp\/v2\/comments?post=135067"}],"version-history":[{"count":0,"href":"https:\/\/tiendapadel5.com\/pt-pt\/wp-json\/wp\/v2\/product\/135067\/revisions"}],"wp:featuredmedia":[{"embeddable":true,"href":"https:\/\/tiendapadel5.com\/pt-pt\/wp-json\/wp\/v2\/media\/134892"}],"wp:attachment":[{"href":"https:\/\/tiendapadel5.com\/pt-pt\/wp-json\/wp\/v2\/media?parent=135067"}],"wp:term":[{"taxonomy":"pwb-brand","embeddable":true,"href":"https:\/\/tiendapadel5.com\/pt-pt\/wp-json\/wp\/v2\/pwb-brand?post=135067"},{"taxonomy":"product_brand","embeddable":true,"href":"https:\/\/tiendapadel5.com\/pt-pt\/wp-json\/wp\/v2\/product_brand?post=135067"},{"taxonomy":"product_cat","embeddable":true,"href":"https:\/\/tiendapadel5.com\/pt-pt\/wp-json\/wp\/v2\/product_cat?post=135067"},{"taxonomy":"product_tag","embeddable":true,"href":"https:\/\/tiendapadel5.com\/pt-pt\/wp-json\/wp\/v2\/product_tag?post=135067"}],"curies":[{"name":"wp","href":"https:\/\/api.w.org\/{rel}","templated":true}]}}