{"id":125883,"date":"2024-04-03T23:26:26","date_gmt":"2024-04-03T22:26:26","guid":{"rendered":"https:\/\/tiendapadel5.com\/sapatilhas-wilson-rush-pro-lite-azul-perola-marfim-branco\/"},"modified":"2024-11-20T20:04:36","modified_gmt":"2024-11-20T19:04:36","slug":"sapatilhas-wilson-rush-pro-lite-azul-perola-marfim-branco","status":"publish","type":"product","link":"https:\/\/tiendapadel5.com\/pt-pt\/sapatilhas-wilson-rush-pro-lite-azul-perola-marfim-branco\/","title":{"rendered":"Sapatilhas Wilson Rush Pro Lite Azul P\u00e9rola\/Marfim\/Branco"},"content":{"rendered":"<h2>Wilson Rush Pro Lite Blue Pearl\/Ivory\/White Shoes Caracter\u00edsticas:<\/h2>\n<ul class=\"product-highlights_list\">\n<li>Ajuste generoso: Acomoda jogadores com p\u00e9s mais largos para um ajuste e uma sensa\u00e7\u00e3o mais confort\u00e1veis.<\/li>\n<li>Pro Torque Chassis Light: Tecnologia de arco concebida para proporcionar a velocidade e o conforto necess\u00e1rios para a m\u00e1xima estabilidade e flexibilidade.<\/li>\n<li>Composi\u00e7\u00e3o: A constru\u00e7\u00e3o respir\u00e1vel proporciona o m\u00e1ximo conforto.<\/li>\n<li>Superf\u00edcie de jogo ideal: Todas as superf\u00edcies<\/li>\n<\/ul>\n","protected":false},"excerpt":{"rendered":"<p>As sapatilhas Wilson Rush Pro Lite Blue Pearl\/Ivory\/White foram concebidas com um novo tecido para respirabilidade, apoio e conforto.<\/p>\n","protected":false},"featured_media":125874,"comment_status":"open","ping_status":"closed","template":"","meta":{"_joinchat":[]},"pwb-brand":[37],"product_brand":[],"product_cat":[9871,9853,9861,4298,4939,4312],"product_tag":[6856,6861,2102,6881,6875,6867,1905,6699,1947],"class_list":{"0":"post-125883","1":"product","2":"type-product","3":"status-publish","4":"has-post-thumbnail","6":"pwb-brand-wilson","7":"product_cat-black-friday-padel-en","8":"product_cat-cyber-monday-padel-en","9":"product_cat-shoes","10":"product_cat-padel-shoes","11":"product_cat-padel-shoes-men","12":"product_cat-wilson-padel-shoes","13":"product_tag-blue-en-2","14":"product_tag-white-en","15":"product_tag-lite-en","16":"product_tag-ivory","17":"product_tag-pearl","18":"product_tag-rush-en","19":"product_tag-pro-en","20":"product_tag-sneakers","21":"product_tag-wilson-en","22":"pa_talla-41-1-3-en","23":"pa_talla-42-en","24":"pa_talla-42-2-3-en","25":"pa_talla-43-1-3-en","26":"pa_talla-44-en","27":"pa_talla-44-2-3-en","28":"pa_talla-45-1-3-en","30":"first","31":"instock","32":"sale","33":"taxable","34":"shipping-taxable","35":"purchasable","36":"product-type-variable"},"brands":[{"id":37,"name":"Wilson","slug":"wilson"}],"_links":{"self":[{"href":"https:\/\/tiendapadel5.com\/pt-pt\/wp-json\/wp\/v2\/product\/125883","targetHints":{"allow":["GET"]}}],"collection":[{"href":"https:\/\/tiendapadel5.com\/pt-pt\/wp-json\/wp\/v2\/product"}],"about":[{"href":"https:\/\/tiendapadel5.com\/pt-pt\/wp-json\/wp\/v2\/types\/product"}],"replies":[{"embeddable":true,"href":"https:\/\/tiendapadel5.com\/pt-pt\/wp-json\/wp\/v2\/comments?post=125883"}],"version-history":[{"count":0,"href":"https:\/\/tiendapadel5.com\/pt-pt\/wp-json\/wp\/v2\/product\/125883\/revisions"}],"wp:featuredmedia":[{"embeddable":true,"href":"https:\/\/tiendapadel5.com\/pt-pt\/wp-json\/wp\/v2\/media\/125874"}],"wp:attachment":[{"href":"https:\/\/tiendapadel5.com\/pt-pt\/wp-json\/wp\/v2\/media?parent=125883"}],"wp:term":[{"taxonomy":"pwb-brand","embeddable":true,"href":"https:\/\/tiendapadel5.com\/pt-pt\/wp-json\/wp\/v2\/pwb-brand?post=125883"},{"taxonomy":"product_brand","embeddable":true,"href":"https:\/\/tiendapadel5.com\/pt-pt\/wp-json\/wp\/v2\/product_brand?post=125883"},{"taxonomy":"product_cat","embeddable":true,"href":"https:\/\/tiendapadel5.com\/pt-pt\/wp-json\/wp\/v2\/product_cat?post=125883"},{"taxonomy":"product_tag","embeddable":true,"href":"https:\/\/tiendapadel5.com\/pt-pt\/wp-json\/wp\/v2\/product_tag?post=125883"}],"curies":[{"name":"wp","href":"https:\/\/api.w.org\/{rel}","templated":true}]}}