{"id":112943,"date":"2023-09-28T18:17:47","date_gmt":"2023-09-28T17:17:47","guid":{"rendered":"https:\/\/tiendapadel5.com\/starvie-kenta-pro\/"},"modified":"2023-09-28T18:17:47","modified_gmt":"2023-09-28T17:17:47","slug":"starvie-kenta-pro","status":"publish","type":"product","link":"https:\/\/tiendapadel5.com\/pt-pt\/starvie-kenta-pro\/","title":{"rendered":"Starvie Kenta Pro"},"content":{"rendered":"<div class=\"item\">\n<h2>Starvie Kenta Pro-funktioner<\/h2>\n<p class=\"title\"><b>Niv\u00e5: <\/b>Avancerad+<\/p>\n<\/div>\n<div class=\"item\">\n<p class=\"title\"><b>Typ av spel: <\/b>Attack och kontroll<\/p>\n<\/div>\n<div class=\"item\">\n<p class=\"title\">Kontroll: 100% Kontroll: 100% Kontroll: 100% Kontroll: 100% Kontroll: 100% Kontroll: 100% Kontroll: 100% Kontroll: 100% Kontroll: 100% Kontroll<\/p>\n<\/div>\n<div class=\"item\">\n<p class=\"title\">Effekt: 98,5%.<\/p>\n<\/div>\n<div class=\"item\">\n<p class=\"title\"><b>Ball output: <\/b>95% Ball output: 95% Ball output: 95% Ball output: 95% Ball output: 95% Ball output: 95% Ball output: 95% Ball output: 95% Ball output: 95%<\/p>\n<\/div>\n","protected":false},"excerpt":{"rendered":"<p>Nya Starvie Kenta Pro har en ny rund form som ger dig kontroll, stabilitet och man\u00f6vrerbarhet. Allt detta utan att g\u00f6ra avkall p\u00e5 kraft.<\/p>\n","protected":false},"featured_media":0,"comment_status":"open","ping_status":"closed","template":"","meta":{"_joinchat":[]},"pwb-brand":[35],"product_brand":[],"product_cat":[26],"product_tag":[],"class_list":{"0":"post-112943","1":"product","2":"type-product","3":"status-publish","5":"pwb-brand-starvie","6":"product_cat-outlet-de-padel","7":"pa_forma-redonda","8":"pa_marco-fibra-de-carbono","9":"pa_nivel-de-juego-avanzado-profesional","10":"pa_tipo-de-juego-polivalente","12":"first","13":"instock","14":"sale","15":"taxable","16":"shipping-taxable","17":"purchasable","18":"product-type-simple"},"brands":[{"id":35,"name":"Starvie","slug":"starvie"}],"_links":{"self":[{"href":"https:\/\/tiendapadel5.com\/pt-pt\/wp-json\/wp\/v2\/product\/112943","targetHints":{"allow":["GET"]}}],"collection":[{"href":"https:\/\/tiendapadel5.com\/pt-pt\/wp-json\/wp\/v2\/product"}],"about":[{"href":"https:\/\/tiendapadel5.com\/pt-pt\/wp-json\/wp\/v2\/types\/product"}],"replies":[{"embeddable":true,"href":"https:\/\/tiendapadel5.com\/pt-pt\/wp-json\/wp\/v2\/comments?post=112943"}],"version-history":[{"count":0,"href":"https:\/\/tiendapadel5.com\/pt-pt\/wp-json\/wp\/v2\/product\/112943\/revisions"}],"wp:attachment":[{"href":"https:\/\/tiendapadel5.com\/pt-pt\/wp-json\/wp\/v2\/media?parent=112943"}],"wp:term":[{"taxonomy":"pwb-brand","embeddable":true,"href":"https:\/\/tiendapadel5.com\/pt-pt\/wp-json\/wp\/v2\/pwb-brand?post=112943"},{"taxonomy":"product_brand","embeddable":true,"href":"https:\/\/tiendapadel5.com\/pt-pt\/wp-json\/wp\/v2\/product_brand?post=112943"},{"taxonomy":"product_cat","embeddable":true,"href":"https:\/\/tiendapadel5.com\/pt-pt\/wp-json\/wp\/v2\/product_cat?post=112943"},{"taxonomy":"product_tag","embeddable":true,"href":"https:\/\/tiendapadel5.com\/pt-pt\/wp-json\/wp\/v2\/product_tag?post=112943"}],"curies":[{"name":"wp","href":"https:\/\/api.w.org\/{rel}","templated":true}]}}