{"id":112914,"date":"2023-07-20T09:17:47","date_gmt":"2023-07-20T08:17:47","guid":{"rendered":"https:\/\/tiendapadel5.com\/wilson-carbon-force-lt\/"},"modified":"2023-07-20T09:17:47","modified_gmt":"2023-07-20T08:17:47","slug":"wilson-carbon-force-lt","status":"publish","type":"product","link":"https:\/\/tiendapadel5.com\/pt-pt\/wilson-carbon-force-lt\/","title":{"rendered":"Wilson Carbon Force LT"},"content":{"rendered":"<h2>Wilson Carbon Force LT Egenskaper<\/h2>\n<p>Balans 260 mm<\/p>\n<p>Balk 38 mm<\/p>\n<p>K\u00e4rntyp Mjuk EVA<\/p>\n<p>Huvudstorlek 85 sq in \/ 548 sq cm<\/p>\n<p>L\u00e4ngd 455 mm<\/p>\n<p>Diamantform<\/p>\n<p>Vikt355 g<\/p>\n","protected":false},"excerpt":{"rendered":"<p>Nya Wilson Carbon Force LT har en stor sweet spot. Den \u00e4r utformad f\u00f6r spelare som vill ha kontroll \u00f6ver spelet utan att tappa fart i sina luftskott.<\/p>\n","protected":false},"featured_media":0,"comment_status":"open","ping_status":"closed","template":"","meta":{"_joinchat":[]},"pwb-brand":[37],"product_brand":[],"product_cat":[26],"product_tag":[582,4960,1326,85,577,222],"class_list":{"0":"post-112914","1":"product","2":"type-product","3":"status-publish","5":"pwb-brand-wilson","6":"product_cat-outlet-de-padel","7":"product_tag-carbon","8":"product_tag-force","9":"product_tag-lt","10":"product_tag-padel","11":"product_tag-pala","12":"product_tag-wilson","13":"pa_forma-diamante","14":"pa_marco-fibra-de-carbono","15":"pa_nivel-de-juego-avanzado-profesional","16":"pa_tipo-de-juego-control","18":"first","19":"outofstock","20":"sale","21":"taxable","22":"shipping-taxable","23":"purchasable","24":"product-type-simple"},"brands":[{"id":37,"name":"Wilson","slug":"wilson"}],"_links":{"self":[{"href":"https:\/\/tiendapadel5.com\/pt-pt\/wp-json\/wp\/v2\/product\/112914","targetHints":{"allow":["GET"]}}],"collection":[{"href":"https:\/\/tiendapadel5.com\/pt-pt\/wp-json\/wp\/v2\/product"}],"about":[{"href":"https:\/\/tiendapadel5.com\/pt-pt\/wp-json\/wp\/v2\/types\/product"}],"replies":[{"embeddable":true,"href":"https:\/\/tiendapadel5.com\/pt-pt\/wp-json\/wp\/v2\/comments?post=112914"}],"version-history":[{"count":0,"href":"https:\/\/tiendapadel5.com\/pt-pt\/wp-json\/wp\/v2\/product\/112914\/revisions"}],"wp:attachment":[{"href":"https:\/\/tiendapadel5.com\/pt-pt\/wp-json\/wp\/v2\/media?parent=112914"}],"wp:term":[{"taxonomy":"pwb-brand","embeddable":true,"href":"https:\/\/tiendapadel5.com\/pt-pt\/wp-json\/wp\/v2\/pwb-brand?post=112914"},{"taxonomy":"product_brand","embeddable":true,"href":"https:\/\/tiendapadel5.com\/pt-pt\/wp-json\/wp\/v2\/product_brand?post=112914"},{"taxonomy":"product_cat","embeddable":true,"href":"https:\/\/tiendapadel5.com\/pt-pt\/wp-json\/wp\/v2\/product_cat?post=112914"},{"taxonomy":"product_tag","embeddable":true,"href":"https:\/\/tiendapadel5.com\/pt-pt\/wp-json\/wp\/v2\/product_tag?post=112914"}],"curies":[{"name":"wp","href":"https:\/\/api.w.org\/{rel}","templated":true}]}}