{"id":10281,"date":"2021-09-07T09:16:04","date_gmt":"2021-09-07T08:16:04","guid":{"rendered":"https:\/\/tiendapadel5.com\/?post_type=product&#038;p=10281"},"modified":"2026-04-22T16:42:22","modified_gmt":"2026-04-22T14:42:22","slug":"munequeras-nox-2","status":"publish","type":"product","link":"https:\/\/tiendapadel5.com\/pt-pt\/munequeras-nox-2\/","title":{"rendered":"Mu\u00f1equeras Nox Blanca Logo Rojo"},"content":{"rendered":"<p>Mu\u00f1equeras Nox confort de algod\u00f3n mezclado con fibras de Nylon y Poli\u00e9ster con la tecnolog\u00eda Balance Fresh de Nox para alejar el sudor. Mantiene la mu\u00f1eca caliente en cada golpeo.<\/p>\n","protected":false},"excerpt":{"rendered":"<p>Mu\u00f1equeras Nox. Pack de 2 mu\u00f1equeras Nox. Color blanco con logo en rojo.<\/p>\n","protected":false},"featured_media":10282,"comment_status":"open","ping_status":"closed","template":"","meta":{"_joinchat":[]},"pwb-brand":[34],"product_brand":[],"product_cat":[23,423,4412],"product_tag":[405,782,674,130,386],"class_list":{"0":"post-10281","1":"product","2":"type-product","3":"status-publish","4":"has-post-thumbnail","6":"pwb-brand-nox","7":"product_cat-accesorios-de-padel","8":"product_cat-complementos-nox","9":"product_cat-munequeras","10":"product_tag-blanco","11":"product_tag-marino","12":"product_tag-munequeras","13":"product_tag-nox","14":"product_tag-rojo","16":"first","17":"outofstock","18":"sale","19":"taxable","20":"shipping-taxable","21":"purchasable","22":"product-type-simple"},"brands":[{"id":34,"name":"Nox","slug":"nox"}],"_links":{"self":[{"href":"https:\/\/tiendapadel5.com\/pt-pt\/wp-json\/wp\/v2\/product\/10281","targetHints":{"allow":["GET"]}}],"collection":[{"href":"https:\/\/tiendapadel5.com\/pt-pt\/wp-json\/wp\/v2\/product"}],"about":[{"href":"https:\/\/tiendapadel5.com\/pt-pt\/wp-json\/wp\/v2\/types\/product"}],"replies":[{"embeddable":true,"href":"https:\/\/tiendapadel5.com\/pt-pt\/wp-json\/wp\/v2\/comments?post=10281"}],"version-history":[{"count":1,"href":"https:\/\/tiendapadel5.com\/pt-pt\/wp-json\/wp\/v2\/product\/10281\/revisions"}],"predecessor-version":[{"id":249279,"href":"https:\/\/tiendapadel5.com\/pt-pt\/wp-json\/wp\/v2\/product\/10281\/revisions\/249279"}],"wp:featuredmedia":[{"embeddable":true,"href":"https:\/\/tiendapadel5.com\/pt-pt\/wp-json\/wp\/v2\/media\/10282"}],"wp:attachment":[{"href":"https:\/\/tiendapadel5.com\/pt-pt\/wp-json\/wp\/v2\/media?parent=10281"}],"wp:term":[{"taxonomy":"pwb-brand","embeddable":true,"href":"https:\/\/tiendapadel5.com\/pt-pt\/wp-json\/wp\/v2\/pwb-brand?post=10281"},{"taxonomy":"product_brand","embeddable":true,"href":"https:\/\/tiendapadel5.com\/pt-pt\/wp-json\/wp\/v2\/product_brand?post=10281"},{"taxonomy":"product_cat","embeddable":true,"href":"https:\/\/tiendapadel5.com\/pt-pt\/wp-json\/wp\/v2\/product_cat?post=10281"},{"taxonomy":"product_tag","embeddable":true,"href":"https:\/\/tiendapadel5.com\/pt-pt\/wp-json\/wp\/v2\/product_tag?post=10281"}],"curies":[{"name":"wp","href":"https:\/\/api.w.org\/{rel}","templated":true}]}}