{"id":144498,"date":"2024-06-11T19:17:54","date_gmt":"2024-06-11T17:17:54","guid":{"rendered":"https:\/\/tiendapadel5.com\/ux-builder-wholesaler\/"},"modified":"2025-10-24T09:50:11","modified_gmt":"2025-10-24T07:50:11","slug":"padel-grossista-atacadista","status":"publish","type":"page","link":"https:\/\/tiendapadel5.com\/pt-pt\/padel-grossista-atacadista\/","title":{"rendered":"UX Builder Wholesaler"},"content":{"rendered":"\n<h1 style=\"text-align: center;\">Padel Wholesaler | Compra Padel por atacado<\/h1>\n<div class=\"text-center\"><div class=\"is-divider divider clearfix\" style=\"max-width:300px;background-color:#dd0000;\"><\/div><\/div>\n\n<div class=\"row align-center\"  id=\"row-53799501\">\n\n\n\t<div id=\"col-473012323\" class=\"col medium-4 small-12 large-4\"  >\n\t\t\t\t<div class=\"col-inner\"  >\n\t\t\t\n\t\t\t\n\n\t<div class=\"img has-hover x md-x lg-x y md-y lg-y\" id=\"image_178903597\">\n\t\t\t\t\t\t\t\t<div class=\"img-inner dark\" >\n\t\t\t<img fetchpriority=\"high\" decoding=\"async\" width=\"800\" height=\"800\" src=\"https:\/\/tiendapadel5.com\/wp-content\/uploads\/2024\/12\/WhatsApp-Image-2024-12-05-at-16.16.00-800x800.jpeg\" class=\"attachment-large size-large\" alt=\"mayorista de padel almac\u00e9n\" srcset=\"https:\/\/tiendapadel5.com\/wp-content\/uploads\/2024\/12\/WhatsApp-Image-2024-12-05-at-16.16.00-800x800.jpeg 800w, https:\/\/tiendapadel5.com\/wp-content\/uploads\/2024\/12\/WhatsApp-Image-2024-12-05-at-16.16.00-300x300.jpeg 300w, https:\/\/tiendapadel5.com\/wp-content\/uploads\/2024\/12\/WhatsApp-Image-2024-12-05-at-16.16.00-150x150.jpeg 150w, https:\/\/tiendapadel5.com\/wp-content\/uploads\/2024\/12\/WhatsApp-Image-2024-12-05-at-16.16.00-768x768.jpeg 768w, https:\/\/tiendapadel5.com\/wp-content\/uploads\/2024\/12\/WhatsApp-Image-2024-12-05-at-16.16.00-247x247.jpeg 247w, https:\/\/tiendapadel5.com\/wp-content\/uploads\/2024\/12\/WhatsApp-Image-2024-12-05-at-16.16.00-400x400.jpeg 400w, https:\/\/tiendapadel5.com\/wp-content\/uploads\/2024\/12\/WhatsApp-Image-2024-12-05-at-16.16.00-100x100.jpeg 100w, https:\/\/tiendapadel5.com\/wp-content\/uploads\/2024\/12\/WhatsApp-Image-2024-12-05-at-16.16.00.jpeg 1511w\" sizes=\"(max-width: 800px) 100vw, 800px\" \/>\t\t\t\t\t\t\n\t\t\t\t\t<\/div>\n\t\t\t\t\t\t\t\t\n<style>\n#image_178903597 {\n  width: 100%;\n}\n<\/style>\n\t<\/div>\n\t\n\n\n\t\t<\/div>\n\t\t\t\t\t<\/div>\n\n\t\n\n\t<div id=\"col-511439871\" class=\"col medium-6 small-12 large-6\"  >\n\t\t\t\t<div class=\"col-inner\"  >\n\t\t\t\n\t\t\t\n\n<p>Padel5 \u00e9 um dos <strong>primeiros distribuidores de padel em Espanha<\/strong>. Come\u00e7\u00e1mos em 2012, j\u00e1 temos <strong>mais de 10 anos de experi\u00eancia<\/strong> a distribuir produtos em diferentes pa\u00edses do mundo.<\/p>\n<p>Gra\u00e7as \u00e0s nossas condi\u00e7\u00f5es, podes aceder a um grande n\u00famero de <strong>raquetes de paddle ao melhor pre\u00e7o e com pouco investimento<\/strong>.<\/p>\n<p>Temos <strong>franchisings de padel<\/strong> em todo o mundo, estamos no mercado h\u00e1 muitos anos e continuamos a crescer. Temos pre\u00e7os competitivos e poucos requisitos quando nos encomendas.<\/p>\n<p>Somos o distribuidor que precisas para vender as <strong>melhores raquetes de padel das marcas l\u00edderes<\/strong> na tua loja.<\/p>\n\n\t\t<\/div>\n\t\t\t\t\t<\/div>\n\n\t\n\n<\/div>\n\t<div id=\"gap-521921302\" class=\"gap-element clearfix\" style=\"display:block; height:auto;\">\n\t\t\n<style>\n#gap-521921302 {\n  padding-top: 30px;\n}\n<\/style>\n\t<\/div>\n\t\n\n<h2 style=\"text-align: center;\">Queres vender material de padel?<\/h2>\n<div class=\"text-center\"><div class=\"is-divider divider clearfix\" style=\"max-width:300px;background-color:#dd0000;\"><\/div><\/div>\n\n<div class=\"row\"  id=\"row-270092153\">\n\n\n\t<div id=\"col-1608653203\" class=\"col medium-6 small-12 large-6\"  >\n\t\t\t\t<div class=\"col-inner text-center\"  >\n\t\t\t\n\t\t\t\n\n<a href=\"mailto:padel5@tiendapadel5.com\" target=\"_blank\" class=\"button primary is-outline expand\" rel=\"noopener\" >\n\t\t<span>Escreve-nos um e-mail<\/span>\n\t<i class=\"icon-envelop\" aria-hidden=\"true\"><\/i><\/a>\n\n\n\n\t\t<\/div>\n\t\t\t\t\t<\/div>\n\n\t\n\n\t<div id=\"col-875187627\" class=\"col medium-6 small-12 large-6\"  >\n\t\t\t\t<div class=\"col-inner text-center\"  >\n\t\t\t\n\t\t\t\n\n<a href=\"tel:+34610722717\" target=\"_blank\" class=\"button primary is-outline expand\" rel=\"noopener\" >\n\t\t<span>contacte-nos em<\/span>\n\t<i class=\"icon-phone\" aria-hidden=\"true\"><\/i><\/a>\n\n\n\n\t\t<\/div>\n\t\t\t\t\t<\/div>\n\n\t\n\n<\/div>\n<div class=\"row align-equal align-center\"  id=\"row-2119958210\">\n\n\n\t<div id=\"col-1278832139\" class=\"col medium-3 small-12 large-3\"  >\n\t\t\t\t<div class=\"col-inner\"  >\n\t\t\t\n\t\t\t\n\n\t<div class=\"img has-hover x md-x lg-x y md-y lg-y\" id=\"image_192871266\">\n\t\t\t\t\t\t\t\t<div class=\"img-inner dark\" >\n\t\t\t<img decoding=\"async\" width=\"800\" height=\"800\" src=\"https:\/\/tiendapadel5.com\/wp-content\/uploads\/2024\/12\/WhatsApp-Image-2024-12-05-at-16.17.34-800x800.jpeg\" class=\"attachment-large size-large\" alt=\"\" srcset=\"https:\/\/tiendapadel5.com\/wp-content\/uploads\/2024\/12\/WhatsApp-Image-2024-12-05-at-16.17.34-800x800.jpeg 800w, https:\/\/tiendapadel5.com\/wp-content\/uploads\/2024\/12\/WhatsApp-Image-2024-12-05-at-16.17.34-300x300.jpeg 300w, https:\/\/tiendapadel5.com\/wp-content\/uploads\/2024\/12\/WhatsApp-Image-2024-12-05-at-16.17.34-150x150.jpeg 150w, https:\/\/tiendapadel5.com\/wp-content\/uploads\/2024\/12\/WhatsApp-Image-2024-12-05-at-16.17.34-768x768.jpeg 768w, https:\/\/tiendapadel5.com\/wp-content\/uploads\/2024\/12\/WhatsApp-Image-2024-12-05-at-16.17.34-247x247.jpeg 247w, https:\/\/tiendapadel5.com\/wp-content\/uploads\/2024\/12\/WhatsApp-Image-2024-12-05-at-16.17.34-400x400.jpeg 400w, https:\/\/tiendapadel5.com\/wp-content\/uploads\/2024\/12\/WhatsApp-Image-2024-12-05-at-16.17.34-100x100.jpeg 100w, https:\/\/tiendapadel5.com\/wp-content\/uploads\/2024\/12\/WhatsApp-Image-2024-12-05-at-16.17.34.jpeg 1536w\" sizes=\"(max-width: 800px) 100vw, 800px\" \/>\t\t\t\t\t\t\n\t\t\t\t\t<\/div>\n\t\t\t\t\t\t\t\t\n<style>\n#image_192871266 {\n  width: 100%;\n}\n<\/style>\n\t<\/div>\n\t\n\n\n\t\t<\/div>\n\t\t\t\t\t<\/div>\n\n\t\n\n\t<div id=\"col-222480224\" class=\"col medium-3 small-12 large-3\"  >\n\t\t\t\t<div class=\"col-inner\"  >\n\t\t\t\n\t\t\t\n\n\t<div class=\"img has-hover x md-x lg-x y md-y lg-y\" id=\"image_560534546\">\n\t\t\t\t\t\t\t\t<div class=\"img-inner dark\" >\n\t\t\t<img decoding=\"async\" width=\"800\" height=\"800\" src=\"https:\/\/tiendapadel5.com\/wp-content\/uploads\/2024\/12\/WhatsApp-Image-2024-12-05-at-16.16.18-1-800x800.jpeg\" class=\"attachment-large size-large\" alt=\"almacen material padel al por mayor\" srcset=\"https:\/\/tiendapadel5.com\/wp-content\/uploads\/2024\/12\/WhatsApp-Image-2024-12-05-at-16.16.18-1-800x800.jpeg 800w, https:\/\/tiendapadel5.com\/wp-content\/uploads\/2024\/12\/WhatsApp-Image-2024-12-05-at-16.16.18-1-300x300.jpeg 300w, https:\/\/tiendapadel5.com\/wp-content\/uploads\/2024\/12\/WhatsApp-Image-2024-12-05-at-16.16.18-1-150x150.jpeg 150w, https:\/\/tiendapadel5.com\/wp-content\/uploads\/2024\/12\/WhatsApp-Image-2024-12-05-at-16.16.18-1-768x768.jpeg 768w, https:\/\/tiendapadel5.com\/wp-content\/uploads\/2024\/12\/WhatsApp-Image-2024-12-05-at-16.16.18-1-247x247.jpeg 247w, https:\/\/tiendapadel5.com\/wp-content\/uploads\/2024\/12\/WhatsApp-Image-2024-12-05-at-16.16.18-1-400x400.jpeg 400w, https:\/\/tiendapadel5.com\/wp-content\/uploads\/2024\/12\/WhatsApp-Image-2024-12-05-at-16.16.18-1-100x100.jpeg 100w, https:\/\/tiendapadel5.com\/wp-content\/uploads\/2024\/12\/WhatsApp-Image-2024-12-05-at-16.16.18-1.jpeg 1536w\" sizes=\"(max-width: 800px) 100vw, 800px\" \/>\t\t\t\t\t\t\n\t\t\t\t\t<\/div>\n\t\t\t\t\t\t\t\t\n<style>\n#image_560534546 {\n  width: 100%;\n}\n<\/style>\n\t<\/div>\n\t\n\n\n\t\t<\/div>\n\t\t\t\t\t<\/div>\n\n\t\n\n\t<div id=\"col-1701478742\" class=\"col medium-3 small-12 large-3\"  >\n\t\t\t\t<div class=\"col-inner\"  >\n\t\t\t\n\t\t\t\n\n\t<div class=\"img has-hover x md-x lg-x y md-y lg-y\" id=\"image_824831405\">\n\t\t\t\t\t\t\t\t<div class=\"img-inner dark\" >\n\t\t\t<img loading=\"lazy\" decoding=\"async\" width=\"800\" height=\"800\" src=\"https:\/\/tiendapadel5.com\/wp-content\/uploads\/2022\/12\/imagen-mayorista-padel-800x800.jpg\" class=\"attachment-large size-large\" alt=\"imagen mayorista de padel\" srcset=\"https:\/\/tiendapadel5.com\/wp-content\/uploads\/2022\/12\/imagen-mayorista-padel-800x800.jpg 800w, https:\/\/tiendapadel5.com\/wp-content\/uploads\/2022\/12\/imagen-mayorista-padel-300x300.jpg 300w, https:\/\/tiendapadel5.com\/wp-content\/uploads\/2022\/12\/imagen-mayorista-padel-150x150.jpg 150w, https:\/\/tiendapadel5.com\/wp-content\/uploads\/2022\/12\/imagen-mayorista-padel-768x768.jpg 768w, https:\/\/tiendapadel5.com\/wp-content\/uploads\/2022\/12\/imagen-mayorista-padel-900x900.jpg 900w, https:\/\/tiendapadel5.com\/wp-content\/uploads\/2022\/12\/imagen-mayorista-padel-247x247.jpg 247w, https:\/\/tiendapadel5.com\/wp-content\/uploads\/2022\/12\/imagen-mayorista-padel-400x400.jpg 400w, https:\/\/tiendapadel5.com\/wp-content\/uploads\/2022\/12\/imagen-mayorista-padel-100x100.jpg 100w, https:\/\/tiendapadel5.com\/wp-content\/uploads\/2022\/12\/imagen-mayorista-padel.jpg 1440w\" sizes=\"(max-width: 800px) 100vw, 800px\" \/>\t\t\t\t\t\t\n\t\t\t\t\t<\/div>\n\t\t\t\t\t\t\t\t\n<style>\n#image_824831405 {\n  width: 100%;\n}\n<\/style>\n\t<\/div>\n\t\n\n\n\t\t<\/div>\n\t\t\t\t\t<\/div>\n\n\t\n\n\t<div id=\"col-2145993172\" class=\"col medium-3 small-12 large-3\"  >\n\t\t\t\t<div class=\"col-inner\"  >\n\t\t\t\n\t\t\t\n\n\t<div class=\"img has-hover x md-x lg-x y md-y lg-y\" id=\"image_545089150\">\n\t\t\t\t\t\t\t\t<div class=\"img-inner dark\" >\n\t\t\t<img loading=\"lazy\" decoding=\"async\" width=\"480\" height=\"480\" src=\"https:\/\/tiendapadel5.com\/wp-content\/uploads\/2024\/03\/IMG_8341.jpeg\" class=\"attachment-large size-large\" alt=\"almac\u00e9n de material de Padel\" srcset=\"https:\/\/tiendapadel5.com\/wp-content\/uploads\/2024\/03\/IMG_8341.jpeg 480w, https:\/\/tiendapadel5.com\/wp-content\/uploads\/2024\/03\/IMG_8341-300x300.jpeg 300w, https:\/\/tiendapadel5.com\/wp-content\/uploads\/2024\/03\/IMG_8341-150x150.jpeg 150w, https:\/\/tiendapadel5.com\/wp-content\/uploads\/2024\/03\/IMG_8341-247x247.jpeg 247w, https:\/\/tiendapadel5.com\/wp-content\/uploads\/2024\/03\/IMG_8341-400x400.jpeg 400w, https:\/\/tiendapadel5.com\/wp-content\/uploads\/2024\/03\/IMG_8341-100x100.jpeg 100w\" sizes=\"(max-width: 480px) 100vw, 480px\" \/>\t\t\t\t\t\t\n\t\t\t\t\t<\/div>\n\t\t\t\t\t\t\t\t\n<style>\n#image_545089150 {\n  width: 100%;\n}\n<\/style>\n\t<\/div>\n\t\n\n\n\t\t<\/div>\n\t\t\t\t\t<\/div>\n\n\t\n\n<\/div>\n\t<div id=\"gap-814760031\" class=\"gap-element clearfix\" style=\"display:block; height:auto;\">\n\t\t\n<style>\n#gap-814760031 {\n  padding-top: 30px;\n}\n<\/style>\n\t<\/div>\n\t\n\n<h2 style=\"text-align: center;\">Qualidade e pre\u00e7o em material por atacado de p\u00e1s<\/h2>\n<div class=\"text-center\"><div class=\"is-divider divider clearfix\" style=\"max-width:300px;background-color:#dd0000;\"><\/div><\/div>\n\n<p>Na Padel5 temos <strong>o cat\u00e1logo mais completo de produtos de padel<\/strong>. Contamos com a qualidade, a seguran\u00e7a e a confian\u00e7a que nos d\u00e3o milhares de clientes em todo o mundo.<\/p>\n<div>Certificamo-nos de que temos sempre os <strong>melhores e mais recentes pre\u00e7os<\/strong> em todos os tipos de equipamento de padel por atacado: raquetes de padel, bolas, racks de padel, sapatos, acess\u00f3rios e muito mais.<\/div>\n<div> <\/div>\n<div>Enviamos para todos os cantos do mundo, por isso, onde quer <strong>que<\/strong> estejas, <strong>se queres que a tua loja de padel venda a melhor qualidade, contacta-nos!<\/strong><\/div>\n\t<div id=\"gap-21583763\" class=\"gap-element clearfix\" style=\"display:block; height:auto;\">\n\t\t\n<style>\n#gap-21583763 {\n  padding-top: 50px;\n}\n<\/style>\n\t<\/div>\n\t\n\n<h2 style=\"text-align: center;\">Contacto<\/h2>\n<div class=\"row\"  id=\"row-1068218392\">\n\n\n\t<div id=\"col-1839327241\" class=\"col medium-2 small-12 large-2\"  >\n\t\t\t\t<div class=\"col-inner text-center\"  >\n\t\t\t\n\t\t\t\n\n\n\t\t<\/div>\n\t\t\t\t\t<\/div>\n\n\t\n\n\t<div id=\"col-1627764338\" class=\"col medium-8 small-12 large-8\"  >\n\t\t\t\t<div class=\"col-inner text-center\"  >\n\t\t\t\n\t\t\t\n\n\t<div id=\"text-659384104\" class=\"text\">\n\t\t\n\n<div class=\"wpforms-container wpforms-container-full\" id=\"wpforms-171027\"><form id=\"wpforms-form-171027\" class=\"wpforms-validate wpforms-form wpforms-ajax-form\" data-formid=\"171027\" method=\"post\" enctype=\"multipart\/form-data\" action=\"\/pt-pt\/wp-json\/wp\/v2\/pages\/144498\" data-token=\"13bbf81af29f55e56c19e80ec11b5042\" data-token-time=\"1777223801\"><noscript class=\"wpforms-error-noscript\">Please enable JavaScript in your browser to complete this form.<\/noscript><div class=\"wpforms-field-container\"><div id=\"wpforms-171027-field_0-container\" class=\"wpforms-field wpforms-field-name\" data-field-id=\"0\"><label class=\"wpforms-field-label\" for=\"wpforms-171027-field_0\">Nombre completo <span class=\"wpforms-required-label\">*<\/span><\/label><input type=\"text\" id=\"wpforms-171027-field_0\" class=\"wpforms-field-large wpforms-field-required\" name=\"wpforms[fields][0]\" required><\/div><div id=\"wpforms-171027-field_9-container\" class=\"wpforms-field wpforms-field-text\" data-field-id=\"9\"><label class=\"wpforms-field-label\" for=\"wpforms-171027-field_9\">Tel\u00e9fono de contacto <span class=\"wpforms-required-label\">*<\/span><\/label><input type=\"text\" id=\"wpforms-171027-field_9\" class=\"wpforms-field-large wpforms-field-required wpforms-masked-input\" data-rule-inputmask-incomplete=\"1\" data-inputmask-mask=\"999-999-999\" name=\"wpforms[fields][9]\" required><\/div><div id=\"wpforms-171027-field_1-container\" class=\"wpforms-field wpforms-field-email\" data-field-id=\"1\"><label class=\"wpforms-field-label\" for=\"wpforms-171027-field_1\">Correo electr\u00f3nico <span class=\"wpforms-required-label\">*<\/span><\/label><input type=\"email\" id=\"wpforms-171027-field_1\" class=\"wpforms-field-large wpforms-field-required\" name=\"wpforms[fields][1]\" spellcheck=\"false\" required><\/div><div id=\"wpforms-171027-field_2-container\" class=\"wpforms-field wpforms-field-textarea\" data-field-id=\"2\"><label class=\"wpforms-field-label\" for=\"wpforms-171027-field_2\">Comentario o mensaje <span class=\"wpforms-required-label\">*<\/span><\/label><textarea id=\"wpforms-171027-field_2\" class=\"wpforms-field-medium wpforms-field-required\" name=\"wpforms[fields][2]\" required><\/textarea><\/div><div id=\"wpforms-171027-field_11-container\" class=\"wpforms-field wpforms-field-checkbox\" data-field-id=\"11\"><label class=\"wpforms-field-label wpforms-label-hide\">Protecci\u00f3n de datos <span class=\"wpforms-required-label\">*<\/span><\/label><ul id=\"wpforms-171027-field_11\" class=\"wpforms-field-required\"><li class=\"choice-1 depth-1\"><input type=\"checkbox\" id=\"wpforms-171027-field_11_1\" name=\"wpforms[fields][11][]\" value=\"Consiento el tratamiento de datos\" required ><label class=\"wpforms-field-label-inline\" for=\"wpforms-171027-field_11_1\">Consiento el tratamiento de datos<\/label><\/li><\/ul><div class=\"wpforms-field-description\">De conformidad con Reglamento General de Protecci\u00f3n de Datos (en adelante, RGPD), y de acuerdo a la Ley Org\u00e1nica 3\/2018, de 5 de diciembre, de Protecci\u00f3n de Datos Personales y garant\u00eda de los derechos digitales, Vd. da su consentimiento para el tratamiento de los datos personales aportados a trav\u00e9s de su petici\u00f3n. Estos ser\u00e1n incorporados al fichero correspondiente titularidad de PROZERIMAR SL, inscrito en el Registro de Actividades de Tratamiento. Sus datos ser\u00e1n utilizados en la gesti\u00f3n administrativa y comercial de su petici\u00f3n y de nuestra eventual relaci\u00f3n contractual y no ser\u00e1n cedidos a terceros, salvo obligaci\u00f3n legal. Le informamos que podr\u00e1 ejercer los derechos establecidos en RGPD: Derecho a solicitar el acceso a los datos personales relativos al interesado, a solicitar su rectificaci\u00f3n o supresi\u00f3n, a solicitar la limitaci\u00f3n de su tratamiento, a oponerse al tratamiento y a la portabilidad de los datos; a trav\u00e9s de carta certificada, adjuntando fotocopia de su DNI\/Pasaporte, en la siguiente direcci\u00f3n: CR BAILEN MOTRIL KM 15, 23620 MENGIBAR (JAEN). Puede consultar la informaci\u00f3n adicional y detallada sobre Protecci\u00f3n de Datos solicitando documento informativo detallado que se encuentra a su disposici\u00f3n.<\/div><\/div><\/div><!-- .wpforms-field-container --><div class=\"wpforms-recaptcha-container wpforms-is-recaptcha wpforms-is-recaptcha-type-v2\" ><div class=\"g-recaptcha\" data-sitekey=\"6Lcz9P4ZAAAAAGjCwFVbsUBkQCE4eWpDcFa5om6P\"><\/div><input type=\"text\" name=\"g-recaptcha-hidden\" class=\"wpforms-recaptcha-hidden\" style=\"position:absolute!important;clip:rect(0,0,0,0)!important;height:1px!important;width:1px!important;border:0!important;overflow:hidden!important;padding:0!important;margin:0!important;\" data-rule-recaptcha=\"1\"><\/div><div class=\"wpforms-submit-container\" ><input type=\"hidden\" name=\"wpforms[id]\" value=\"171027\"><input type=\"hidden\" name=\"page_title\" value=\"\"><input type=\"hidden\" name=\"page_url\" value=\"https:\/\/tiendapadel5.com\/pt-pt\/wp-json\/wp\/v2\/pages\/144498\"><input type=\"hidden\" name=\"url_referer\" value=\"\"><button type=\"submit\" name=\"wpforms[submit]\" id=\"wpforms-submit-171027\" class=\"wpforms-submit\" data-alt-text=\"Enviando...\" data-submit-text=\"Enviar\" aria-live=\"assertive\" value=\"wpforms-submit\">Enviar<\/button><img loading=\"lazy\" decoding=\"async\" src=\"https:\/\/tiendapadel5.com\/wp-content\/plugins\/wpforms-lite\/assets\/images\/submit-spin.svg\" class=\"wpforms-submit-spinner\" style=\"display: none;\" width=\"26\" height=\"26\" alt=\"Loading\"><\/div><\/form><\/div>  <!-- .wpforms-container -->\n\t\t\n<style>\n#text-659384104 {\n  text-align: left;\n}\n<\/style>\n\t<\/div>\n\t\n\n\t\t<\/div>\n\t\t\t\t\t<\/div>\n\n\t\n\n\t<div id=\"col-389960744\" class=\"col medium-2 small-12 large-2\"  >\n\t\t\t\t<div class=\"col-inner text-center\"  >\n\t\t\t\n\t\t\t\n\n\n\t\t<\/div>\n\t\t\t\t\t<\/div>\n\n\t\n\n<\/div>\n<div class=\"text-center\"><div class=\"is-divider divider clearfix\" style=\"max-width:300px;background-color:#dd0000;\"><\/div><\/div>\n\n<h2 style=\"text-align: center;\">Alguns dos nossos franchisados<\/h2>\n<div class=\"text-center\"><div class=\"is-divider divider clearfix\" style=\"max-width:300px;background-color:#dd0000;\"><\/div><\/div>\n\n<div class=\"row\"  id=\"row-438315985\">\n\n\n\t<div id=\"col-1936651644\" class=\"col medium-5 small-12 large-5\"  >\n\t\t\t\t<div class=\"col-inner\"  >\n\t\t\t\n\t\t\t\n\n\t<div class=\"img has-hover x md-x lg-x y md-y lg-y\" id=\"image_1114001461\">\n\t\t\t\t\t\t\t\t<div class=\"img-inner dark\" >\n\t\t\t<img loading=\"lazy\" decoding=\"async\" width=\"352\" height=\"108\" src=\"https:\/\/tiendapadel5.com\/wp-content\/uploads\/2024\/05\/img-franquiciado-x3padelmalaga.png\" class=\"attachment-large size-large\" alt=\"x3padel es franquiciado de Padel5\" srcset=\"https:\/\/tiendapadel5.com\/wp-content\/uploads\/2024\/05\/img-franquiciado-x3padelmalaga.png 352w, https:\/\/tiendapadel5.com\/wp-content\/uploads\/2024\/05\/img-franquiciado-x3padelmalaga-300x92.png 300w\" sizes=\"(max-width: 352px) 100vw, 352px\" \/>\t\t\t\t\t\t\n\t\t\t\t\t<\/div>\n\t\t\t\t\t\t\t\t\n<style>\n#image_1114001461 {\n  width: 100%;\n}\n<\/style>\n\t<\/div>\n\t\n\n\n\t\t<\/div>\n\t\t\t\t\t<\/div>\n\n\t\n\n\t<div id=\"col-660567582\" class=\"col medium-7 small-12 large-7\"  >\n\t\t\t\t<div class=\"col-inner\"  >\n\t\t\t\n\t\t\t\n\n<h3><span style=\"font-size: 130%;\">X3 Padel<\/span><\/h3>\n<p><span style=\"font-size: 130%;\">Web: x3padel.es<\/span><\/p>\n<p><span style=\"font-size: 130%;\">Endere\u00e7o: Calle Miguel de Cervantes, 1<\/span><\/p>\n<p><span style=\"font-size: 130%;\">29730, Rinc\u00f3n de la Victoria (M\u00e1laga)<\/span><\/p>\n<p><span style=\"font-size: 130%;\">Espanha<\/span><\/p>\n\n\t\t<\/div>\n\t\t\t\t\t<\/div>\n\n\t\n\n<\/div>\n<div class=\"row\"  id=\"row-1309124611\">\n\n\n\t<div id=\"col-114429086\" class=\"col medium-5 small-12 large-5\"  >\n\t\t\t\t<div class=\"col-inner\"  >\n\t\t\t\n\t\t\t\n\n\t<div class=\"img has-hover x md-x lg-x y md-y lg-y\" id=\"image_1581408365\">\n\t\t\t\t\t\t\t\t<div class=\"img-inner dark\" >\n\t\t\t<img loading=\"lazy\" decoding=\"async\" width=\"800\" height=\"509\" src=\"https:\/\/tiendapadel5.com\/wp-content\/uploads\/2025\/10\/tienda-padel-italia-800x509.jpeg\" class=\"attachment-large size-large\" alt=\"tienda padel Italia\" srcset=\"https:\/\/tiendapadel5.com\/wp-content\/uploads\/2025\/10\/tienda-padel-italia-800x509.jpeg 800w, https:\/\/tiendapadel5.com\/wp-content\/uploads\/2025\/10\/tienda-padel-italia-400x254.jpeg 400w, https:\/\/tiendapadel5.com\/wp-content\/uploads\/2025\/10\/tienda-padel-italia-300x191.jpeg 300w, https:\/\/tiendapadel5.com\/wp-content\/uploads\/2025\/10\/tienda-padel-italia-768x488.jpeg 768w, https:\/\/tiendapadel5.com\/wp-content\/uploads\/2025\/10\/tienda-padel-italia-1536x976.jpeg 1536w, https:\/\/tiendapadel5.com\/wp-content\/uploads\/2025\/10\/tienda-padel-italia.jpeg 1600w\" sizes=\"(max-width: 800px) 100vw, 800px\" \/>\t\t\t\t\t\t\n\t\t\t\t\t<\/div>\n\t\t\t\t\t\t\t\t\n<style>\n#image_1581408365 {\n  width: 100%;\n}\n<\/style>\n\t<\/div>\n\t\n\n\n\t\t<\/div>\n\t\t\t\t\t<\/div>\n\n\t\n\n\t<div id=\"col-1904445420\" class=\"col medium-7 small-12 large-7\"  >\n\t\t\t\t<div class=\"col-inner\"  >\n\t\t\t\n\t\t\t\n\n\t<div id=\"gap-450342107\" class=\"gap-element clearfix\" style=\"display:block; height:auto;\">\n\t\t\n<style>\n#gap-450342107 {\n  padding-top: 30px;\n}\n<\/style>\n\t<\/div>\n\t\n\n<div class=\"elementor-column elementor-col-50 elementor-top-column elementor-element elementor-element-7af2822 exad-glass-effect-no exad-sticky-section-no\" data-id=\"7af2822\" data-element_type=\"column\">\n<div class=\"elementor-widget-wrap elementor-element-populated\">\n<div class=\"elementor-element elementor-element-a83d3eb exad-sticky-section-no exad-glass-effect-no elementor-widget elementor-widget-text-editor\" data-id=\"a83d3eb\" data-element_type=\"widget\" data-widget_type=\"text-editor.default\">\n<div class=\"elementor-widget-container\">\n<h3>A.S.D. BOLA PADEL CLUB<\/h3>\n<p><span style=\"font-size: 130%;\">Endere\u00e7o: Viale Virgilio Lavori 9\/B<\/span><\/p>\n<p><span style=\"font-size: 130%;\">97019, Vittoria (Ragusa)<\/span><\/p>\n<p><span style=\"font-size: 130%;\">It\u00e1lia<\/span><\/p>\n<\/div>\n<\/div>\n<\/div>\n<\/div>\n\n\t\t<\/div>\n\t\t\t\t\t<\/div>\n\n\t\n\n<\/div>\n<div class=\"row\"  id=\"row-2085413341\">\n\n\n\t<div id=\"col-988780644\" class=\"col medium-5 small-12 large-5\"  >\n\t\t\t\t<div class=\"col-inner\"  >\n\t\t\t\n\t\t\t\n\n\t<div class=\"img has-hover x md-x lg-x y md-y lg-y\" id=\"image_75926622\">\n\t\t\t\t\t\t\t\t<div class=\"img-inner dark\" >\n\t\t\t<img loading=\"lazy\" decoding=\"async\" width=\"800\" height=\"558\" src=\"https:\/\/tiendapadel5.com\/wp-content\/uploads\/2025\/10\/tienda-padel-malaga-800x558.jpg\" class=\"attachment-large size-large\" alt=\"tienda padel malaga\" srcset=\"https:\/\/tiendapadel5.com\/wp-content\/uploads\/2025\/10\/tienda-padel-malaga-800x558.jpg 800w, https:\/\/tiendapadel5.com\/wp-content\/uploads\/2025\/10\/tienda-padel-malaga-400x279.jpg 400w, https:\/\/tiendapadel5.com\/wp-content\/uploads\/2025\/10\/tienda-padel-malaga-300x209.jpg 300w, https:\/\/tiendapadel5.com\/wp-content\/uploads\/2025\/10\/tienda-padel-malaga-768x535.jpg 768w, https:\/\/tiendapadel5.com\/wp-content\/uploads\/2025\/10\/tienda-padel-malaga-1536x1070.jpg 1536w, https:\/\/tiendapadel5.com\/wp-content\/uploads\/2025\/10\/tienda-padel-malaga.jpg 1663w\" sizes=\"(max-width: 800px) 100vw, 800px\" \/>\t\t\t\t\t\t\n\t\t\t\t\t<\/div>\n\t\t\t\t\t\t\t\t\n<style>\n#image_75926622 {\n  width: 100%;\n}\n<\/style>\n\t<\/div>\n\t\n\n\n\t\t<\/div>\n\t\t\t\t\t<\/div>\n\n\t\n\n\t<div id=\"col-786475137\" class=\"col medium-7 small-12 large-7\"  >\n\t\t\t\t<div class=\"col-inner\"  >\n\t\t\t\n\t\t\t\n\n\t<div id=\"gap-84811763\" class=\"gap-element clearfix\" style=\"display:block; height:auto;\">\n\t\t\n<style>\n#gap-84811763 {\n  padding-top: 30px;\n}\n<\/style>\n\t<\/div>\n\t\n\n<h3><span style=\"font-size: 130%;\">Loja em M\u00e1laga<\/span><\/h3>\n<p><span style=\"font-size: 130%;\">Endere\u00e7o: Calle Pac\u00edfico 32<\/span><\/p>\n<p><span style=\"font-size: 130%;\">29004, M\u00e1laga<\/span><\/p>\n<p><span style=\"font-size: 130%;\">Espanha<\/span><\/p>\n\n\t\t<\/div>\n\t\t\t\t\t<\/div>\n\n\t\n\n<\/div>\n\n","protected":false},"excerpt":{"rendered":"","protected":false},"author":1045,"featured_media":0,"parent":0,"menu_order":0,"comment_status":"closed","ping_status":"closed","template":"","meta":{"_joinchat":[],"footnotes":""},"class_list":["post-144498","page","type-page","status-publish","hentry"],"_links":{"self":[{"href":"https:\/\/tiendapadel5.com\/pt-pt\/wp-json\/wp\/v2\/pages\/144498","targetHints":{"allow":["GET"]}}],"collection":[{"href":"https:\/\/tiendapadel5.com\/pt-pt\/wp-json\/wp\/v2\/pages"}],"about":[{"href":"https:\/\/tiendapadel5.com\/pt-pt\/wp-json\/wp\/v2\/types\/page"}],"author":[{"embeddable":true,"href":"https:\/\/tiendapadel5.com\/pt-pt\/wp-json\/wp\/v2\/users\/1045"}],"replies":[{"embeddable":true,"href":"https:\/\/tiendapadel5.com\/pt-pt\/wp-json\/wp\/v2\/comments?post=144498"}],"version-history":[{"count":0,"href":"https:\/\/tiendapadel5.com\/pt-pt\/wp-json\/wp\/v2\/pages\/144498\/revisions"}],"wp:attachment":[{"href":"https:\/\/tiendapadel5.com\/pt-pt\/wp-json\/wp\/v2\/media?parent=144498"}],"curies":[{"name":"wp","href":"https:\/\/api.w.org\/{rel}","templated":true}]}}