{"id":82709,"date":"2023-07-31T08:01:26","date_gmt":"2023-07-31T07:01:26","guid":{"rendered":"https:\/\/tiendapadel5.com\/starvie-raptor-2021\/"},"modified":"2023-07-31T08:01:26","modified_gmt":"2023-07-31T07:01:26","slug":"starvie-raptor-2021","status":"publish","type":"product","link":"https:\/\/tiendapadel5.com\/nl\/starvie-raptor-2021\/","title":{"rendered":"Starvie Raptor 2021"},"content":{"rendered":"<p><strong style=\"font-size: 20.16px; color: #333333;\"><br \/>\nJ\u00c1T\u00c9K<br \/>\nGOLY\u00d3 KIMENETI TELJES\u00cdTM\u00c9NY : 90%.<br \/>\nELLEN\u0150RZ\u00c9S : 100%-OS ELLEN\u0150RZ\u00c9S : 100%-OS ELLEN\u0150RZ\u00c9S : 100%-OS ELLEN\u0150RZ\u00c9S : 100%-OS ELLEN\u0150RZ\u00c9S : 100%-OS ELLEN\u0150RZ\u00c9S : 100%-OS ELLEN\u0150RZ\u00c9S : 100%-OS ELLEN\u0150RZ\u00c9S : 100%-OS ELLEN\u0150RZ\u00c9S : 100%-OS ELLEN\u0150RZ\u00c9S : 100%-OS ELLEN\u0150RZ\u00c9S : 100%-OS ELLEN\u0150RZ\u00c9S<br \/>\nTELJES\u00cdTM\u00c9NY : 95%.<br \/>\nAlak : Kerek<br \/>\nProfil : 38 mm<br \/>\nGumi : Puha s\u0171r\u0171s\u00e9g\u0171<br \/>\nMag: Sz\u00e9n<br \/>\nCs\u00f6ves: Carbon<br \/>\nS\u00faly : 350\/385g<\/strong><\/p>\n<p><strong style=\"font-size: 20.16px; color: #333333;\">Tartalmazza: <\/strong><strong>Tornazs\u00e1k.<\/strong><\/p>\n","protected":false},"excerpt":{"rendered":"<p>A Starvie Raptor 2021 100%-ban karbonb\u00f3l k\u00e9sz\u00fclt, \u00edgy nagy teljes\u00edtm\u00e9ny\u0171 \u00e9s tart\u00f3s \u00fct\u0151.<\/p>\n","protected":false},"featured_media":0,"comment_status":"open","ping_status":"closed","template":"","meta":{"_joinchat":[]},"pwb-brand":[],"product_brand":[],"product_cat":[26],"product_tag":[],"class_list":{"0":"post-82709","1":"product","2":"type-product","3":"status-publish","5":"product_cat-outlet-de-padel","7":"first","8":"instock","9":"sale","10":"taxable","11":"shipping-taxable","12":"purchasable","13":"product-type-simple"},"brands":[],"_links":{"self":[{"href":"https:\/\/tiendapadel5.com\/nl\/wp-json\/wp\/v2\/product\/82709","targetHints":{"allow":["GET"]}}],"collection":[{"href":"https:\/\/tiendapadel5.com\/nl\/wp-json\/wp\/v2\/product"}],"about":[{"href":"https:\/\/tiendapadel5.com\/nl\/wp-json\/wp\/v2\/types\/product"}],"replies":[{"embeddable":true,"href":"https:\/\/tiendapadel5.com\/nl\/wp-json\/wp\/v2\/comments?post=82709"}],"version-history":[{"count":0,"href":"https:\/\/tiendapadel5.com\/nl\/wp-json\/wp\/v2\/product\/82709\/revisions"}],"wp:attachment":[{"href":"https:\/\/tiendapadel5.com\/nl\/wp-json\/wp\/v2\/media?parent=82709"}],"wp:term":[{"taxonomy":"pwb-brand","embeddable":true,"href":"https:\/\/tiendapadel5.com\/nl\/wp-json\/wp\/v2\/pwb-brand?post=82709"},{"taxonomy":"product_brand","embeddable":true,"href":"https:\/\/tiendapadel5.com\/nl\/wp-json\/wp\/v2\/product_brand?post=82709"},{"taxonomy":"product_cat","embeddable":true,"href":"https:\/\/tiendapadel5.com\/nl\/wp-json\/wp\/v2\/product_cat?post=82709"},{"taxonomy":"product_tag","embeddable":true,"href":"https:\/\/tiendapadel5.com\/nl\/wp-json\/wp\/v2\/product_tag?post=82709"}],"curies":[{"name":"wp","href":"https:\/\/api.w.org\/{rel}","templated":true}]}}