{"id":75110,"date":"2023-06-30T07:57:22","date_gmt":"2023-06-30T06:57:22","guid":{"rendered":"https:\/\/tiendapadel5.com\/?post_type=product&#038;p=75110"},"modified":"2026-03-11T17:16:25","modified_gmt":"2026-03-11T16:16:25","slug":"pantalon-wilson-team-ii-gris","status":"publish","type":"product","link":"https:\/\/tiendapadel5.com\/nl\/pantalon-wilson-team-ii-gris\/","title":{"rendered":"Pantal\u00f3n Wilson Team II Gris"},"content":{"rendered":"<p>CUERPO: Algod\u00f3n; 85%, 15% Ray\u00f3n<\/p>\n<p>BOLSILLOS: 100% Algod\u00f3n, 85% Algod\u00f3n, 15% Ray\u00f3n<\/p>\n<p>PARTE DE LA FIBRA: 98% Algod\u00f3n, 85% Algod\u00f3n, 15% Ray\u00f3n, 2% Elastano (Spandex)<\/p>\n","protected":false},"excerpt":{"rendered":"<p>El Pantal\u00f3n Wilson Team II Gris es elegante y c\u00f3modo para completar tu equipamiento de p\u00e1del.<\/p>\n","protected":false},"featured_media":75121,"comment_status":"open","ping_status":"closed","template":"","meta":{"_joinchat":[]},"pwb-brand":[37],"product_brand":[],"product_cat":[9876,9885,9860,2366,2371,2676],"product_tag":[6804,9491,2390,2403,2385],"class_list":{"0":"post-75110","1":"product","2":"type-product","3":"status-publish","4":"has-post-thumbnail","6":"pwb-brand-wilson","7":"product_cat-black-friday-padel-pt-pt","8":"product_cat-roupa","9":"product_cat-cyber-monday-padel-pt-pt","10":"product_cat-roupa-para-padel","11":"product_cat-roupa-para-padel-houmem","12":"product_cat-roupa-para-padel-wilson","13":"product_tag-cinzento","14":"product_tag-ii-pt-pt","15":"product_tag-calcas","16":"product_tag-equipa","17":"product_tag-wilson-pt-pt","18":"pa_talla-l-pt-pt","19":"pa_talla-m-pt-pt","21":"first","22":"instock","23":"sale","24":"taxable","25":"shipping-taxable","26":"purchasable","27":"product-type-variable"},"brands":[{"id":37,"name":"Wilson","slug":"wilson"}],"_links":{"self":[{"href":"https:\/\/tiendapadel5.com\/nl\/wp-json\/wp\/v2\/product\/75110","targetHints":{"allow":["GET"]}}],"collection":[{"href":"https:\/\/tiendapadel5.com\/nl\/wp-json\/wp\/v2\/product"}],"about":[{"href":"https:\/\/tiendapadel5.com\/nl\/wp-json\/wp\/v2\/types\/product"}],"replies":[{"embeddable":true,"href":"https:\/\/tiendapadel5.com\/nl\/wp-json\/wp\/v2\/comments?post=75110"}],"version-history":[{"count":1,"href":"https:\/\/tiendapadel5.com\/nl\/wp-json\/wp\/v2\/product\/75110\/revisions"}],"predecessor-version":[{"id":255966,"href":"https:\/\/tiendapadel5.com\/nl\/wp-json\/wp\/v2\/product\/75110\/revisions\/255966"}],"wp:featuredmedia":[{"embeddable":true,"href":"https:\/\/tiendapadel5.com\/nl\/wp-json\/wp\/v2\/media\/75121"}],"wp:attachment":[{"href":"https:\/\/tiendapadel5.com\/nl\/wp-json\/wp\/v2\/media?parent=75110"}],"wp:term":[{"taxonomy":"pwb-brand","embeddable":true,"href":"https:\/\/tiendapadel5.com\/nl\/wp-json\/wp\/v2\/pwb-brand?post=75110"},{"taxonomy":"product_brand","embeddable":true,"href":"https:\/\/tiendapadel5.com\/nl\/wp-json\/wp\/v2\/product_brand?post=75110"},{"taxonomy":"product_cat","embeddable":true,"href":"https:\/\/tiendapadel5.com\/nl\/wp-json\/wp\/v2\/product_cat?post=75110"},{"taxonomy":"product_tag","embeddable":true,"href":"https:\/\/tiendapadel5.com\/nl\/wp-json\/wp\/v2\/product_tag?post=75110"}],"curies":[{"name":"wp","href":"https:\/\/api.w.org\/{rel}","templated":true}]}}